{"id":36648,"date":"2024-12-03T18:14:42","date_gmt":"2024-12-03T17:14:42","guid":{"rendered":"http:\/\/igel.wovodo.de:8085\/product\/diesel-star-160-4-2-automatic-12v-mit-zubehoer-paket-1\/"},"modified":"2025-01-27T12:32:39","modified_gmt":"2025-01-27T11:32:39","slug":"diesel-star-160-4-2-automatic-12v-mit-zubehoer-paket-1","status":"publish","type":"product","link":"http:\/\/igel.wovodo.de:8085\/ru\/product\/diesel-star-160-4-2-automatic-12v-mit-zubehoer-paket-1\/","title":{"rendered":"Diesel Star 160-4.2 &#8211; Automatic 12V mit Zubeh\u00f6r Paket 1"},"content":{"rendered":"<div class=\"sale_application\">\n<ul>\n<li>Bef\u00fcllen, Umpumpen, Umf\u00fcllen, Entleeren von Diesel- und Heiz\u00f6ltanks<\/li>\n<li>mit Klemmen zum Anschluss an 12V-Batterien<\/li>\n<\/ul>\n<\/div>\n<div class=\"sale_description\">\n<p>Die DIESEL STAR 160-4.2 &#8211; Automatic ist eine selbstansaugende<b> elektrische 12-Volt-Dieselpumpe. Mit den mitgelieferten Klemmen kann die saugstarke Dieselpumpe einfach und \u00fcberall an eine 12V Batterie angeschlossen werden. So macht das Umtanken Spa\u00df und bleibt eine saubere Sache!<\/b><\/p>\n<p><iframe width=\"560\" height=\"315\" src=\"https:\/\/www.youtube-nocookie.com\/embed\/qrQrBsyESlg?si=kKX56hAeGx8UW9BP&#038;rel=0\" title=\"YouTube video player\" frameborder=\"0\" allow=\"accelerometer; autoplay; clipboard-write; encrypted-media; gyroscope; picture-in-picture; web-share\" allowfullscreen=\"\"><\/iframe><\/p>\n<p>Die 12V Dieselpumpe <b>mit START\/STOP Automatik<\/b> ist <b>selbstansaugend<\/b> nach erster Bef\u00fcllung\/Entl\u00fcftung. Die maximale F\u00f6rderleistung der 12-Volt-Dieselpumpe betr\u00e4gt 2700 l\/ h, die maximale F\u00f6rderh\u00f6he 10 m.\n<\/p>\n<p>Die Automatik-Pumpe <b>mit R\u00fcckschlagventil<\/b> schaltet sich beim Bet\u00e4tigen der Zapfpistole selbst\u00e4ndig an und schaltet sich ab, wenn die Zapfpistole geschlossen wird. Das ist nicht nur bequem, sondern sch\u00fctzt die Pumpe vor unn\u00f6tigem Verschlei\u00df. So h\u00e4lt diese Pumpe l\u00e4nger!<\/p>\n<p>Bitte beachten: Die F\u00f6rderleistung nimmt bei steigender F\u00f6rderh\u00f6he entsprechend ab.<\/p>\n<p>Das isolierende Kunststoffgeh\u00e4use der 12-Volt-Dieselpumpe sorgt f\u00fcr eine sichere Handhabung. Der Ein- und Ausschalter hat eine Sicherheitsvorrichtung.<\/p>\n<p>Alle Pumpen sind EINZELST\u00dcCK-gepr\u00fcft auf Ihre Funktion. Daher k\u00f6nnen Reste der Pr\u00fcffl\u00fcssigkeit in der Pumpe \/ Verpackung vorhanden sein.<\/p>\n<p>Hinweis: Die Pumpen und die Saugleitung sind bei der Inbetriebnahme blasenfrei mit Diesel zu bef\u00fcllen. Das R\u00fcckschlagventil muss unbedingt am Ende der Saugleitung montiert und dicht sein.<\/p>\n<\/p>\n<h3>Inklusive Zubeh\u00f6r Paket 1<\/h3>\n<p>Bew\u00e4hrte Qualit\u00e4t: Zubeh\u00f6r-Set f\u00fcr Dieselpumpen und Wasserpumpen! Diesel-Zapfpistole mit Schlauch, R\u00fcckschlagventil sowie Anschlusszubeh\u00f6r.<\/p>\n<p>Die Zapfpistole ist aus Aluminium gefertigt und kann sowohl bei Dieselpumpen, als auch Wasserpumpen zum Einsatz gebracht werden. Das R\u00fcckschlagventil besteht in Teilen aus hochwertigem Messing. Der PVC-Schlauch hat einen Durchmesser von 1 Zoll und eine L\u00e4nge von 6 Metern. Dieser kann problemlos selbst auf die gew\u00fcnschte L\u00e4nge zugeschnitten werden.<\/p>\n<p>Zum Dieselpumpen-Set erhalten Sie neben Zapfpistole, Schlauch und R\u00fcckschlagventil au\u00dferdem 2 Messing-T\u00fcllen (2 x 1 Zoll) und 2 Stahl-Schlauchschellen!<\/p>\n<p>Diese Aluminium-Zapfpistole mit Durchfluss-Verrastung sowie das mitgelieferte Zubeh\u00f6r sind sowohl f\u00fcr den Einsatz mit Dieselpumpen\/ Heiz\u00f6lpumpen\/ Kraftstoffpumpen, als auch f\u00fcr den Einsatz mit Wasserpumpen aller Art geeignet.<\/p>\n<\/p>\n<\/div>\n<h3>\u041c\u043d\u043e\u0433\u043e \u0432\u0435\u0441\u043a\u0438\u0445 \u043f\u0440\u0438\u0447\u0438\u043d, \u043f\u043e \u043a\u043e\u0442\u043e\u0440\u044b\u043c \u0432\u044b \u0434\u043e\u043b\u0436\u043d\u044b \u043a\u0443\u043f\u0438\u0442\u044c \u044d\u0442\u043e\u0442 \u043f\u0440\u043e\u0434\u0443\u043a\u0442:<\/h3>\n<div class=\"sale_motive\">\n<ul>\n<li><b><font color=\"#ff0000\">Mit START\/STOP Automatik f\u00fcr optimale Handhabung und Pumpenschutz<\/font><\/b><\/li>\n<li>Saugstark, selbstansaugend und bequem<\/li>\n<li>Ideal f\u00fcr den mobilen Einsatz<\/li>\n<li>Bew\u00e4hrte Qualit\u00e4t<\/li>\n<li>F\u00f6rdermenge max. 2.700l\/h<\/li>\n<li>Sichere Handhabung durch isolierendes Kunststoff-Geh\u00e4use<\/li>\n<li>&#8220;Ein&#8221;-und &#8220;Aus&#8221;-Schalter mit Sicherheitsvorrichtung<\/li>\n<\/ul>\n<ul>\n<li>mit zus\u00e4tzlichem Zubeh\u00f6r Paket 1, inkl. Schlauch, R\u00fcckschlagventil und Zapfpistole&#8230;<\/li>\n<\/ul>\n<\/div>","protected":false},"excerpt":{"rendered":"<p>Dieselpumpe mit 2 T\u00fcllen und mit Zuberh\u00f6r Paket 1<br \/>\nmax. F\u00f6rdermenge 2700 l\/ h | max. F\u00f6rderh\u00f6he 10 m<\/p>\n<p>Neu! Mit weiterer Zubeh\u00f6r-Auswahl!<\/p>","protected":false},"featured_media":36647,"comment_status":"open","ping_status":"closed","template":"","meta":[],"product_cat":[228,324,436],"product_tag":[],"class_list":{"0":"post-36648","1":"product","2":"type-product","3":"status-publish","4":"has-post-thumbnail","6":"product_cat-diesel-pumpen-sets","7":"product_cat-12v-pumpen","8":"product_cat-automatic-pumpen","10":"first","11":"instock","12":"taxable","13":"shipping-taxable","14":"purchasable","15":"product-type-simple"},"_links":{"self":[{"href":"http:\/\/igel.wovodo.de:8085\/ru\/wp-json\/wp\/v2\/product\/36648","targetHints":{"allow":["GET"]}}],"collection":[{"href":"http:\/\/igel.wovodo.de:8085\/ru\/wp-json\/wp\/v2\/product"}],"about":[{"href":"http:\/\/igel.wovodo.de:8085\/ru\/wp-json\/wp\/v2\/types\/product"}],"replies":[{"embeddable":true,"href":"http:\/\/igel.wovodo.de:8085\/ru\/wp-json\/wp\/v2\/comments?post=36648"}],"version-history":[{"count":2,"href":"http:\/\/igel.wovodo.de:8085\/ru\/wp-json\/wp\/v2\/product\/36648\/revisions"}],"predecessor-version":[{"id":38500,"href":"http:\/\/igel.wovodo.de:8085\/ru\/wp-json\/wp\/v2\/product\/36648\/revisions\/38500"}],"wp:featuredmedia":[{"embeddable":true,"href":"http:\/\/igel.wovodo.de:8085\/ru\/wp-json\/wp\/v2\/media\/36647"}],"wp:attachment":[{"href":"http:\/\/igel.wovodo.de:8085\/ru\/wp-json\/wp\/v2\/media?parent=36648"}],"wp:term":[{"taxonomy":"product_cat","embeddable":true,"href":"http:\/\/igel.wovodo.de:8085\/ru\/wp-json\/wp\/v2\/product_cat?post=36648"},{"taxonomy":"product_tag","embeddable":true,"href":"http:\/\/igel.wovodo.de:8085\/ru\/wp-json\/wp\/v2\/product_tag?post=36648"}],"curies":[{"name":"wp","href":"https:\/\/api.w.org\/{rel}","templated":true}]}}