{"id":36243,"date":"2024-12-03T18:08:32","date_gmt":"2024-12-03T17:08:32","guid":{"rendered":"http:\/\/igel.wovodo.de:8085\/product\/universal-firnis-glaenzend-400-ml-schmincke-50-590\/"},"modified":"2025-01-27T12:28:32","modified_gmt":"2025-01-27T11:28:32","slug":"universal-firnis-glaenzend-400-ml-schmincke-50-590","status":"publish","type":"product","link":"http:\/\/igel.wovodo.de:8085\/ru\/product\/universal-firnis-glaenzend-400-ml-schmincke-50-590\/","title":{"rendered":"Universal-Firnis gl\u00e4nzend 400 ml, Schmincke 50 590"},"content":{"rendered":"<div class=\"sale_description\">\n<p>Kunstharzfirnisse mit UV-Schutz f\u00fcr diverse Maltechniken (z. B. \u00d6l-, Acryl-, Gouache, aber auch f\u00fcr Inkjet-Ausdrucke, Kunstdrucke oder Fotos). gl\u00e4nzend; elastisch; nicht gilbend; alterungsbest\u00e4ndig; schnell trocknend.<\/p>\n<p>Inhalt: 400 ml<br \/>\nEnth\u00e4lt: Propan\/Butan, Acrylharz, UV-Absorber, Testbenzin<\/p>\n<\/div>","protected":false},"excerpt":{"rendered":"<p>Kunstharzfirnisse mit UV-Schutz<\/p>","protected":false},"featured_media":36242,"comment_status":"open","ping_status":"closed","template":"","meta":[],"product_cat":[415,426],"product_tag":[],"class_list":{"0":"post-36243","1":"product","2":"type-product","3":"status-publish","4":"has-post-thumbnail","6":"product_cat-hilfsmittel","7":"product_cat-hilfsmittel-farben-fa-schmincke-airbrush-farben-profi-airbrush","9":"first","10":"instock","11":"taxable","12":"shipping-taxable","13":"purchasable","14":"product-type-simple"},"_links":{"self":[{"href":"http:\/\/igel.wovodo.de:8085\/ru\/wp-json\/wp\/v2\/product\/36243","targetHints":{"allow":["GET"]}}],"collection":[{"href":"http:\/\/igel.wovodo.de:8085\/ru\/wp-json\/wp\/v2\/product"}],"about":[{"href":"http:\/\/igel.wovodo.de:8085\/ru\/wp-json\/wp\/v2\/types\/product"}],"replies":[{"embeddable":true,"href":"http:\/\/igel.wovodo.de:8085\/ru\/wp-json\/wp\/v2\/comments?post=36243"}],"version-history":[{"count":1,"href":"http:\/\/igel.wovodo.de:8085\/ru\/wp-json\/wp\/v2\/product\/36243\/revisions"}],"predecessor-version":[{"id":38985,"href":"http:\/\/igel.wovodo.de:8085\/ru\/wp-json\/wp\/v2\/product\/36243\/revisions\/38985"}],"wp:featuredmedia":[{"embeddable":true,"href":"http:\/\/igel.wovodo.de:8085\/ru\/wp-json\/wp\/v2\/media\/36242"}],"wp:attachment":[{"href":"http:\/\/igel.wovodo.de:8085\/ru\/wp-json\/wp\/v2\/media?parent=36243"}],"wp:term":[{"taxonomy":"product_cat","embeddable":true,"href":"http:\/\/igel.wovodo.de:8085\/ru\/wp-json\/wp\/v2\/product_cat?post=36243"},{"taxonomy":"product_tag","embeddable":true,"href":"http:\/\/igel.wovodo.de:8085\/ru\/wp-json\/wp\/v2\/product_tag?post=36243"}],"curies":[{"name":"wp","href":"https:\/\/api.w.org\/{rel}","templated":true}]}}