{"id":36202,"date":"2024-12-03T18:07:57","date_gmt":"2024-12-03T17:07:57","guid":{"rendered":"http:\/\/igel.wovodo.de:8085\/product\/aero-retarder-trocknung-28-ml-schmincke-50-607\/"},"modified":"2025-01-27T12:28:19","modified_gmt":"2025-01-27T11:28:19","slug":"aero-retarder-trocknung-28-ml-schmincke-50-607","status":"publish","type":"product","link":"http:\/\/igel.wovodo.de:8085\/ru\/product\/aero-retarder-trocknung-28-ml-schmincke-50-607\/","title":{"rendered":"AERO Retarder Trocknung 28 ml, Schmincke 50 607"},"content":{"rendered":"<div class=\"sale_description\">\n<p>Verz\u00f6gert die Trocknung von AERO COLOR&reg; Professional und verringert so auch Farbr\u00fcckst\u00e4nde auf der Airbrushnadel. Maximal-Zugabe: 1:1. Nicht pur verwenden!<\/p>\n<p>Inhalt: 28 ml<br \/>\nVerd\u00fcnnungsmittel: (Wasser)<br \/>\nEnth\u00e4lt: Alkohole, Additive, Wasser<\/p>\n<\/div>","protected":false},"excerpt":{"rendered":"<p>Trocknungsverz\u00f6gerer<\/p>","protected":false},"featured_media":36201,"comment_status":"open","ping_status":"closed","template":"","meta":[],"product_cat":[415,426],"product_tag":[],"class_list":{"0":"post-36202","1":"product","2":"type-product","3":"status-publish","4":"has-post-thumbnail","6":"product_cat-hilfsmittel","7":"product_cat-hilfsmittel-farben-fa-schmincke-airbrush-farben-profi-airbrush","9":"first","10":"instock","11":"taxable","12":"shipping-taxable","13":"purchasable","14":"product-type-simple"},"_links":{"self":[{"href":"http:\/\/igel.wovodo.de:8085\/ru\/wp-json\/wp\/v2\/product\/36202","targetHints":{"allow":["GET"]}}],"collection":[{"href":"http:\/\/igel.wovodo.de:8085\/ru\/wp-json\/wp\/v2\/product"}],"about":[{"href":"http:\/\/igel.wovodo.de:8085\/ru\/wp-json\/wp\/v2\/types\/product"}],"replies":[{"embeddable":true,"href":"http:\/\/igel.wovodo.de:8085\/ru\/wp-json\/wp\/v2\/comments?post=36202"}],"version-history":[{"count":0,"href":"http:\/\/igel.wovodo.de:8085\/ru\/wp-json\/wp\/v2\/product\/36202\/revisions"}],"wp:featuredmedia":[{"embeddable":true,"href":"http:\/\/igel.wovodo.de:8085\/ru\/wp-json\/wp\/v2\/media\/36201"}],"wp:attachment":[{"href":"http:\/\/igel.wovodo.de:8085\/ru\/wp-json\/wp\/v2\/media?parent=36202"}],"wp:term":[{"taxonomy":"product_cat","embeddable":true,"href":"http:\/\/igel.wovodo.de:8085\/ru\/wp-json\/wp\/v2\/product_cat?post=36202"},{"taxonomy":"product_tag","embeddable":true,"href":"http:\/\/igel.wovodo.de:8085\/ru\/wp-json\/wp\/v2\/product_tag?post=36202"}],"curies":[{"name":"wp","href":"https:\/\/api.w.org\/{rel}","templated":true}]}}