{"id":36142,"date":"2024-12-03T18:07:04","date_gmt":"2024-12-03T17:07:04","guid":{"rendered":"http:\/\/igel.wovodo.de:8085\/product\/diesel-star-160-4-2-automatic-230v-mit-zubehoer-paket-3\/"},"modified":"2025-01-27T12:27:58","modified_gmt":"2025-01-27T11:27:58","slug":"diesel-star-160-4-2-automatic-230v-mit-zubehoer-paket-3","status":"publish","type":"product","link":"http:\/\/igel.wovodo.de:8085\/ru\/product\/diesel-star-160-4-2-automatic-230v-mit-zubehoer-paket-3\/","title":{"rendered":"Diesel Star 160-4.2 &#8211; Automatic 230V mit Zubeh\u00f6r Paket 3"},"content":{"rendered":"<div class=\"sale_application\">\n<ul>\n<li>Bef\u00fcllen, Umpumpen, Umf\u00fcllen, Entleeren von Diesel- und Heiz\u00f6ltanks<\/li>\n<\/ul>\n<\/div>\n<div class=\"sale_description\">\n<p>Die DIESEL STAR 160-4.2 &#8211; Automatic ist eine selbstansaugende elektrische 230-Volt-Dieselpumpe.<\/p>\n<p>Die 230 Volt Dieselpumpe <b>mit START\/STOP Automatik<\/b> ist <b>selbstansaugend<\/b> nach erster Bef\u00fcllung\/Entl\u00fcftung. Die maximale F\u00f6rderleistung der 230V-Dieselpumpe betr\u00e4gt 2700 l\/ h, die maximale F\u00f6rderh\u00f6he 10 m.<\/p>\n<p>Die Automatik-Pumpe <b>mit R\u00fcckschlagventil<\/b> schaltet sich beim Bet\u00e4tigen der Zapfpistole selbst\u00e4ndig an und schaltet sich ab, wenn die Zapfpistole geschlossen wird. Das ist nicht nur bequem, sondern sch\u00fctzt die Pumpe vor unn\u00f6tigem Verschlei\u00df.<\/p>\n<p>Bitte beachten: Die F\u00f6rderleistung nimmt bei steigender F\u00f6rderh\u00f6he entsprechend ab.<\/p>\n<p>Das isolierende Kunststoffgeh\u00e4use der 230-Volt-Dieselpumpe sorgt f\u00fcr eine sichere Handhabung. Der Ein- und Ausschalter hat eine Sicherheitsvorrichtung.<\/p>\n<p>  <iframe width=\"560\" height=\"315\" src=\"https:\/\/www.youtube-nocookie.com\/embed\/4a2UMi1KyzQ?si=zdr4XyR7Phjm5wa0&#038;rel=0\" title=\"YouTube video player\" frameborder=\"0\" allow=\"accelerometer; autoplay; clipboard-write; encrypted-media; gyroscope; picture-in-picture; web-share\" allowfullscreen=\"\"><\/iframe><\/p>\n<p>Alle Pumpen sind EINZELST\u00dcCK-gepr\u00fcft auf Ihre Funktion. Daher k\u00f6nnen Reste der Pr\u00fcffl\u00fcssigkeit in der Pumpe \/ Verpackung vorhanden sein.<\/p>\n<p>Die Pumpen und die Saugleitung sind bei der Inbetriebnahme blasenfrei mit Diesel zu bef\u00fcllen. Das R\u00fcckschlagventil muss unbedingt am Ende der Saugleitung montiert und dicht sein.<\/p>\n<\/p>\n<h3>Inklusive Zubeh\u00f6r Paket 3<\/h3>\n<p><b>Umfangreiches Zubeh\u00f6r-Set<\/b> f\u00fcr Dieselpumpen und Heiz\u00f6lpumpen in bew\u00e4hrter Qualit\u00e4t: Das Diesel-Zubeh\u00f6r-Paket enth\u00e4lt eine Automatik-Diesel-Zapfpistole, einen robusten Gummi-Schlauch, einen Dieselfilter mit Geh\u00e4use, ein hochwertiges R\u00fcckschlagventil mit Bauteilen aus Messing, 2 Stahl-Schlauchschellen, 2 T\u00fcllen sowie 1 Drehgelenk.<\/p>\n<p>Bei der Diesel-Zapfpistole handelt es sich um eine <b>hochwertige Automatik-Zapfpistole mit Durchfluss-Verrastung<\/b>. Der Gummi-Schlauch hat eine L\u00e4nge von 6 Metern. Der Schlauch ist als Saug- und Druckschlauch verwendbar und kann problemlos selbst auf die passende L\u00e4nge zugeschnitten werden. Der robuste Gummi-Schlauch mit 1 Zoll Durchmesser ist \u00fcbrigens nicht nur f\u00fcr den Diesel- und Heiz\u00f6l-Durchfluss geeignet, sondern auch als Wasserschlauch in Anwendung mit allen Arten von Wasserpumpen (Tauchpumpen, Brunnenpumpen, Kreiselpumpen, Jetpumpen uvm.) einsetzbar.<\/p>\n<p><b>Dieser Diesel-Filter spart langfristig Wartungsarbeiten und Wartungskosten<\/b>, denn der der Kraftstoff-Tank (oder andere Umf\u00fcllbeh\u00e4lter f\u00fcr Diesel\/ Heiz\u00f6l\/ Krafstoff) bleibt frei von Ablagerungen. Der Filtereinsatz des Dieselfilters ist austauschbar. Das Geh\u00e4use des Dieselfilters l\u00e4sst sich abschrauben (wie bei PKW-Filtern \u00fcblich). Dann kann der alte Filter gegen einen neuen Filtereinsatz getauscht werden. Das Kopfteil bleibt in der Dieselleitung fest montiert. Passende Ersatzfilter sind in unserem Shop erh\u00e4ltlich.<\/p>\n<p>Erg\u00e4nzt wird das praktische Zubeh\u00f6r-Paket durch <b>Anschluss-Zubeh\u00f6r<\/b> wie T\u00fcllen, Schellen, Drehgelenk sowie einem <b>R\u00fcckschlagventil mit Bauteilen aus Messing.<\/b><\/p>\n<\/p>\n<\/div>\n<h3>\u041c\u043d\u043e\u0433\u043e \u0432\u0435\u0441\u043a\u0438\u0445 \u043f\u0440\u0438\u0447\u0438\u043d, \u043f\u043e \u043a\u043e\u0442\u043e\u0440\u044b\u043c \u0432\u044b \u0434\u043e\u043b\u0436\u043d\u044b \u043a\u0443\u043f\u0438\u0442\u044c \u044d\u0442\u043e\u0442 \u043f\u0440\u043e\u0434\u0443\u043a\u0442:<\/h3>\n<div class=\"sale_motive\">\n<ul>\n<li><b><font color=\"#ff0000\">Mit START\/STOP Automatik f\u00fcr optimale Handhabung und Pumpenschutz<\/font><\/b><\/li>\n<li>Saugstark, selbstansaugend und bequem<\/li>\n<li>Bew\u00e4hrte Qualit\u00e4t<\/li>\n<li>F\u00f6rdermenge max. 2.700l\/h<\/li>\n<li>Sichere Handhabung durch isolierendes Kunststoff-Geh\u00e4use<\/li>\n<li>&#8220;Ein&#8221;-und &#8220;Aus&#8221;-Schalter mit Sicherheitsvorrichtung<\/li>\n<\/ul>\n<ul>\n<li>mit zus\u00e4tzlichem Zubeh\u00f6r Paket 3, inkl. Schlauch, R\u00fcckschlagventil, Diesel-Filter und Zapfpistole&#8230;<\/li>\n<\/ul>\n<\/div>","protected":false},"excerpt":{"rendered":"<p>230-Volt-Diesel-Pumpe mit Start\/Stop Automatik mit Zubeh\u00f6r Paket 3<br \/>\nF\u00f6rdermenge max. 2700 l\/h<br \/>\nselbstansaugend | kraftvoll | robust<\/p>","protected":false},"featured_media":36141,"comment_status":"open","ping_status":"closed","template":"","meta":[],"product_cat":[228,229,436],"product_tag":[],"class_list":{"0":"post-36142","1":"product","2":"type-product","3":"status-publish","4":"has-post-thumbnail","6":"product_cat-diesel-pumpen-sets","7":"product_cat-230v-pumpen","8":"product_cat-automatic-pumpen","10":"first","11":"instock","12":"featured","13":"taxable","14":"shipping-taxable","15":"purchasable","16":"product-type-simple"},"_links":{"self":[{"href":"http:\/\/igel.wovodo.de:8085\/ru\/wp-json\/wp\/v2\/product\/36142","targetHints":{"allow":["GET"]}}],"collection":[{"href":"http:\/\/igel.wovodo.de:8085\/ru\/wp-json\/wp\/v2\/product"}],"about":[{"href":"http:\/\/igel.wovodo.de:8085\/ru\/wp-json\/wp\/v2\/types\/product"}],"replies":[{"embeddable":true,"href":"http:\/\/igel.wovodo.de:8085\/ru\/wp-json\/wp\/v2\/comments?post=36142"}],"version-history":[{"count":2,"href":"http:\/\/igel.wovodo.de:8085\/ru\/wp-json\/wp\/v2\/product\/36142\/revisions"}],"predecessor-version":[{"id":38333,"href":"http:\/\/igel.wovodo.de:8085\/ru\/wp-json\/wp\/v2\/product\/36142\/revisions\/38333"}],"wp:featuredmedia":[{"embeddable":true,"href":"http:\/\/igel.wovodo.de:8085\/ru\/wp-json\/wp\/v2\/media\/36141"}],"wp:attachment":[{"href":"http:\/\/igel.wovodo.de:8085\/ru\/wp-json\/wp\/v2\/media?parent=36142"}],"wp:term":[{"taxonomy":"product_cat","embeddable":true,"href":"http:\/\/igel.wovodo.de:8085\/ru\/wp-json\/wp\/v2\/product_cat?post=36142"},{"taxonomy":"product_tag","embeddable":true,"href":"http:\/\/igel.wovodo.de:8085\/ru\/wp-json\/wp\/v2\/product_tag?post=36142"}],"curies":[{"name":"wp","href":"https:\/\/api.w.org\/{rel}","templated":true}]}}