{"id":30726,"date":"2024-10-31T14:12:29","date_gmt":"2024-10-31T13:12:29","guid":{"rendered":"http:\/\/igel.wovodo.de:8085\/product\/pvc-diesel-spiral-schlauch-1-laenge-5m\/"},"modified":"2025-01-27T12:31:50","modified_gmt":"2025-01-27T11:31:50","slug":"pvc-diesel-spiral-schlauch-1-laenge-5m","status":"publish","type":"product","link":"http:\/\/igel.wovodo.de:8085\/ru\/product\/pvc-diesel-spiral-schlauch-1-laenge-5m\/","title":{"rendered":"PVC Diesel-Spiral-Schlauch 1&#8243;, L\u00e4nge 5m"},"content":{"rendered":"<div class=\"sale_application\">\n<ul>\n<li>Spiralverst\u00e4rkter PVC-Schlauch f\u00fcr Diesel, Heiz- und Schmier\u00f6len, Petroleum, F\u00e4kalien<\/li>\n<li>Innendurchmesser 25mm f\u00fcr 1&#8243;-T\u00fcllen<\/li>\n<\/ul>\n<\/div>\n<div class=\"sale_description\">\n<p>Der knickstabile Dieselschlauch aus PVC mit <b>Edelstahl-Spirale<\/b> ist innen und au\u00dfen glatt, cadmiumfrei und hat eine gute chemische Best\u00e4ndigkeit.<\/p>\n<p>Geeignet ist der PVC-Dieselschlauch zum Durchleiten von Diesel, Heiz\u00f6l, Schmier\u00f6len, Petroleum, F\u00e4kalien.<br \/>\n  <b>Der spiralverst\u00e4rkte Schlauch hat einen Innendurchmesser von 25mm und ist passend f\u00fcr den Anschluss an 1-Zoll-T\u00fcllen.<\/b><\/p>\n<\/div>\n<h3>\u041c\u043d\u043e\u0433\u043e \u0432\u0435\u0441\u043a\u0438\u0445 \u043f\u0440\u0438\u0447\u0438\u043d, \u043f\u043e \u043a\u043e\u0442\u043e\u0440\u044b\u043c \u0432\u044b \u0434\u043e\u043b\u0436\u043d\u044b \u043a\u0443\u043f\u0438\u0442\u044c \u044d\u0442\u043e\u0442 \u043f\u0440\u043e\u0434\u0443\u043a\u0442:<\/h3>\n<div class=\"sale_motive\">\n<ul>\n<li>mit <b>Edelstahl-Spirale<\/b><\/li>\n<li>max. Druck: 6bar<\/li>\n<li>cadmiumfrei<\/li>\n<li>gute chemische Best\u00e4ndigkeit<\/li>\n<li>Farbe: transparent<\/li>\n<li><b>knickstabil &amp; zugleich flexibel<\/b><\/li>\n<li>resistent gegen\u00fcber \u00d6l &amp; Benzin<\/li>\n<li>geeignet f\u00fcr Diesel, Heiz\u00f6l, Schmier\u00f6l, Petroleum, F\u00e4kalien<\/li>\n<\/ul>\n<\/div>","protected":false},"excerpt":{"rendered":"<p> Spiralverst\u00e4rkter PVC-Schlauch f\u00fcr<br \/>\n  Diesel, Heiz\u00f6l, Schmier\u00f6le, Petroleum, F\u00e4kalien<br \/>\n  max. Druck 6 bar<\/p>","protected":false},"featured_media":36954,"comment_status":"open","ping_status":"closed","template":"","meta":[],"product_cat":[260],"product_tag":[],"class_list":{"0":"post-30726","1":"product","2":"type-product","3":"status-publish","4":"has-post-thumbnail","6":"product_cat-diesel-schlauch","8":"first","9":"instock","10":"taxable","11":"shipping-taxable","12":"purchasable","13":"product-type-simple"},"_links":{"self":[{"href":"http:\/\/igel.wovodo.de:8085\/ru\/wp-json\/wp\/v2\/product\/30726","targetHints":{"allow":["GET"]}}],"collection":[{"href":"http:\/\/igel.wovodo.de:8085\/ru\/wp-json\/wp\/v2\/product"}],"about":[{"href":"http:\/\/igel.wovodo.de:8085\/ru\/wp-json\/wp\/v2\/types\/product"}],"replies":[{"embeddable":true,"href":"http:\/\/igel.wovodo.de:8085\/ru\/wp-json\/wp\/v2\/comments?post=30726"}],"version-history":[{"count":2,"href":"http:\/\/igel.wovodo.de:8085\/ru\/wp-json\/wp\/v2\/product\/30726\/revisions"}],"predecessor-version":[{"id":36101,"href":"http:\/\/igel.wovodo.de:8085\/ru\/wp-json\/wp\/v2\/product\/30726\/revisions\/36101"}],"wp:featuredmedia":[{"embeddable":true,"href":"http:\/\/igel.wovodo.de:8085\/ru\/wp-json\/wp\/v2\/media\/36954"}],"wp:attachment":[{"href":"http:\/\/igel.wovodo.de:8085\/ru\/wp-json\/wp\/v2\/media?parent=30726"}],"wp:term":[{"taxonomy":"product_cat","embeddable":true,"href":"http:\/\/igel.wovodo.de:8085\/ru\/wp-json\/wp\/v2\/product_cat?post=30726"},{"taxonomy":"product_tag","embeddable":true,"href":"http:\/\/igel.wovodo.de:8085\/ru\/wp-json\/wp\/v2\/product_tag?post=30726"}],"curies":[{"name":"wp","href":"https:\/\/api.w.org\/{rel}","templated":true}]}}