{"id":30684,"date":"2024-10-31T14:12:02","date_gmt":"2024-10-31T13:12:02","guid":{"rendered":"http:\/\/igel.wovodo.de:8085\/product\/b-ware-25-brunnenpumpe-brunnen-star-250-5\/"},"modified":"2025-01-27T12:31:39","modified_gmt":"2025-01-27T11:31:39","slug":"b-ware-25-brunnenpumpe-brunnen-star-250-5","status":"publish","type":"product","link":"http:\/\/igel.wovodo.de:8085\/ru\/product\/b-ware-25-brunnenpumpe-brunnen-star-250-5\/","title":{"rendered":"B-Ware 2,5&#8243;-Brunnenpumpe BRUNNEN-STAR 250-5"},"content":{"rendered":"<div class=\"sale_application\">\n<ul>\n<li> Tiefbrunnenbohrungen bis ca 30-40m Tiefe und ab ca 75mm Durchmesser<\/li>\n<li>f\u00fcr private und industrielle Anwendungen\n<\/li>\n<li>zur Hauswasserversorgung\n<\/li>\n<li>zur Bew\u00e4sserung\n<\/li>\n<li>zur Beregnung\n<\/li>\n<li>f\u00fcr Anwendungen im Umweltschutz\n<\/li>\n<li>bei Grundwasserabsenkung\n<\/li>\n<li>\u0434\u043b\u044f \u043d\u0430\u043f\u043e\u043b\u043d\u0435\u043d\u0438\u044f \u043a\u043e\u043d\u0442\u0435\u0439\u043d\u0435\u0440\u043e\u0432<\/li>\n<\/ul><\/div>\n<div class=\"sale_description\"> <font color=\"FF0000\"><b>B-Ware:<\/b><\/p>\n<ul>\n<li>leichte optische Fehler (z.B. kleine Kratzer etc.)<\/li>\n<li>voll funktionsf\u00e4higes Produkt<\/li>\n<li>reduzierte gesetzliche Gew\u00e4hrleistung auf max. 1 Jahr<\/li>\n<\/ul>\n<p><\/font><\/p>\n<p><strong>Robuste, stabile und besonders schlanke&nbsp;Tiefbrunnenpumpe aus rostfreiem Edelstahl<\/strong> f\u00fcr tiefe Brunnenbohrungen (bis ca 30-40m). Mit dieser robusten Brunnenpumpe ist die F\u00f6rderung von Wasser aus extrem tiefen Bohrungen, Brunnen bzw. Wasserreservoirs kein Problem. Diese Brunnenpumpe f\u00f6rdert mit hohem Druck weiter an die Abnahmestelle. Bei gleicher elektrischen Leistung f\u00f6rdert diese Pumpe dank der besonderen Bauweise wesentlich mehr Wasser als andere Tiefbrunnenpumpen. Daher bezeichnen wir diese Pumpe als echte ENERGIE-SPARPUMPE!\n<\/p>\n<p>Mit 2,5 Zoll wird die Brunnenpumpe zur Probleml\u00f6serin: Die schlanke Tiefbrunnenpumpe hat einen&nbsp;<strong>Durchmesser von nur 65mm<\/strong>. Die Brunnenpumpe kann optimal in engen Sch\u00e4chten mit einem Mindest-Durchmesser von 75mm eingesetzt werden.<\/p>\n<p>Die 2,5-Zoll-Brunnenpumpe ist eine <strong>mehrstufige zuverl\u00e4ssige Tauchdruckpumpe<\/strong>. Ein Kabel in der L\u00e4nge von 20m inkl. Stecker ist im Lieferumfang enthalten.<\/p>\n<p>Den optimalen Wirkungsgrad erreicht die Pumpe bei 25l\/min (1,5cbm\/h) und 25-30m F\u00f6rderh\u00f6he. Mit <strong>250 Watt<\/strong> Leistungsaufnahme ist diese Brunnenpumpe nicht nur eine Probleml\u00f6serin f\u00fcr enge Bohrungen, sondern auch eine echte <strong>Energiespar-Pumpe!<\/strong><\/p>\n<p style=\"font-weight:bold;color:red\">Hier wird auf Dauer bares Geld gespart!<\/p>\n<p>Noch mehr <b>Energie und Kosten sparen<\/b> Sie, wenn Sie Ihre Pumpe mit einem <b>effizienten<\/b> Pumpen-Inverter erg\u00e4nzen. Unterst\u00fctzen Sie mit intelligenter Technik den <b>Klima- und Umweltschutz, sparen Sie Stromkosten und sorgen teuren Reparaturen und Wartungsarbeiten<\/b> vor. Die Inverter-Steuerung sorgt f\u00fcr besonders schonenden Pumpenbetrieb frei von Druckschl\u00e4gen.<\/p>\n<p>Bitte beachten: F\u00fcr die richtige Funktion der INVERTER-Pumpensteuerung  MUSS ein Druckausdehnungsgef\u00e4\u00df \/Drucktank mit einem Mindestvolumen von 2L in der Druckleitung in unmittelbarer N\u00e4he der Steuerung vorhanden sein. Bei unserer Zubeh\u00f6r-Auswahl k\u00f6nnen Sie f\u00fcr einen kleinen Aufpreis einen hochwertigen Drucktank (2 oder 8L) mitbestellen.<\/p>\n<\/div>\n<h3>\u041c\u043d\u043e\u0433\u043e \u0432\u0435\u0441\u043a\u0438\u0445 \u043f\u0440\u0438\u0447\u0438\u043d, \u043f\u043e \u043a\u043e\u0442\u043e\u0440\u044b\u043c \u0432\u044b \u0434\u043e\u043b\u0436\u043d\u044b \u043a\u0443\u043f\u0438\u0442\u044c \u044d\u0442\u043e\u0442 \u043f\u0440\u043e\u0434\u0443\u043a\u0442:<\/h3>\n<div class=\"sale_motive\">\n<ul>\n<li>durch<span class=\"high\"> wartungs- und leckfreie mechanische Dichtung<\/span>(Graphite-Ceramic\/TC) sowie Dauerschmierung (\u00d6lkammer) hat die Pumpe viel h\u00f6here Lebensdauer als herk\u00f6mmliche Pumpen <\/li>\n<li>leistungsstarke, solide Qualit\u00e4ts-Tiefbrunnenpumpe mit max<span class=\"high\"> 4,7 bar<\/span> und max <span class=\"high\">2400L\/h<\/span><\/li>\n<li>f\u00fcr tiefe Brunnenbohrungen bis ca. 30-40m <\/li>\n<li class=\"high2&quot;\">Max. Pumpenbreite: 70mm  <\/li>\n<li>ausgezeichnetes Preis- \/ Leistungsverh\u00e4ltnis! <\/li>\n<li>solide, kompakt und zuverl\u00e4ssig <\/li>\n<li>robustes rostfreies Edelstahlgeh\u00e4use mit Messingteilen <\/li>\n<li>keine Ansaugung von Bodensediment durch seitliche Ansaugung <\/li>\n<li>hochwertiger gekapselter Elektromotor <\/li>\n<li>Steckerfertig! Kondensator in der Pumpe integriert (ein Vorteil, da die Verdrahtung durch Elektriker entf\u00e4llt)) <\/li>\n<\/ul>\n<\/div>","protected":false},"excerpt":{"rendered":"<p>Leistungsstarke, mehrstufige Brunnenpumpe mit 250Watt<br \/>F\u00f6rderdruck max. 4,7 bar&nbsp;| <span style=\"color: black\">Qmax.&nbsp;2400 L\/h<br \/><\/span>F\u00f6rderh\u00f6he max. 47m | Brunnentiefe&nbsp;ca. 30-40m<br \/>mit 20m Kabel und Stecker<\/p>\n<p><strong>Probleml\u00f6sung f\u00fcr enge Bohrungen:<br \/>Die 2,5-Zoll schlanke, energiesparende&nbsp;Brunnenpumpe!<\/strong><\/p>","protected":false},"featured_media":32684,"comment_status":"open","ping_status":"closed","template":"","meta":[],"product_cat":[214],"product_tag":[],"class_list":{"0":"post-30684","1":"product","2":"type-product","3":"status-publish","4":"has-post-thumbnail","6":"product_cat-b-ware-brunnenpumpen","8":"first","9":"instock","10":"sale","11":"taxable","12":"shipping-taxable","13":"purchasable","14":"product-type-simple"},"_links":{"self":[{"href":"http:\/\/igel.wovodo.de:8085\/ru\/wp-json\/wp\/v2\/product\/30684","targetHints":{"allow":["GET"]}}],"collection":[{"href":"http:\/\/igel.wovodo.de:8085\/ru\/wp-json\/wp\/v2\/product"}],"about":[{"href":"http:\/\/igel.wovodo.de:8085\/ru\/wp-json\/wp\/v2\/types\/product"}],"replies":[{"embeddable":true,"href":"http:\/\/igel.wovodo.de:8085\/ru\/wp-json\/wp\/v2\/comments?post=30684"}],"version-history":[{"count":1,"href":"http:\/\/igel.wovodo.de:8085\/ru\/wp-json\/wp\/v2\/product\/30684\/revisions"}],"predecessor-version":[{"id":35294,"href":"http:\/\/igel.wovodo.de:8085\/ru\/wp-json\/wp\/v2\/product\/30684\/revisions\/35294"}],"wp:featuredmedia":[{"embeddable":true,"href":"http:\/\/igel.wovodo.de:8085\/ru\/wp-json\/wp\/v2\/media\/32684"}],"wp:attachment":[{"href":"http:\/\/igel.wovodo.de:8085\/ru\/wp-json\/wp\/v2\/media?parent=30684"}],"wp:term":[{"taxonomy":"product_cat","embeddable":true,"href":"http:\/\/igel.wovodo.de:8085\/ru\/wp-json\/wp\/v2\/product_cat?post=30684"},{"taxonomy":"product_tag","embeddable":true,"href":"http:\/\/igel.wovodo.de:8085\/ru\/wp-json\/wp\/v2\/product_tag?post=30684"}],"curies":[{"name":"wp","href":"https:\/\/api.w.org\/{rel}","templated":true}]}}