{"id":30649,"date":"2024-10-31T14:11:41","date_gmt":"2024-10-31T13:11:41","guid":{"rendered":"http:\/\/igel.wovodo.de:8085\/product\/b-ware-solar-brunnen-granitschalen-kaskade-2-mit-liion-akku-und-led-licht\/"},"modified":"2025-01-27T12:31:29","modified_gmt":"2025-01-27T11:31:29","slug":"b-ware-solar-brunnen-granitschalen-kaskade-2-mit-liion-akku-und-led-licht","status":"publish","type":"product","link":"http:\/\/igel.wovodo.de:8085\/ru\/product\/b-ware-solar-brunnen-granitschalen-kaskade-2-mit-liion-akku-und-led-licht\/","title":{"rendered":"B-Ware Solar-Brunnen &#8220;GRANITSCHALEN-KASKADE-2&#8221; mit LiIon-Akku und LED-Licht"},"content":{"rendered":"<div class=\"sale_description\"> <font color=\"FF0000\"><b>B-Ware:<\/b><\/p>\n<ul>\n<li>leichte optische Fehler (z.B. kleine Kratzer etc.)<\/li>\n<li>voll funktionsf\u00e4higes Produkt<\/li>\n<li>reduzierte gesetzliche Gew\u00e4hrleistung auf max. 1 Jahr<\/li>\n<\/ul>\n<p><\/font><\/p>\n<p>Das <span class=\"high\">Solarbrunnen-Set <strong>Granitschalen-Kaskade-2<\/strong><\/span> setzt die Kraft der Sonne in flie\u00dfendes Wasser um. Hochwertige Komponenten bringen das Wasser in Bewegung, sobald das Sonnenlicht die Solarfl\u00e4che erreicht. Je st\u00e4rker die Sonne, umso intensiver wird das Wasserspiel! Das beruhigende Rauschen des Wassers gibt jedem Teich eine besondere Note und das im Sonnenlicht funkelnde Wasser ist stets der perfekte Blickfang. Flie\u00dfendes Wasser sorgt f\u00fcr noch mehr Wohlgef\u00fchl in Ihrem Garten &#8211; und f\u00fcr ein angenehmes Mikroklima an hei\u00dfen Sommertagen. So ist der solarbetriebene Zierbrunnen nicht nur dekorativ, sondern auch n\u00fctzlich.<\/p>\n<p class=\"high\"><strong>Solarbrunnen-Set Granitschalen-Kaskade-2- Das Lebensgef\u00fchl f\u00fcr Ihre Sonnen-Oase!<\/strong> <\/p>\n<p>Die Tauchpumpe hat einen integrierten Filter, der die Pumpe sch\u00fctzt. Das Solar-Panel ist mit einem hochwertigen, stabilen Alu-Rahmen ausgestattet.&nbsp;Das innovative Solar-Pumpensystem des Solar-Gartenbrunnens garantiert Ihnen jahrelange Freude. Es hat eine Lebensdauer \u00fcber 60.000 Stunden, in denen Sie die sch\u00f6nen Wasserl\u00e4ufe bewundern k\u00f6nnen, ohne an die stetig wachsenden Strompreise denken zu m\u00fcssen. <\/p>\n<p>  <strong>Produkt-Info zum Li-Ion-Akku:<\/strong><\/p>\n<p>Die innovativen Li-Ion-Akkus haben keinen Memory-Effekt. Das ist besonders bei h\u00e4ufigen Auf- und Entladevorg\u00e4ngen wie bei Solarteichpumpen enorm wichtig, um langfristig die <strong>optimale Akku-Kapazit\u00e4t<\/strong> zu erreichen. Die Li-Ion-Akkus sind wesentlich besser bez\u00fcglich Temperaturschwankungen als herk\u00f6mmliche Akkus. Es erwartet Sie ein l\u00e4nger andauerndes und lebendigeres Wasserspiel. Die Funktion des Solar-Brunnens startet bereits bei minimaler Aufladung &#8211; automatisch! Als <strong>Schutz vor Tiefentladung<\/strong> erfolgt eine automatische Abschaltung bei Erreichen des Mindest-Endladezustands. <strong>Kein Akku-Wechsel erforderlich!<\/strong> <b><font color=\"#048610\">Insgesamt haben die Li-Ion-Akkus im Vergleich zu herk\u00f6mmlichen Akkus eine 3 mal l\u00e4ngere Laufzeit und eine bis zu 10-FACHE Lebensdauer beim Betrieb mit Solarteichpumpe<br \/>\n!<\/font><\/b><\/p>\n<p><b><font color=\"#048610\"><br \/>\n<\/font><\/b><\/p>\n<div class=\"embed-responsive embed-responsive-16by9\"><b><font color=\"#048610\"><br \/>\n  <iframe src=\"https:\/\/www.youtube-nocookie.com\/embed\/ANVQFmc0Ntg?rel=0\" title=\"YouTube video player\" allow=\"accelerometer; autoplay; clipboard-write; encrypted-media; gyroscope; picture-in-picture\" allowfullscreen=\"\" width=\"560\" height=\"315\" frameborder=\"0\"><\/iframe><\/font><\/b><\/div>\n<p><b><font color=\"#048610\"><br \/>\n<\/font><\/b><\/p>\n<p><b><font color=\"#048610\"><\/p>\n<p><p style=\"font-size:11px;\"><b>\u042e\u0440\u0438\u0434\u0438\u0447\u0435\u0441\u043a\u043e\u0435 \u0443\u0432\u0435\u0434\u043e\u043c\u043b\u0435\u043d\u0438\u0435:<\/b> \u041d\u0430\u0448\u0438 \u0438\u0437\u0434\u0435\u043b\u0438\u044f \u043e\u043a\u0440\u0430\u0448\u0438\u0432\u0430\u044e\u0442\u0441\u044f \u0432\u0440\u0443\u0447\u043d\u0443\u044e, \u043f\u043e\u044d\u0442\u043e\u043c\u0443 \u043d\u0435\u0432\u043e\u0437\u043c\u043e\u0436\u043d\u043e \u0438\u0437\u0431\u0435\u0436\u0430\u0442\u044c \u043e\u0442\u043a\u043b\u043e\u043d\u0435\u043d\u0438\u0439 \u0432 \u0446\u0432\u0435\u0442\u0435. \u041a\u0440\u043e\u043c\u0435 \u0442\u043e\u0433\u043e, \u0438\u0437-\u0437\u0430 \u0443\u0441\u043b\u043e\u0432\u0438\u0439 \u043e\u0441\u0432\u0435\u0449\u0435\u043d\u0438\u044f \u043f\u0440\u0438 \u0441\u044a\u0435\u043c\u043a\u0435 \u0442\u043e\u0432\u0430\u0440\u0430 \u0438 \u0440\u0430\u0437\u043b\u0438\u0447\u043d\u044b\u0445 \u043d\u0430\u0441\u0442\u0440\u043e\u0435\u043a \u044d\u043a\u0440\u0430\u043d\u0430 \u0446\u0432\u0435\u0442 \u0442\u043e\u0432\u0430\u0440\u0430 \u043c\u043e\u0436\u0435\u0442 \u0431\u044b\u0442\u044c \u0432\u043e\u0441\u043f\u0440\u043e\u0438\u0437\u0432\u0435\u0434\u0435\u043d \u043d\u0435\u0442\u043e\u0447\u043d\u043e, \u043f\u043e\u044d\u0442\u043e\u043c\u0443 \u044d\u0442\u043e \u043d\u0435 \u044f\u0432\u043b\u044f\u0435\u0442\u0441\u044f \u043f\u0440\u0438\u0447\u0438\u043d\u043e\u0439 \u0434\u043b\u044f \u043f\u0440\u0435\u0442\u0435\u043d\u0437\u0438\u0439.<\/p>\n<p><p><b>\u041f\u0440\u0438\u043c\u0435\u0447\u0430\u043d\u0438\u0435:<\/b> Frost kann zu Sch\u00e4den am Gartenbrunnen und der Pumpe f\u00fchren. Bei Frostgefahr muss der <b>Gartenbrunnen und die Pumpe entleert werden<\/b>, mit klarem Wasser gesp\u00fclt und trocken eingelagert werden. Dann haben Sie sehr lange Freude daran!<\/p>\n<\/p>\n<p><\/font><\/b><\/div>\n<h3>\u041c\u043d\u043e\u0433\u043e \u0432\u0435\u0441\u043a\u0438\u0445 \u043f\u0440\u0438\u0447\u0438\u043d, \u043f\u043e \u043a\u043e\u0442\u043e\u0440\u044b\u043c \u0432\u044b \u0434\u043e\u043b\u0436\u043d\u044b \u043a\u0443\u043f\u0438\u0442\u044c \u044d\u0442\u043e\u0442 \u043f\u0440\u043e\u0434\u0443\u043a\u0442:<\/h3>\n<div class=\"sale_motive\">\n<ul>\n<ul>\n<li><font color=\"#FF0000\"><b>1 Jahre Garantie, Lebensdauer \u00fcber 60.000 Betriebsstunden* (Hinweis weiter unten)<\/b><\/font>\n<\/li>\n<li>Das beruhigende Rauschen des Wassers im Garten, auf dem Balkon oder der Terrasse\n<\/li>\n<li>max. F\u00f6rdermenge 250l\/h<\/li>\n<li>steckfertiges Solarpumpensystem &#8211; sofort einsatzbereit<\/li>\n<li>hochwertiges Solarpanel im <b>stabilen bruchfesten ALU-RAHMEN <\/b>mit einer Leistung von 2 Watt<\/li>\n<li>integrierter Filter sch\u00fctzt die Pumpe (l\u00e4sst sich leicht reinigen)<\/li>\n<li>einstellbarer Winkel des Solarmoduls und 5 Meter Anschlusskabel machen eine optimale Platzierung des Panels im sonnigen Bereich m\u00f6glich<\/li>\n<\/ul>\n<p>*Garantie gilt nur f\u00fcr Teichpumpe, nicht Solarpanel oder Kabel.<\/ul>\n<\/div>","protected":false},"excerpt":{"rendered":"<p>B-Ware Solar &#8211; Brunnen &#8220;GRANITSCHALEN-KASKADE-2&#8221; mit LiIon-Akku und LED-Licht <\/p>","protected":false},"featured_media":33603,"comment_status":"open","ping_status":"closed","template":"","meta":[],"product_cat":[181,177,179,180],"product_tag":[],"class_list":{"0":"post-30649","1":"product","2":"type-product","3":"status-publish","4":"has-post-thumbnail","6":"product_cat-mit-solar","7":"product_cat-b-ware-gartenbrunnen","8":"product_cat-b-ware-garten-u-zimmer-brunnen","9":"product_cat-winter-angebote","11":"first","12":"instock","13":"sale","14":"taxable","15":"shipping-taxable","16":"purchasable","17":"product-type-simple"},"_links":{"self":[{"href":"http:\/\/igel.wovodo.de:8085\/ru\/wp-json\/wp\/v2\/product\/30649","targetHints":{"allow":["GET"]}}],"collection":[{"href":"http:\/\/igel.wovodo.de:8085\/ru\/wp-json\/wp\/v2\/product"}],"about":[{"href":"http:\/\/igel.wovodo.de:8085\/ru\/wp-json\/wp\/v2\/types\/product"}],"replies":[{"embeddable":true,"href":"http:\/\/igel.wovodo.de:8085\/ru\/wp-json\/wp\/v2\/comments?post=30649"}],"version-history":[{"count":4,"href":"http:\/\/igel.wovodo.de:8085\/ru\/wp-json\/wp\/v2\/product\/30649\/revisions"}],"predecessor-version":[{"id":38755,"href":"http:\/\/igel.wovodo.de:8085\/ru\/wp-json\/wp\/v2\/product\/30649\/revisions\/38755"}],"wp:featuredmedia":[{"embeddable":true,"href":"http:\/\/igel.wovodo.de:8085\/ru\/wp-json\/wp\/v2\/media\/33603"}],"wp:attachment":[{"href":"http:\/\/igel.wovodo.de:8085\/ru\/wp-json\/wp\/v2\/media?parent=30649"}],"wp:term":[{"taxonomy":"product_cat","embeddable":true,"href":"http:\/\/igel.wovodo.de:8085\/ru\/wp-json\/wp\/v2\/product_cat?post=30649"},{"taxonomy":"product_tag","embeddable":true,"href":"http:\/\/igel.wovodo.de:8085\/ru\/wp-json\/wp\/v2\/product_tag?post=30649"}],"curies":[{"name":"wp","href":"https:\/\/api.w.org\/{rel}","templated":true}]}}