{"id":30598,"date":"2024-10-31T14:11:10","date_gmt":"2024-10-31T13:11:10","guid":{"rendered":"http:\/\/igel.wovodo.de:8085\/product\/b-ware-gartenbrunnen-4-tonkruege-im-baumfels-mit-led-licht\/"},"modified":"2024-12-04T10:26:06","modified_gmt":"2024-12-04T09:26:06","slug":"b-ware-gartenbrunnen-4-tonkruege-im-baumfels-mit-led-licht","status":"publish","type":"product","link":"http:\/\/igel.wovodo.de:8085\/ru\/product\/b-ware-gartenbrunnen-4-tonkruege-im-baumfels-mit-led-licht\/","title":{"rendered":"B-Ware Gartenbrunnen 4-TONKR\u00dcGE IM BAUMFELS mit LED-Licht"},"content":{"rendered":"<div class=\"sale_application\">\n<ul>\n<li>LED-Gartenbrunnen f\u00fcr den Innen- und Au\u00dfenbereich mit 230\/12V-Netzadapter<\/li>\n<\/ul><\/div>\n<div class=\"sale_description\"> <font color=\"FF0000\"><b>B-Ware:<\/b><\/p>\n<ul>\n<li>leichte optische Fehler (z.B. kleine Kratzer etc.)<\/li>\n<li>voll funktionsf\u00e4higes Produkt<\/li>\n<li>reduzierte gesetzliche Gew\u00e4hrleistung auf max. 1 Jahr<\/li>\n<\/ul>\n<p><\/font><\/p>\n<p><strong>\u0414\u0435\u043a\u043e\u0440\u0430\u0442\u0438\u0432\u043d\u044b\u0435 \u0438 \u043f\u043e\u043b\u0435\u0437\u043d\u044b\u0435<\/strong><\/p>\n<p>Der Wasserbrunnen &#8220;4-TONKR\u00dcGE IM BAUMFELS&#8221; ist f\u00fcr den Innen- und Au\u00dfenbereich geeignet. Betrieben wird der stilvolle Garten- und Zimmerbrunnen mit einem 230\/12-Volt Netzadapter. Mit der naturgetreuen Moosdekoration sorgt der Indoor- und Outdoor-Brunnen f\u00fcr eine naturnahe Atmosph\u00e4re und Entspannung. Das Lebenselexier Wasser belebt Wohnzimmer, Esszimmer, Flure und Eingangsbereiche, Winterg\u00e4rten oder Balkone, Terrassen und G\u00e4rten im privaten wie gewerblichen Umfeld.<\/p>\n<p><strong>Steckfertiges Komplett-Set<\/strong><\/p>\n<p>Der Zimmer- und Gartenbrunnen kommt als Komplett-Set und l\u00e4sst sich leicht instandsetzen.<\/p>\n<p><strong>Perfekter Blickfang<\/strong><\/p>\n<p>Der Gartenbrunnen ist sowohl bei Tag als auch bei Nacht der perfekte Blickfang. Die mitgelieferte LED-Beleuchtung sorgt f\u00fcr die perfekte Illumination. Die LED-Lichter des austauschbaren LED-Rings erstrahlen in einem warmen Wei\u00df.<\/p>\n<p><strong>Werthaltig, best\u00e4ndig &amp; betriebssicher<\/strong><\/p>\n<p>Der wirkungsvolle Zierbrunnen <b>&#8220;4-TONKR\u00dcGE IM BAUMFELS&#8221;<\/b> ist f\u00fcr den 230-Volt-Betrieb vorgesehen. Die Pumpe und die LEDs werden mit sicherer 12V-Niederspannung betrieben (Adapter im Lieferumfang enthalten). Alle Kabelverbindungen sind verpolungssicher, wasserdicht und absolut funktionssicher. Dank praktischer Steckverbindungen sind alle Komponenten jederzeit austauschbar. So k\u00f6nnen Sie den Wasserbrunnen <b>&#8220;4-TONKR\u00dcGE IM BAUMFELS&#8221;&#8221;<\/b> und das flie\u00dfende Wasser jahrelang genie\u00dfen!<\/p>\n<p style=\"font-size:11px;\"><b>\u042e\u0440\u0438\u0434\u0438\u0447\u0435\u0441\u043a\u043e\u0435 \u0443\u0432\u0435\u0434\u043e\u043c\u043b\u0435\u043d\u0438\u0435:<\/b> \u041d\u0430\u0448\u0438 \u0438\u0437\u0434\u0435\u043b\u0438\u044f \u043e\u043a\u0440\u0430\u0448\u0438\u0432\u0430\u044e\u0442\u0441\u044f \u0432\u0440\u0443\u0447\u043d\u0443\u044e, \u043f\u043e\u044d\u0442\u043e\u043c\u0443 \u043d\u0435\u0432\u043e\u0437\u043c\u043e\u0436\u043d\u043e \u0438\u0437\u0431\u0435\u0436\u0430\u0442\u044c \u043e\u0442\u043a\u043b\u043e\u043d\u0435\u043d\u0438\u0439 \u0432 \u0446\u0432\u0435\u0442\u0435. \u041a\u0440\u043e\u043c\u0435 \u0442\u043e\u0433\u043e, \u0438\u0437-\u0437\u0430 \u0443\u0441\u043b\u043e\u0432\u0438\u0439 \u043e\u0441\u0432\u0435\u0449\u0435\u043d\u0438\u044f \u043f\u0440\u0438 \u0441\u044a\u0435\u043c\u043a\u0435 \u0442\u043e\u0432\u0430\u0440\u0430 \u0438 \u0440\u0430\u0437\u043b\u0438\u0447\u043d\u044b\u0445 \u043d\u0430\u0441\u0442\u0440\u043e\u0435\u043a \u044d\u043a\u0440\u0430\u043d\u0430 \u0446\u0432\u0435\u0442 \u0442\u043e\u0432\u0430\u0440\u0430 \u043c\u043e\u0436\u0435\u0442 \u0431\u044b\u0442\u044c \u0432\u043e\u0441\u043f\u0440\u043e\u0438\u0437\u0432\u0435\u0434\u0435\u043d \u043d\u0435\u0442\u043e\u0447\u043d\u043e, \u043f\u043e\u044d\u0442\u043e\u043c\u0443 \u044d\u0442\u043e \u043d\u0435 \u044f\u0432\u043b\u044f\u0435\u0442\u0441\u044f \u043f\u0440\u0438\u0447\u0438\u043d\u043e\u0439 \u0434\u043b\u044f \u043f\u0440\u0435\u0442\u0435\u043d\u0437\u0438\u0439.<\/p>\n<p><p><b>\u041f\u0440\u0438\u043c\u0435\u0447\u0430\u043d\u0438\u0435:<\/b> \u041c\u043e\u0440\u043e\u0437 \u043c\u043e\u0436\u0435\u0442 \u043f\u043e\u0432\u0440\u0435\u0434\u0438\u0442\u044c \u0441\u0430\u0434\u043e\u0432\u044b\u0439 \u0444\u043e\u043d\u0442\u0430\u043d \u0438 \u043d\u0430\u0441\u043e\u0441. \u0421 \u043f\u043e\u043c\u043e\u0449\u044c\u044e<br \/>\n\u0415\u0441\u043b\u0438 \u0441\u0443\u0449\u0435\u0441\u0442\u0432\u0443\u0435\u0442 \u043e\u043f\u0430\u0441\u043d\u043e\u0441\u0442\u044c \u0437\u0430\u043c\u043e\u0440\u043e\u0437\u043a\u043e\u0432, \u043d\u0435\u043e\u0431\u0445\u043e\u0434\u0438\u043c\u043e \u0441\u043b\u0438\u0442\u044c \u0432\u043e\u0434\u0443 \u0438\u0437 \u0441\u0430\u0434\u043e\u0432\u043e\u0433\u043e \u0444\u043e\u043d\u0442\u0430\u043d\u0430 \u0438 \u043d\u0430\u0441\u043e\u0441\u0430,<br \/>\n\u041f\u0440\u043e\u043c\u043e\u0439\u0442\u0435 \u0447\u0438\u0441\u0442\u043e\u0439 \u0432\u043e\u0434\u043e\u0439 \u0438 \u0445\u0440\u0430\u043d\u0438\u0442\u0435 \u0432 \u0441\u0443\u0445\u043e\u043c \u043c\u0435\u0441\u0442\u0435. \u0417\u0430\u0442\u0435\u043c<br \/>\n  \u0412\u044b \u0431\u0443\u0434\u0435\u0442\u0435 \u043d\u0430\u0441\u043b\u0430\u0436\u0434\u0430\u0442\u044c\u0441\u044f \u0438\u043c \u043e\u0447\u0435\u043d\u044c \u0434\u043e\u043b\u0433\u043e!<\/p>\n<\/p><\/div>\n<h3>\u041c\u043d\u043e\u0433\u043e \u0432\u0435\u0441\u043a\u0438\u0445 \u043f\u0440\u0438\u0447\u0438\u043d, \u043f\u043e \u043a\u043e\u0442\u043e\u0440\u044b\u043c \u0432\u044b \u0434\u043e\u043b\u0436\u043d\u044b \u043a\u0443\u043f\u0438\u0442\u044c \u044d\u0442\u043e\u0442 \u043f\u0440\u043e\u0434\u0443\u043a\u0442:<\/h3>\n<div class=\"sale_motive\">\n<ul>\n<li>Steckfertiger, sofort einsatzbereiter Brunnen in phantasievollem Design mit naturgetreuer Moosdekoration<\/li>\n<li>wirkt belebend auf die Sinne &amp; verbessert die Luftqualit\u00e4t<\/li>\n<li>\u0414\u0435\u043a\u043e\u0440\u0430\u0442\u0438\u0432\u043d\u044b\u0435 \u0438 \u043f\u043e\u043b\u0435\u0437\u043d\u044b\u0435<\/li>\n<li>optimal auch f\u00fcr kleine Fl\u00e4chen<\/li>\n<li>Tag- und Nachtbetrieb<\/li>\n<li>Mit 230V\/12V-Anschluss, 3,6 Watt Pumpe, LED-Ring in warmem Wei\u00df<\/li>\n<\/ul>\n<\/div>","protected":false},"excerpt":{"rendered":"<p>Gartenbrunnen TONKR\u00dcGE IM BAUMFELS mit naturgetreuer Moosdekoration<br \/>\n  inkl. austauschbarem LED-Ring mit 3 LED-Leuchten.<\/p>","protected":false},"featured_media":33440,"comment_status":"open","ping_status":"closed","template":"","meta":[],"product_cat":[183,177,179],"product_tag":[],"class_list":{"0":"post-30598","1":"product","2":"type-product","3":"status-publish","4":"has-post-thumbnail","6":"product_cat-230v","7":"product_cat-b-ware-gartenbrunnen","8":"product_cat-b-ware-garten-u-zimmer-brunnen","10":"first","11":"instock","12":"sale","13":"taxable","14":"shipping-taxable","15":"purchasable","16":"product-type-simple"},"_links":{"self":[{"href":"http:\/\/igel.wovodo.de:8085\/ru\/wp-json\/wp\/v2\/product\/30598","targetHints":{"allow":["GET"]}}],"collection":[{"href":"http:\/\/igel.wovodo.de:8085\/ru\/wp-json\/wp\/v2\/product"}],"about":[{"href":"http:\/\/igel.wovodo.de:8085\/ru\/wp-json\/wp\/v2\/types\/product"}],"replies":[{"embeddable":true,"href":"http:\/\/igel.wovodo.de:8085\/ru\/wp-json\/wp\/v2\/comments?post=30598"}],"version-history":[{"count":1,"href":"http:\/\/igel.wovodo.de:8085\/ru\/wp-json\/wp\/v2\/product\/30598\/revisions"}],"predecessor-version":[{"id":35208,"href":"http:\/\/igel.wovodo.de:8085\/ru\/wp-json\/wp\/v2\/product\/30598\/revisions\/35208"}],"wp:featuredmedia":[{"embeddable":true,"href":"http:\/\/igel.wovodo.de:8085\/ru\/wp-json\/wp\/v2\/media\/33440"}],"wp:attachment":[{"href":"http:\/\/igel.wovodo.de:8085\/ru\/wp-json\/wp\/v2\/media?parent=30598"}],"wp:term":[{"taxonomy":"product_cat","embeddable":true,"href":"http:\/\/igel.wovodo.de:8085\/ru\/wp-json\/wp\/v2\/product_cat?post=30598"},{"taxonomy":"product_tag","embeddable":true,"href":"http:\/\/igel.wovodo.de:8085\/ru\/wp-json\/wp\/v2\/product_tag?post=30598"}],"curies":[{"name":"wp","href":"https:\/\/api.w.org\/{rel}","templated":true}]}}