{"id":30554,"date":"2024-10-31T14:10:44","date_gmt":"2024-10-31T13:10:44","guid":{"rendered":"http:\/\/igel.wovodo.de:8085\/product\/diesel-profi-600-4-230v-mit-zubehoer-paket-3\/"},"modified":"2025-01-27T12:31:03","modified_gmt":"2025-01-27T11:31:03","slug":"diesel-profi-600-4-230v-mit-zubehoer-paket-3","status":"publish","type":"product","link":"http:\/\/igel.wovodo.de:8085\/ru\/product\/diesel-profi-600-4-230v-mit-zubehoer-paket-3\/","title":{"rendered":"Diesel Profi 600-4 &#8211; 230V mit Zubeh\u00f6r Paket 3"},"content":{"rendered":"<div class=\"sale_application\">\n<h2>Anwendungsbereiche:<\/h2>\n<ul>\n<li><b>Pumpe ist nach erster Bef\u00fcllung \/ Entl\u00fcftung selbstansaugend<\/b><\/li>\n<\/ul>\n<ul>\n<li>Komplett-Set 230V zum Bef\u00fcllen, Umpumpen, Umf\u00fcllen, Entleeren von Diesel- und Heiz\u00f6l-Tanks<\/li>\n<li><b>Pumpe ist nach erster Bef\u00fcllung \/ Entl\u00fcftung selbstansaugen<\/b><\/li>\n<\/ul>\n<\/div>\n<div class=\"sale_description\">\n<p>Kraftvolle Dieself\u00f6rderung mit unserer elektrischen <b>Diesel Profi 600-4 &#8211; 230V<\/b>. Untentbehrlich f\u00fcr jeden Fuhrpark, KFZ-Werkst\u00e4tten, Landwirtschaft, Autoverwertung usw! Wer viele Baumaschinen zu betanken hat, wird mit unserer Diesel-Pumpe seine Freude dran haben! Hiermit betanken Sie m\u00fchelos jegliche Art von Fahrzeugen und Maschinen. F\u00fcr diese Dieselpumpe ist auch das Umf\u00fcllen von Heiz\u00f6ltanks kein Problem.<br \/>\n<br \/>\nDie Motorleistung von 600W erm\u00f6glicht eine <strong>Durchflussmenge von 2400l\/h&nbsp;<\/strong>und eine <strong>maximale&nbsp;F\u00f6rderh\u00f6he von <\/strong><span style=\"color: black\"><strong>41m. <\/strong>Bitte beachten: Bei steigender F\u00f6rderh\u00f6he sinkt die F\u00f6rdermenge entsprechend.<\/span><\/p>\n<p><iframe src=\"https:\/\/www.youtube-nocookie.com\/embed\/o6fRRFBhbiw?rel=0\" title=\"YouTube video player\" allow=\"accelerometer; autoplay; clipboard-write; encrypted-media; gyroscope; picture-in-picture\" allowfullscreen=\"\" width=\"560\" height=\"315\" frameborder=\"0\"><\/iframe><\/p>\n<p><span style=\"color: black\">Alle Diesel-Pumpen sind <strong>EINZELST\u00dcCK-gepr\u00fcft <\/strong>auf Ihre Funktion.<\/span> Daher k\u00f6nnen Reste der Pr\u00fcffl\u00fcssigkeit in der Pumpe \/ Verpackung vorhanden sein.<\/p>\n<p><b>\u041f\u0440\u0438\u043c\u0435\u0447\u0430\u043d\u0438\u0435: <\/b>Die Dieselpumpe und die Saugleitung sind bei der Inbetriebnahme blasenfrei mit Diesel zu bef\u00fcllen. Ein R\u00fcckschlagventil muss unbedingt am Ende der Saugleitung montiert und dicht sein.<\/p>\n<p><b>Umfangreiches Zubeh\u00f6r-Set<\/b> f\u00fcr Dieselpumpen und Heiz\u00f6lpumpen in bew\u00e4hrter Qualit\u00e4t: Das Diesel-Zubeh\u00f6r-Paket enth\u00e4lt eine Automatik-Diesel-Zapfpistole, einen robusten Gummi-Schlauch, einen Dieselfilter mit Geh\u00e4use, ein hochwertiges R\u00fcckschlagventil mit Bauteilen aus Messing, 2 Stahl-Schlauchschellen, 2 T\u00fcllen sowie 1 Drehgelenk.<\/p>\n<p>Bei der Diesel-Zapfpistole handelt es sich um eine <b>hochwertige Automatik-Zapfpistole mit Durchfluss-Verrastung<\/b>. Der Gummi-Schlauch hat eine L\u00e4nge von 6 Metern. Der Schlauch ist als Saug- und Druckschlauch verwendbar und kann problemlos selbst auf die passende L\u00e4nge zugeschnitten werden.<\/p>\n<p><b>Dieser Diesel-Filter spart langfristig Wartungsarbeiten und Wartungskosten<\/b>, denn der der Kraftstoff-Tank (oder andere Umf\u00fcllbeh\u00e4lter f\u00fcr Diesel\/ Heiz\u00f6l\/ Krafstoff) bleibt frei von Ablagerungen. Der Filtereinsatz des Dieselfilters ist austauschbar. Das Geh\u00e4use des Dieselfilters l\u00e4sst sich abschrauben (wie bei PKW-Filtern \u00fcblich). Dann kann der alte Filter gegen einen neuen Filtereinsatz getauscht werden. Das Kopfteil bleibt in der Dieselleitung fest montiert. Passende Ersatzfilter sind in unserem Shop erh\u00e4ltlich.<\/p>\n<p>Erg\u00e4nzt wird das praktische Zubeh\u00f6r-Paket durch <b>Anschluss-Zubeh\u00f6r<\/b> wie T\u00fcllen, Schellen, Drehgelenk sowie einem <b>R\u00fcckschlagventil mit Bauteilen aus Messing.<\/b><\/p>\n<\/div>\n<h3>\u041c\u043d\u043e\u0433\u043e \u0432\u0435\u0441\u043a\u0438\u0445 \u043f\u0440\u0438\u0447\u0438\u043d, \u043f\u043e \u043a\u043e\u0442\u043e\u0440\u044b\u043c \u0432\u044b \u0434\u043e\u043b\u0436\u043d\u044b \u043a\u0443\u043f\u0438\u0442\u044c \u044d\u0442\u043e\u0442 \u043f\u0440\u043e\u0434\u0443\u043a\u0442:<\/h3>\n<div class=\"sale_motive\">\n<ul>\n<li>Komplett-Set mit umfangfreichem Zubeh\u00f6r<\/li>\n<\/ul>\n<ul>\n<li>Wir verwenden nur zuverl\u00e4ssige Bauteile, so dass SIE damit keine Probleme haben!<\/li>\n<li><b>Pumpe ist nach erster Bef\u00fcllung \/ Entl\u00fcftung selbstansaugen<\/b><\/li>\n<li>schwere, robuste, zuverl\u00e4ssige Qualit\u00e4t<\/li>\n<li>&#8220;Ein&#8221;-und &#8220;Aus&#8221;-Schalter mit Sicherheitsvorrichtung<\/li>\n<\/ul>\n<p><b><br \/>\n<\/b>\n<\/div>","protected":false},"excerpt":{"rendered":"<p>230-Volt-Dieselpumpe mit 6-m-Dieselschlauch, zuverl\u00e4ssiger Zapfpistole,<br \/>\n  hochwertigem Messing-R\u00fcckschlagventil, T\u00fcllen, Schellen<\/p>\n<p><b>Komplett-Set zum Top-Preis: 230-Volt-Dieselpumpe mit Zubeh\u00f6r!<\/b><\/p>","protected":false},"featured_media":36926,"comment_status":"open","ping_status":"closed","template":"","meta":[],"product_cat":[228,229],"product_tag":[],"class_list":{"0":"post-30554","1":"product","2":"type-product","3":"status-publish","4":"has-post-thumbnail","6":"product_cat-diesel-pumpen-sets","7":"product_cat-230v-pumpen","9":"first","10":"instock","11":"taxable","12":"shipping-taxable","13":"purchasable","14":"product-type-simple"},"_links":{"self":[{"href":"http:\/\/igel.wovodo.de:8085\/ru\/wp-json\/wp\/v2\/product\/30554","targetHints":{"allow":["GET"]}}],"collection":[{"href":"http:\/\/igel.wovodo.de:8085\/ru\/wp-json\/wp\/v2\/product"}],"about":[{"href":"http:\/\/igel.wovodo.de:8085\/ru\/wp-json\/wp\/v2\/types\/product"}],"replies":[{"embeddable":true,"href":"http:\/\/igel.wovodo.de:8085\/ru\/wp-json\/wp\/v2\/comments?post=30554"}],"version-history":[{"count":3,"href":"http:\/\/igel.wovodo.de:8085\/ru\/wp-json\/wp\/v2\/product\/30554\/revisions"}],"predecessor-version":[{"id":38423,"href":"http:\/\/igel.wovodo.de:8085\/ru\/wp-json\/wp\/v2\/product\/30554\/revisions\/38423"}],"wp:featuredmedia":[{"embeddable":true,"href":"http:\/\/igel.wovodo.de:8085\/ru\/wp-json\/wp\/v2\/media\/36926"}],"wp:attachment":[{"href":"http:\/\/igel.wovodo.de:8085\/ru\/wp-json\/wp\/v2\/media?parent=30554"}],"wp:term":[{"taxonomy":"product_cat","embeddable":true,"href":"http:\/\/igel.wovodo.de:8085\/ru\/wp-json\/wp\/v2\/product_cat?post=30554"},{"taxonomy":"product_tag","embeddable":true,"href":"http:\/\/igel.wovodo.de:8085\/ru\/wp-json\/wp\/v2\/product_tag?post=30554"}],"curies":[{"name":"wp","href":"https:\/\/api.w.org\/{rel}","templated":true}]}}