{"id":30478,"date":"2024-10-31T14:09:56","date_gmt":"2024-10-31T13:09:56","guid":{"rendered":"http:\/\/igel.wovodo.de:8085\/product\/230v-gartenbrunnen-wasser-zwilling-mit-led-licht\/"},"modified":"2025-01-27T12:30:40","modified_gmt":"2025-01-27T11:30:40","slug":"230v-gartenbrunnen-wasser-zwilling-mit-led-licht","status":"publish","type":"product","link":"http:\/\/igel.wovodo.de:8085\/ru\/product\/230v-gartenbrunnen-wasser-zwilling-mit-led-licht\/","title":{"rendered":"230V &#8211; Gartenbrunnen WASSER-ZWILLING  mit LED-Licht"},"content":{"rendered":"<div class=\"sale_application\">\n<ul>\n<li>LED-Gartenbrunnen f\u00fcr den Innen- und Au\u00dfenbereich mit 230\/12V-Netzadapter<\/li>\n<\/ul><\/div>\n<div class=\"sale_description\">\n<div><strong>\u0414\u0435\u043a\u043e\u0440\u0430\u0442\u0438\u0432\u043d\u044b\u0435 \u0438 \u043f\u043e\u043b\u0435\u0437\u043d\u044b\u0435<\/strong><\/p>\n<p>Der Brunnen <b>WASSER-ZWILLING<\/b> ist f\u00fcr den <b>Innen- und Au\u00dfenbereich<\/b> geeignet. Betrieben wird der stilvolle Wasserbrunnen mit einem 230\/12-Volt Netzadapter. Mit der wirklichkeitsgetreuen Stein-Dekoration sorgt der moderne Gartenbrunnen f\u00fcr eine harmonische Atmosph\u00e4re und Entspannung. Das Lebenselixier Wasser belebt Wohnzimmer, Esszimmer, Flure und Eingangsbereiche, Winterg\u00e4rten oder Balkone, Terrassen und G\u00e4rten im privaten wie gewerblichen Umfeld.<\/p>\n<p>\n<strong>Der perfekte Blickfang<\/strong><\/p>\n<p>Der Gartenbrunnen ist sowohl bei Tag als auch bei Nacht der perfekte Hingucker. Die mitgelieferte LED-Beleuchtung sorgt f\u00fcr die perfekte Illumination. Die LED-Lichter des austauschbaren LED-Rings erstrahlen in klassischem Wei\u00df.<\/p>\n<p>\n<strong>Werthaltig, best\u00e4ndig &amp; betriebssicher<\/strong><\/p>\n<p>Der moderne Kaskadenbrunnen  ist f\u00fcr den 230-Volt-Betrieb vorgesehen. Die Pumpe und die LEDs werden mit sicherer 12V-Niederspannung betrieben (Adapter im Lieferumfang enthalten). Alle Kabelverbindungen sind verpolungssicher, wasserdicht und absolut funktionssicher. Dank praktischer Steckverbindungen sind alle Komponenten jederzeit austauschbar. So k\u00f6nnen Sie den Wasserbrunnen mit der effektvollen LED-Beleuchtung und das flie\u00dfende Wasser jahrelang genie\u00dfen!<\/p>\n<p><\/p>\n<p style=\"font-size:11px;\"><b>\u042e\u0440\u0438\u0434\u0438\u0447\u0435\u0441\u043a\u043e\u0435 \u0443\u0432\u0435\u0434\u043e\u043c\u043b\u0435\u043d\u0438\u0435:<\/b> \u041d\u0430\u0448\u0438 \u0438\u0437\u0434\u0435\u043b\u0438\u044f \u043e\u043a\u0440\u0430\u0448\u0438\u0432\u0430\u044e\u0442\u0441\u044f \u0432\u0440\u0443\u0447\u043d\u0443\u044e, \u043f\u043e\u044d\u0442\u043e\u043c\u0443 \u043d\u0435\u0432\u043e\u0437\u043c\u043e\u0436\u043d\u043e \u0438\u0437\u0431\u0435\u0436\u0430\u0442\u044c \u043e\u0442\u043a\u043b\u043e\u043d\u0435\u043d\u0438\u0439 \u0432 \u0446\u0432\u0435\u0442\u0435. \u041a\u0440\u043e\u043c\u0435 \u0442\u043e\u0433\u043e, \u0438\u0437-\u0437\u0430 \u0443\u0441\u043b\u043e\u0432\u0438\u0439 \u043e\u0441\u0432\u0435\u0449\u0435\u043d\u0438\u044f \u043f\u0440\u0438 \u0441\u044a\u0435\u043c\u043a\u0435 \u0442\u043e\u0432\u0430\u0440\u0430 \u0438 \u0440\u0430\u0437\u043b\u0438\u0447\u043d\u044b\u0445 \u043d\u0430\u0441\u0442\u0440\u043e\u0435\u043a \u044d\u043a\u0440\u0430\u043d\u0430 \u0446\u0432\u0435\u0442 \u0442\u043e\u0432\u0430\u0440\u0430 \u043c\u043e\u0436\u0435\u0442 \u0431\u044b\u0442\u044c \u0432\u043e\u0441\u043f\u0440\u043e\u0438\u0437\u0432\u0435\u0434\u0435\u043d \u043d\u0435\u0442\u043e\u0447\u043d\u043e, \u043f\u043e\u044d\u0442\u043e\u043c\u0443 \u044d\u0442\u043e \u043d\u0435 \u044f\u0432\u043b\u044f\u0435\u0442\u0441\u044f \u043f\u0440\u0438\u0447\u0438\u043d\u043e\u0439 \u0434\u043b\u044f \u043f\u0440\u0435\u0442\u0435\u043d\u0437\u0438\u0439.<\/p>\n<\/div>\n<p><b>\u041f\u0440\u0438\u043c\u0435\u0447\u0430\u043d\u0438\u0435:<\/b> Frost kann zu Sch\u00e4den am Gartenbrunnen und der Pumpe f\u00fchren. Bei Frostgefahr muss der <b>Gartenbrunnen und die Pumpe entleert werden<\/b>, mit klarem Wasser gesp\u00fclt und trocken eingelagert werden. Dann haben Sie sehr lange Freude daran!<\/p>\n<\/div>\n<h3>\u041c\u043d\u043e\u0433\u043e \u0432\u0435\u0441\u043a\u0438\u0445 \u043f\u0440\u0438\u0447\u0438\u043d, \u043f\u043e \u043a\u043e\u0442\u043e\u0440\u044b\u043c \u0432\u044b \u0434\u043e\u043b\u0436\u043d\u044b \u043a\u0443\u043f\u0438\u0442\u044c \u044d\u0442\u043e\u0442 \u043f\u0440\u043e\u0434\u0443\u043a\u0442:<\/h3>\n<div class=\"sale_motive\">\n<ul>\n<li>Steckfertiger, sofort einsatzbereiter Gartenbrunnen<\/li>\n<li>2 Jahre Garantie, Lebensdauer \u00fcber 60.000 Betriebsstunden<b>* (Hinweis weiter unten)<\/b><\/li>\n<li>\u043e\u043a\u0430\u0437\u044b\u0432\u0430\u0435\u0442 \u0431\u043e\u0434\u0440\u044f\u0449\u0435\u0435 \u0432\u043e\u0437\u0434\u0435\u0439\u0441\u0442\u0432\u0438\u0435 \u043d\u0430 \u043e\u0440\u0433\u0430\u043d\u044b \u0447\u0443\u0432\u0441\u0442\u0432<\/li>\n<li>\u0443\u043b\u0443\u0447\u0448\u0430\u0435\u0442 \u043a\u0430\u0447\u0435\u0441\u0442\u0432\u043e \u0432\u043e\u0437\u0434\u0443\u0445\u0430<\/li>\n<li>moderne Steinschalen-Skulptur<\/li>\n<li>n\u00fctzlich und dekorativ<\/li>\n<li>\u0412\u043d\u0443\u0442\u0440\u0435\u043d\u043d\u0438\u0435 \u0438 \u043d\u0430\u0440\u0443\u0436\u043d\u044b\u0435 \u0441\u0430\u0434\u043e\u0432\u044b\u0435 \u0444\u043e\u043d\u0442\u0430\u043d\u044b<\/li>\n<li>\u0421 \u043f\u043e\u0434\u043a\u043b\u044e\u0447\u0435\u043d\u0438\u0435\u043c 230 \u0412\/12 \u0412<\/li>\n<li>Inkl. 6 Watt Pumpe<\/li>\n<li>Inkl. LED-Ringen in warmen Wei\u00df (austauschbar)<\/li>\n<\/ul>\n<p>*Garantie gilt nur f\u00fcr die Teichpumpe, nicht f\u00fcr die Figur oder die Kabel.<\/p>\n<\/div>","protected":false},"excerpt":{"rendered":"<p> Gartenbrunnen  WASSER-ZWILLING LED-Leuchtringen<br \/>\n  in wirklichkeitsgetreuer Steindekoration<\/p>","protected":false},"featured_media":37677,"comment_status":"open","ping_status":"closed","template":"","meta":[],"product_cat":[318,254,320,319],"product_tag":[],"class_list":{"0":"post-30478","1":"product","2":"type-product","3":"status-publish","4":"has-post-thumbnail","6":"product_cat-gartenbrunnen","7":"product_cat-brunnen-mit-230-v-betrieb","8":"product_cat-moderne-zeitlose-deko","9":"product_cat-zimmerbrunnen","11":"first","12":"instock","13":"taxable","14":"shipping-taxable","15":"purchasable","16":"product-type-simple"},"_links":{"self":[{"href":"http:\/\/igel.wovodo.de:8085\/ru\/wp-json\/wp\/v2\/product\/30478","targetHints":{"allow":["GET"]}}],"collection":[{"href":"http:\/\/igel.wovodo.de:8085\/ru\/wp-json\/wp\/v2\/product"}],"about":[{"href":"http:\/\/igel.wovodo.de:8085\/ru\/wp-json\/wp\/v2\/types\/product"}],"replies":[{"embeddable":true,"href":"http:\/\/igel.wovodo.de:8085\/ru\/wp-json\/wp\/v2\/comments?post=30478"}],"version-history":[{"count":2,"href":"http:\/\/igel.wovodo.de:8085\/ru\/wp-json\/wp\/v2\/product\/30478\/revisions"}],"predecessor-version":[{"id":38728,"href":"http:\/\/igel.wovodo.de:8085\/ru\/wp-json\/wp\/v2\/product\/30478\/revisions\/38728"}],"wp:featuredmedia":[{"embeddable":true,"href":"http:\/\/igel.wovodo.de:8085\/ru\/wp-json\/wp\/v2\/media\/37677"}],"wp:attachment":[{"href":"http:\/\/igel.wovodo.de:8085\/ru\/wp-json\/wp\/v2\/media?parent=30478"}],"wp:term":[{"taxonomy":"product_cat","embeddable":true,"href":"http:\/\/igel.wovodo.de:8085\/ru\/wp-json\/wp\/v2\/product_cat?post=30478"},{"taxonomy":"product_tag","embeddable":true,"href":"http:\/\/igel.wovodo.de:8085\/ru\/wp-json\/wp\/v2\/product_tag?post=30478"}],"curies":[{"name":"wp","href":"https:\/\/api.w.org\/{rel}","templated":true}]}}