{"id":30399,"date":"2024-10-31T14:09:06","date_gmt":"2024-10-31T13:09:06","guid":{"rendered":"http:\/\/igel.wovodo.de:8085\/product\/teichpumpen-set-solar-meerjungfrau-mit-muschel\/"},"modified":"2025-01-27T12:30:17","modified_gmt":"2025-01-27T11:30:17","slug":"teichpumpen-set-solar-meerjungfrau-mit-muschel","status":"publish","type":"product","link":"http:\/\/igel.wovodo.de:8085\/ru\/product\/teichpumpen-set-solar-meerjungfrau-mit-muschel\/","title":{"rendered":"Teichpumpen-Set Solar &#8220;MEERJUNGFRAU&#8221; mit Muschel"},"content":{"rendered":"<div class=\"sale_description\">\n<div class=\"embed-responsive embed-responsive-16by9\">\n<iframe width=\"560\" height=\"315\" src=\"https:\/\/www.youtube-nocookie.com\/embed\/SxN8QqU8dMk?rel=0\" title=\"YouTube video player\" frameborder=\"0\" allow=\"accelerometer; autoplay; clipboard-write; encrypted-media; gyroscope; picture-in-picture; web-share\" allowfullscreen=\"\"><\/iframe>\n<\/div>\n<p>Eine romantische Meerjungfrau gie\u00dft Wasser aus einer Muschel in Ihren Teich. Die Figur ist ein Blickfang in jedem Garten und auf jeder Terrasse. Das <span class=\"high\">Solar Teichpumpen-Set &#8220;Meerjungfrau mit Muschel&#8221;<\/span> setzt die Kraft der Sonne in flie\u00dfendes Wasser um. Hochwertige Komponenten bringen das Wasser in Bewegung, sobald das Sonnenlicht die Solarfl\u00e4che erreicht. Je st\u00e4rker die Sonne, umso intensiver wird das Wasserspiel! Das beruhigende Rauschen des Wassers gibt jedem Teich eine besondere Note und das im Sonnenlicht funkelnde Wasser ist stets der perfekte Blickfang. Die solarbetriebene Teichpumpe ist dekorativ und zugleich n\u00fctzlich: Das flie\u00dfende Wasser des Solar-Springbrunnens sorgt f\u00fcr noch mehr <strong>Wohlgef\u00fchl <\/strong>in Ihrem Garten, ein <strong>angenehmes Mikroklima<\/strong> an hei\u00dfen Sommertagen und <strong>verbessert die Wasserqualit\u00e4t<\/strong> in Ihrem Teich.<\/p>\n<p>Die Meerjungfrau besticht durch Ihre Gr\u00f6\u00dfe und Oberfl\u00e4che, die den Eindruck einer Bronzefigur entstehen l\u00e4sst. Die kr\u00e4ftige Pumpe f\u00f6rdert das Wasser in die Muschel, aus der es dann an mehreren Stellen wieder in das Gew\u00e4sser zur\u00fcck f\u00e4llt. Dieses Wasserspiel sieht nicht nur gut aus, es sorgt auch f\u00fcr eine gute Sauerstoffversorgung in Ihrem Teich. <\/p>\n<p><strong>Solar-Teichpumpen-Set &#8220;Meerjungfrau mit Muschel&#8221; &#8211; Das Lebensgef\u00fchl f\u00fcr Ihre Sonnen-Oase!<\/strong><\/p>\n<p>Das innovative Solar-Pumpensystem garantiert Ihnen jahrelange Freude. Es hat eine Lebensdauer \u00fcber 60.000 Stunden, in denen Sie die sch\u00f6nen Wasserl\u00e4ufe bewundern k\u00f6nnen, ohne an die stetig wachsenden Strompreise denken zu m\u00fcssen. <\/p>\n<p><strong>Das solarbetriebene System k\u00f6nnen Sie an jeder Stelle im Garten einsetzen und sind nicht an die 230V-Steckdose gebunden. Das l\u00e4stige Verlegen der 230V-Kabel entf\u00e4llt. Sie k\u00f6nnen das Solarsystem optimal platzieren sowie effektvoll und sicher nutzen. Kein \u00c4rger mehr mit den durch Nagetiere besch\u00e4digten Kabeln und dadurch verursachten Stromausf\u00e4llen.<\/p>\n<p>*<\/strong>Garantie gilt nur f\u00fcr Teichpumpe, nicht Solarpanel oder Kabel.<\/p>\n<p style=\"font-size:11px;\"><b>\u042e\u0440\u0438\u0434\u0438\u0447\u0435\u0441\u043a\u043e\u0435 \u0443\u0432\u0435\u0434\u043e\u043c\u043b\u0435\u043d\u0438\u0435:<\/b> \u041d\u0430\u0448\u0438 \u0438\u0437\u0434\u0435\u043b\u0438\u044f \u043e\u043a\u0440\u0430\u0448\u0438\u0432\u0430\u044e\u0442\u0441\u044f \u0432\u0440\u0443\u0447\u043d\u0443\u044e, \u043f\u043e\u044d\u0442\u043e\u043c\u0443 \u043d\u0435\u0432\u043e\u0437\u043c\u043e\u0436\u043d\u043e \u0438\u0437\u0431\u0435\u0436\u0430\u0442\u044c \u043e\u0442\u043a\u043b\u043e\u043d\u0435\u043d\u0438\u0439 \u0432 \u0446\u0432\u0435\u0442\u0435. \u041a\u0440\u043e\u043c\u0435 \u0442\u043e\u0433\u043e, \u0438\u0437-\u0437\u0430 \u0443\u0441\u043b\u043e\u0432\u0438\u0439 \u043e\u0441\u0432\u0435\u0449\u0435\u043d\u0438\u044f \u043f\u0440\u0438 \u0441\u044a\u0435\u043c\u043a\u0435 \u0442\u043e\u0432\u0430\u0440\u0430 \u0438 \u0440\u0430\u0437\u043b\u0438\u0447\u043d\u044b\u0445 \u043d\u0430\u0441\u0442\u0440\u043e\u0435\u043a \u044d\u043a\u0440\u0430\u043d\u0430 \u0446\u0432\u0435\u0442 \u0442\u043e\u0432\u0430\u0440\u0430 \u043c\u043e\u0436\u0435\u0442 \u0431\u044b\u0442\u044c \u0432\u043e\u0441\u043f\u0440\u043e\u0438\u0437\u0432\u0435\u0434\u0435\u043d \u043d\u0435\u0442\u043e\u0447\u043d\u043e, \u043f\u043e\u044d\u0442\u043e\u043c\u0443 \u044d\u0442\u043e \u043d\u0435 \u044f\u0432\u043b\u044f\u0435\u0442\u0441\u044f \u043f\u0440\u0438\u0447\u0438\u043d\u043e\u0439 \u0434\u043b\u044f \u043f\u0440\u0435\u0442\u0435\u043d\u0437\u0438\u0439.<\/p>\n<\/div>\n<h3>\u041c\u043d\u043e\u0433\u043e \u0432\u0435\u0441\u043a\u0438\u0445 \u043f\u0440\u0438\u0447\u0438\u043d, \u043f\u043e \u043a\u043e\u0442\u043e\u0440\u044b\u043c \u0432\u044b \u0434\u043e\u043b\u0436\u043d\u044b \u043a\u0443\u043f\u0438\u0442\u044c \u044d\u0442\u043e\u0442 \u043f\u0440\u043e\u0434\u0443\u043a\u0442:<\/h3>\n<div class=\"sale_motive\">\n<ul>\n<li><b>2 Jahre Garantie*<\/b>, Lebensdauer \u00fcber 60.000 Betriebsstunden<\/li>\n<li>Das beruhigende Rauschen des Wassers im <b>Garten<\/b>, auf dem <b>Balkon<\/b> oder der <b>Terrasse<\/b><\/li>\n<li><b>authentische bronzefarbene Meerjungfrau<\/b><\/li>\n<li><b>H\u00f6he ca. 75cm<\/b><\/li>\n<li>max. F\u00f6rdermenge 500l\/h<\/li>\n<li>steckfertiges Solarpumpensystem &#8211; sofort einsatzbereit<\/li>\n<li>hochwertiges Solarpanel mit einer Leistung von 5 Watt<\/li>\n<li>integrierter Filter sch\u00fctzt die Pumpe (l\u00e4sst sich leicht reinigen)<\/li>\n<li>einstellbarer Winkel des Solarmoduls und 5 Meter Anschlusskabel machen eine optimale Platzierung des Panels im sonnigen Bereich m\u00f6glich<\/li>\n<\/ul>\n<\/div>","protected":false},"excerpt":{"rendered":"<p>Solarbetriebener, eleganter Springbrunnen in Form einer Meerjungfrau<br \/>H\u00f6he 75 cm | 5 Watt Solarpanel | max. 500l\/h<\/p>","protected":false},"featured_media":39932,"comment_status":"open","ping_status":"closed","template":"","meta":[],"product_cat":[363,278,430],"product_tag":[],"class_list":{"0":"post-30399","1":"product","2":"type-product","3":"status-publish","4":"has-post-thumbnail","6":"product_cat-solar-teichpumpen","7":"product_cat-brunnen-mit-solar-betrieb","8":"product_cat-solar-teichdekoration","10":"first","11":"instock","12":"taxable","13":"shipping-taxable","14":"purchasable","15":"product-type-simple"},"_links":{"self":[{"href":"http:\/\/igel.wovodo.de:8085\/ru\/wp-json\/wp\/v2\/product\/30399","targetHints":{"allow":["GET"]}}],"collection":[{"href":"http:\/\/igel.wovodo.de:8085\/ru\/wp-json\/wp\/v2\/product"}],"about":[{"href":"http:\/\/igel.wovodo.de:8085\/ru\/wp-json\/wp\/v2\/types\/product"}],"replies":[{"embeddable":true,"href":"http:\/\/igel.wovodo.de:8085\/ru\/wp-json\/wp\/v2\/comments?post=30399"}],"version-history":[{"count":5,"href":"http:\/\/igel.wovodo.de:8085\/ru\/wp-json\/wp\/v2\/product\/30399\/revisions"}],"predecessor-version":[{"id":39501,"href":"http:\/\/igel.wovodo.de:8085\/ru\/wp-json\/wp\/v2\/product\/30399\/revisions\/39501"}],"wp:featuredmedia":[{"embeddable":true,"href":"http:\/\/igel.wovodo.de:8085\/ru\/wp-json\/wp\/v2\/media\/39932"}],"wp:attachment":[{"href":"http:\/\/igel.wovodo.de:8085\/ru\/wp-json\/wp\/v2\/media?parent=30399"}],"wp:term":[{"taxonomy":"product_cat","embeddable":true,"href":"http:\/\/igel.wovodo.de:8085\/ru\/wp-json\/wp\/v2\/product_cat?post=30399"},{"taxonomy":"product_tag","embeddable":true,"href":"http:\/\/igel.wovodo.de:8085\/ru\/wp-json\/wp\/v2\/product_tag?post=30399"}],"curies":[{"name":"wp","href":"https:\/\/api.w.org\/{rel}","templated":true}]}}