{"id":30392,"date":"2024-10-31T14:09:03","date_gmt":"2024-10-31T13:09:03","guid":{"rendered":"http:\/\/igel.wovodo.de:8085\/product\/airbrushpistole-profi-airbrush-gravity-semi-double-action-gun-trigger-1035-sd-0-3\/"},"modified":"2025-01-27T12:30:12","modified_gmt":"2025-01-27T11:30:12","slug":"airbrushpistole-profi-airbrush-gravity-semi-double-action-gun-trigger-1035-sd-0-3","status":"publish","type":"product","link":"http:\/\/igel.wovodo.de:8085\/ru\/product\/airbrushpistole-profi-airbrush-gravity-semi-double-action-gun-trigger-1035-sd-0-3\/","title":{"rendered":"Airbrushpistole Profi-AirBrush Gravity Semi-Double-Action-Gun Trigger 1035 SD 0.3"},"content":{"rendered":"<div class=\"sale_description\">\n<p>Semi-Dual-Action: Mit dem ersten Bereich l\u00e4sst sich der Luftstrom regulieren. Es wird noch keine Farbe beigemischt. Mit dem zweiten Bereich l\u00e4sst sich die Farbzufur steuern. Der Wechsel bzw. \u00dcbergang ist durch einen Druckpunkt sp\u00fcrbar.<\/p>\n<p>Spr\u00fchpistolen, bei denen die Farbzuf\u00fchrung von oben erfolgt, man nennt man auch &#8220;Gravity&#8221;. Bauartbedingt hat diese Spritzpistole zwei Farbbeh\u00e4lter. Die Farbe gelangt hier direkt in den Nadelschaft und in die D\u00fcse. Durch die 2 Farbgeberaufs\u00e4tze ist ein extrem schneller Farbwechsel m\u00f6glich.<\/p>\n<p>\nDie Airbrushpistole Gravity-Trigger 1035 SD 0.3 ist das Ergebnis aus vielen Jahren Erfahrung in der Herstellung von Airbrushpistolen. Die perfekte Synthese aus Design und Ergonomie gepaart mit hohen Qualit\u00e4tsanspr\u00fcchen machen unser Produkt so besonders, die einen universellen Einsatz f\u00fcr Anf\u00e4nger und Profis m\u00f6glich macht.<\/p>\n<p>\nDiese qualitativ hochwertige Airbrushpistole unterscheidet sich kaum von teuren Markenprodukten, denn wir nutzen hochwertigen Edelstahl sowie Materialien f\u00fcr eine l\u00e4ngere Lebensdauer. Die gut verarbeiteten Bauteile garantieren ein qualitativ hochwertiges Spr\u00fchergebnis und lassen das Herz eines jeden K\u00fcnstlers h\u00f6her schlagen. Hier bekommen Sie ein \u201eTop Produkt\u201c f\u00fcr \u201eTop Ergebnisse\u201c zu einem unschlagbaren Preis-Leistungs-Verh\u00e4ltnis.<\/p>\n<p>\nSie wollen mehr als nur eine billige Einsteigerversion, aber keine horrenden Summen f\u00fcr eine teure Marke zahlen. Dann entscheiden Sie sich f\u00fcr dieses Preisleistungs-Wunder und holen sich etwas Gutes f\u00fcr Ihr Geld. Die Airbrushpistole Gravity-Trigger 1035 SD 0.3 liegt perfekt und leicht in der Hand, bietet Qualit\u00e4t und Flexibilit\u00e4t in der Anwendung. Die einfache Bedienung durch leichtg\u00e4ngige und hochwertige Mechanik erm\u00f6glicht dem Einsteiger sowie dem professionellen Anwender sich k\u00fcnstlerisch weiterzuentwickeln und hervorragende Werke zu erschaffen.\n<\/p>\n<\/div>\n<h3>\u041c\u043d\u043e\u0433\u043e \u0432\u0435\u0441\u043a\u0438\u0445 \u043f\u0440\u0438\u0447\u0438\u043d, \u043f\u043e \u043a\u043e\u0442\u043e\u0440\u044b\u043c \u0432\u044b \u0434\u043e\u043b\u0436\u043d\u044b \u043a\u0443\u043f\u0438\u0442\u044c \u044d\u0442\u043e\u0442 \u043f\u0440\u043e\u0434\u0443\u043a\u0442:<\/h3>\n<div class=\"sale_motive\">\n<ul>\n<li class=\"high\">Top Qualit\u00e4t f\u00fcr den professionellen Einsatz<\/li>\n<li>Brillantes Spritzbild<\/li>\n<li>Hochwertige Materialien und Verarbeitung<\/li>\n<li>Edles Design und Ergonomie<\/li>\n<li>L\u00e4ngere Lebensdauer<\/li>\n<li>Leicht und Handlich<\/li>\n<li>Einfache Handhabung mit Pistolengriff<\/li>\n<li>Schutzkappe aus transparentem Gummi<\/li>\n<li>Metall-Farbbeh\u00e4lter mit 2,5ml und 10ml (mit Deckel)<\/li>\n<li>Zukunftsorientierte Bauweise<\/li>\n<li>Perfektes Preis-Leistungs-Verh\u00e4ltnis<\/li>\n<\/ul>\n<\/div>","protected":false},"excerpt":{"rendered":"<p>Qualitativ hochwertige Gravity-Spr\u00fchpistole mit 0,3mm D\u00fcse \/ 2,5ml und 10ml Farbbeh\u00e4lter \/ Semi-Double-Action \/ Druckkontrolle  \/ Arbeitsdruck: 15-50 PSI \/ 1-3,4 bar \/ Aufbewahrungsbox. D\u00fcsen\/Nadeln 0,2\/0,3\/0,5mm separat als Ersatzteile bestellbar<\/p>","protected":false},"featured_media":37646,"comment_status":"open","ping_status":"closed","template":"","meta":[],"product_cat":[397,445],"product_tag":[],"class_list":{"0":"post-30392","1":"product","2":"type-product","3":"status-publish","4":"has-post-thumbnail","6":"product_cat-airbrushpistolen","7":"product_cat-double-action","9":"first","10":"instock","11":"taxable","12":"shipping-taxable","13":"purchasable","14":"product-type-simple"},"_links":{"self":[{"href":"http:\/\/igel.wovodo.de:8085\/ru\/wp-json\/wp\/v2\/product\/30392","targetHints":{"allow":["GET"]}}],"collection":[{"href":"http:\/\/igel.wovodo.de:8085\/ru\/wp-json\/wp\/v2\/product"}],"about":[{"href":"http:\/\/igel.wovodo.de:8085\/ru\/wp-json\/wp\/v2\/types\/product"}],"replies":[{"embeddable":true,"href":"http:\/\/igel.wovodo.de:8085\/ru\/wp-json\/wp\/v2\/comments?post=30392"}],"version-history":[{"count":1,"href":"http:\/\/igel.wovodo.de:8085\/ru\/wp-json\/wp\/v2\/product\/30392\/revisions"}],"predecessor-version":[{"id":35007,"href":"http:\/\/igel.wovodo.de:8085\/ru\/wp-json\/wp\/v2\/product\/30392\/revisions\/35007"}],"wp:featuredmedia":[{"embeddable":true,"href":"http:\/\/igel.wovodo.de:8085\/ru\/wp-json\/wp\/v2\/media\/37646"}],"wp:attachment":[{"href":"http:\/\/igel.wovodo.de:8085\/ru\/wp-json\/wp\/v2\/media?parent=30392"}],"wp:term":[{"taxonomy":"product_cat","embeddable":true,"href":"http:\/\/igel.wovodo.de:8085\/ru\/wp-json\/wp\/v2\/product_cat?post=30392"},{"taxonomy":"product_tag","embeddable":true,"href":"http:\/\/igel.wovodo.de:8085\/ru\/wp-json\/wp\/v2\/product_tag?post=30392"}],"curies":[{"name":"wp","href":"https:\/\/api.w.org\/{rel}","templated":true}]}}