{"id":30301,"date":"2024-10-31T14:08:12","date_gmt":"2024-10-31T13:08:12","guid":{"rendered":"http:\/\/igel.wovodo.de:8085\/product\/tauchdruckpumpe-drain-top-vortex-370-gm-magnetic-float\/"},"modified":"2025-01-27T12:29:42","modified_gmt":"2025-01-27T11:29:42","slug":"tauchdruckpumpe-drain-top-vortex-370-gm-magnetic-float","status":"publish","type":"product","link":"http:\/\/igel.wovodo.de:8085\/ru\/product\/tauchdruckpumpe-drain-top-vortex-370-gm-magnetic-float\/","title":{"rendered":"Tauchdruckpumpe DRAIN-TOP-VORTEX 370-\/GM MAGNETIC FLOAT"},"content":{"rendered":"<div class=\"sale_application\">\n<ul>\n<li>Schmutzwasser-Tauchpumpe (Partikelgr\u00f6\u00dfe bis ca. 2mm) aus EU-Produktion mit Magnetschwimmer\n<\/li>\n<li>zur Kellerentw\u00e4sserung\n<\/li>\n<li>zur Drainage-Entw\u00e4sserung\n<\/li>\n<li>\u0434\u043b\u044f \u043f\u043e\u043d\u0438\u0436\u0435\u043d\u0438\u044f \u0443\u0440\u043e\u0432\u043d\u044f \u0433\u0440\u0443\u043d\u0442\u043e\u0432\u044b\u0445 \u0432\u043e\u0434\n<\/li>\n<li>f\u00fcr klares F\u00e4kalien-Abwasser\n<\/li>\n<li>Beh\u00e4lter-Umf\u00fcllung\n<\/li>\n<li>zur Regenwasser-Nutzung\n<\/li>\n<li>im Teich, Bach oder Flusslauf <\/li>\n<\/ul><\/div>\n<div class=\"sale_description\">\n<p>\u0421\u0430\u0439\u0442 <b>Tauchdruckpumpe DRAIN-TOP-VORTEX 370-\/GM MAGNETIC FLOAT<\/b> ist in ihrer Bauart eine sehr zuverl\u00e4ssige und solide PROFI-Tauchpumpe f\u00fcr den industriellen und privaten Einsatz.<\/p>\n<p>Diese Pumpen werden in der EU entwickelt und hergestellt &#8211; von einem marktf\u00fchrenden Qualit\u00e4ts-Unternehmen mit \u00fcber 40-j\u00e4hrigen Tradition in der Pumpenfertigung! Der qualit\u00e4ts\u00fcberwachte Fertigungsprozess ist mehrfach zertifiziert. Die innovative und zukunftsweisende Bauart ist durch diverse Schutzrechte best\u00e4tigt.<\/p>\n<p>Die Tauchpumpe ist mit einem <b>Magnetschwimmer<\/b> ausgestattet. <\/p>\n<p>Durch die Konstruktion mit <b>3-facher Wellenabdichtungen<\/b> hat die Tauchpumpe eine deutlich h\u00f6here Lebensdauer als Pumpen mit herk\u00f6mmlichen mechanischen Dichtungen. Die Tauchpumpe DRAIN-TOP-VORTEX 370-\/GM MAGNETIC FLOAT ist auch f\u00fcr Extrem-Eins\u00e4tze bestens geeignet. Die Tauchpumpe kann das Restwasser bis auf ca. 4cm abf\u00fchren. Trotz der geringen Leistungsaufnahme schafft die Tauchpumpe mit magnetischem Schwimmer eine F\u00f6rdermenge von bis zu 10.800l\/h. Durch ihr geringes Gewicht und den integrierten Tragegriff ist sie mobil und schnell einsatzbereit.<\/p>\n<\/div>\n<h3>\u041c\u043d\u043e\u0433\u043e \u0432\u0435\u0441\u043a\u0438\u0445 \u043f\u0440\u0438\u0447\u0438\u043d, \u043f\u043e \u043a\u043e\u0442\u043e\u0440\u044b\u043c \u0432\u044b \u0434\u043e\u043b\u0436\u043d\u044b \u043a\u0443\u043f\u0438\u0442\u044c \u044d\u0442\u043e\u0442 \u043f\u0440\u043e\u0434\u0443\u043a\u0442:<\/h3>\n<div class=\"sale_motive\">\n<ul>\n<li>Spitzen-Qualit\u00e4t aus <b>europ\u00e4ischer Fertigung<\/b>\n<\/li>\n<li>Dank der besonderen Technik ist dies eine der effektivsten und energiesparsamsten Pumpen auf dem Markt!\n  <\/li>\n<li>integrierter magnetischer Schwimmerschalter\n<\/li>\n<li>F\u00f6rdermenge von 10.800l\/h bei einer Leistungsaufnahme von 370W\n<\/li>\n<li>sehr lange Lebensdauer durch 3-faches Dichtungsystem mit \u00d6lkammer\n<\/li>\n<li>flach absaugende, solide und zuverl\u00e4ssige Schmutzwasserpumpe\n<\/li>\n<li>1 1\/4-Anschluss auf der Druckseite\n<\/li>\n<li>\u0422\u0440\u0430\u043d\u0441\u043f\u043e\u0440\u0442\u0438\u0440\u043e\u0432\u043a\u0430 \u0438 \u0431\u044b\u0441\u0442\u0440\u0430\u044f \u0433\u043e\u0442\u043e\u0432\u043d\u043e\u0441\u0442\u044c \u043a \u0438\u0441\u043f\u043e\u043b\u044c\u0437\u043e\u0432\u0430\u043d\u0438\u044e <\/li>\n<\/ul>\n<\/div>","protected":false},"excerpt":{"rendered":"<p>Tauchpumpe mit integriertem magnetischem Schwimmerschalter<\/p>\n<p><b>EU-QUALIT\u00c4T!<\/b><\/p>","protected":false},"featured_media":39833,"comment_status":"open","ping_status":"closed","template":"","meta":[],"product_cat":[279,377,366],"product_tag":[],"class_list":{"0":"post-30301","1":"product","2":"type-product","3":"status-publish","4":"has-post-thumbnail","6":"product_cat-schmutzwasserpumpe","7":"product_cat-mit-schwimmerschalter","8":"product_cat-eu-produktion-tauchpumpen","10":"first","11":"instock","12":"taxable","13":"shipping-taxable","14":"purchasable","15":"product-type-simple"},"_links":{"self":[{"href":"http:\/\/igel.wovodo.de:8085\/ru\/wp-json\/wp\/v2\/product\/30301","targetHints":{"allow":["GET"]}}],"collection":[{"href":"http:\/\/igel.wovodo.de:8085\/ru\/wp-json\/wp\/v2\/product"}],"about":[{"href":"http:\/\/igel.wovodo.de:8085\/ru\/wp-json\/wp\/v2\/types\/product"}],"replies":[{"embeddable":true,"href":"http:\/\/igel.wovodo.de:8085\/ru\/wp-json\/wp\/v2\/comments?post=30301"}],"version-history":[{"count":1,"href":"http:\/\/igel.wovodo.de:8085\/ru\/wp-json\/wp\/v2\/product\/30301\/revisions"}],"predecessor-version":[{"id":34917,"href":"http:\/\/igel.wovodo.de:8085\/ru\/wp-json\/wp\/v2\/product\/30301\/revisions\/34917"}],"wp:featuredmedia":[{"embeddable":true,"href":"http:\/\/igel.wovodo.de:8085\/ru\/wp-json\/wp\/v2\/media\/39833"}],"wp:attachment":[{"href":"http:\/\/igel.wovodo.de:8085\/ru\/wp-json\/wp\/v2\/media?parent=30301"}],"wp:term":[{"taxonomy":"product_cat","embeddable":true,"href":"http:\/\/igel.wovodo.de:8085\/ru\/wp-json\/wp\/v2\/product_cat?post=30301"},{"taxonomy":"product_tag","embeddable":true,"href":"http:\/\/igel.wovodo.de:8085\/ru\/wp-json\/wp\/v2\/product_tag?post=30301"}],"curies":[{"name":"wp","href":"https:\/\/api.w.org\/{rel}","templated":true}]}}