{"id":30175,"date":"2024-10-31T14:06:53","date_gmt":"2024-10-31T13:06:53","guid":{"rendered":"http:\/\/igel.wovodo.de:8085\/product\/profi-airbrush-zubehoer-paket-ii\/"},"modified":"2025-01-27T12:29:03","modified_gmt":"2025-01-27T11:29:03","slug":"profi-airbrush-zubehoer-paket-ii","status":"publish","type":"product","link":"http:\/\/igel.wovodo.de:8085\/ru\/product\/profi-airbrush-zubehoer-paket-ii\/","title":{"rendered":"Profi-AirBrush Zubeh\u00f6r Paket II"},"content":{"rendered":"<div class=\"sale_application\">\n<b><\/p>\n<p>\u0418\u0434\u0435\u0430\u043b\u044c\u043d\u043e \u043f\u043e\u0434\u0445\u043e\u0434\u0438\u0442 \u0434\u043b\u044f \u043a\u043e\u0441\u043c\u0435\u0442\u0438\u043a\u0438 \u0438 \u043a\u0440\u0430\u0441\u043e\u0442\u044b (\u0430\u044d\u0440\u043e\u0433\u0440\u0430\u0444\u0438\u044f \u0434\u043b\u044f \u043d\u043e\u0433\u0442\u0435\u0439, \u043c\u0430\u043a\u0438\u044f\u0436, \u043e\u043a\u0440\u0430\u0448\u0438\u0432\u0430\u043d\u0438\u0435 \u0432\u043e\u043b\u043e\u0441, \u0443\u0445\u043e\u0434 \u0437\u0430 \u0432\u043e\u043b\u043e\u0441\u0430\u043c\u0438, \u0430\u044d\u0440\u043e\u0437\u043e\u043b\u044c\u043d\u044b\u0439 \u0437\u0430\u0433\u0430\u0440), \u0431\u043e\u0434\u0438-\u0430\u0440\u0442\u0430 (\u0440\u043e\u0441\u043f\u0438\u0441\u044c \u043f\u043e \u0442\u0435\u043b\u0443, \u0442\u0430\u0442\u0443\u0438\u0440\u043e\u0432\u043a\u0438, \u0434\u0438\u0437\u0430\u0439\u043d \u043c\u0430\u0441\u043e\u043a), \u0445\u043e\u0431\u0431\u0438 (\u0446\u0432\u0435\u0442\u044b\/ \u0446\u0432\u0435\u0442\u043e\u0447\u043d\u044b\u0435 \u043a\u043e\u043c\u043f\u043e\u0437\u0438\u0446\u0438\u0438, \u0438\u0437\u0433\u043e\u0442\u043e\u0432\u043b\u0435\u043d\u0438\u0435 \u043c\u043e\u0434\u0435\u043b\u0435\u0439, \u043a\u0435\u0440\u0430\u043c\u0438\u043a\u0430\/ \u0433\u043e\u043d\u0447\u0430\u0440\u043d\u043e\u0435 \u0434\u0435\u043b\u043e, \u0442\u0435\u043a\u0441\u0442\u0438\u043b\u044c), \u043d\u0435\u0431\u043e\u043b\u044c\u0448\u0438\u0445 \u0430\u0432\u0442\u043e\u043c\u043e\u0431\u0438\u043b\u044c\u043d\u044b\u0445 \u0434\u0438\u0437\u0430\u0439\u043d\u043e\u0432 (\u043a\u0440\u044b\u0448\u043a\u0438 \u0431\u0435\u043d\u0437\u043e\u0431\u0430\u043a\u043e\u0432\/ \u0448\u043b\u0435\u043c\u044b), \u0442\u0435\u0445\u043d\u0438\u0447\u0435\u0441\u043a\u0438\u0445 \u0438\u043b\u043b\u044e\u0441\u0442\u0440\u0430\u0446\u0438\u0439\/ \u0444\u043e\u0442\u043e\u0440\u0435\u0442\u0443\u0448\u0438 \u0438 \u0443\u043a\u0440\u0430\u0448\u0435\u043d\u0438\u044f \u0435\u0434\u044b (\u0442\u043e\u0440\u0442\u044b\/ \u043a\u0435\u043a\u0441\u044b). \u0412\u043e\u0437\u043c\u043e\u0436\u043d\u043e\u0441\u0442\u0438 \u0430\u044d\u0440\u043e\u0433\u0440\u0430\u0444\u0438\u0438 \u043f\u0440\u0430\u043a\u0442\u0438\u0447\u0435\u0441\u043a\u0438 \u0431\u0435\u0437\u0433\u0440\u0430\u043d\u0438\u0447\u043d\u044b.<\/p>\n<p><\/b> <\/div>\n<div class=\"sale_description\">\n<p><b>Die UNIVERSAL-Airbrush-Pistole <strong>&#8220;Double-Action-Gun 134s&#8221;<\/strong> ist einzigartig und einmalig f\u00fcr diese Preisklasse!<\/b><\/p>\n<p>Die Airbrush-Pistole &#8220;Double-Action-Gun 134s&#8221; mit 0,2mm \/ 0,3mm \/ 0,5mm NADEL\/D\u00dcSE Kombination und 2 verschiedenen Farbbeh\u00e4ltern (7ml und 22ml) ist besonders f\u00fcr den Beginner zum Kennenlernen der einzelnen Techniken und f\u00fcr ein z\u00fcgiges Arbeiten optimal geeignet. Damit lassen sich sowohl feine Linien ziehen, als auch gr\u00f6\u00dfere Fl\u00e4chen airbrushen. F\u00fcr gr\u00f6\u00dfere Farbmengen wird der 22ml-Glasbeh\u00e4lter und f\u00fcr kleinere Farbmengen der 7ccl Metallaufsatz verwendet. Mit der UNIVERSAL AIRBRUSH-PISTOLE DOUBLE-ACTION 134s macht das Hobby richtig Spa\u00df!<\/p>\n<p>Bei der <strong>&#8220;Single-Action-Gun 138 D 0,3&#8221;<\/strong> wird mit dem Bedienungshebel die Luftmenge und mit einem anderen Regler die Farbmenge gesteuert. Die maximale Farbmenge kann hinten an der R\u00e4ndelschraube (Farbmengen-Regulierschraube) eingestellt werden.<\/p>\n<p>Das Spr\u00fchmuster dieser Pistole weist mit einem Umfang von 1\/4 &#8211; 1 1\/2 Zoll eine gro\u00dfe Vielseitigkeit aus. F\u00fcr den Einsatz wird ein Adapter ben\u00f6tigt, um die g\u00e4ngigen 1\/4 Zoll Kompressoranschl\u00fcsse auf den kleinern Schlauchdurchmesser zu reduzieren.<\/p>\n<\/div>\n<h3>\u041c\u043d\u043e\u0433\u043e \u0432\u0435\u0441\u043a\u0438\u0445 \u043f\u0440\u0438\u0447\u0438\u043d, \u043f\u043e \u043a\u043e\u0442\u043e\u0440\u044b\u043c \u0432\u044b \u0434\u043e\u043b\u0436\u043d\u044b \u043a\u0443\u043f\u0438\u0442\u044c \u044d\u0442\u043e\u0442 \u043f\u0440\u043e\u0434\u0443\u043a\u0442:<\/h3>\n<div class=\"sale_motive\">\n<ul>\n<li>\u0428\u0438\u0440\u043e\u043a\u0438\u0439 \u0432\u044b\u0431\u043e\u0440 \u0430\u043a\u0441\u0435\u0441\u0441\u0443\u0430\u0440\u043e\u0432<\/li>\n<li><strong>2 Airbrush Pistolen<\/strong> erm\u00f6glichen ein breites Spektrum an Lackierarbeiten<\/li>\n<li><strong>brillantes Spritzbild<\/strong><\/li>\n<li>solide Verarbeitung<\/li>\n<li>Metall-Farbbeh\u00e4lter mit 7ml und ein Glasfarbbeh\u00e4lter mit 22l und Deckel erm\u00f6glichen einen schnellen Farbwechsel<\/li>\n<li>3 Nadeln inklusive (0,2mm \/ 0,3mm \/ 0,5mm)<\/li>\n<li>zukunftsorientierte Bauweise <\/li>\n<li>formsch\u00f6nes Design<\/li>\n<li>\u041f\u0440\u043e\u0441\u0442\u043e\u0435 \u0443\u043f\u0440\u0430\u0432\u043b\u0435\u043d\u0438\u0435<\/li>\n<\/ul>\n<\/div>","protected":false},"excerpt":{"rendered":"<p>Zwei Airbrush Pistolen &#8220;Dual-Action 134s&#8221; mit D\u00fcse: 0,2mm \/ 0,3mm \/ 0,5mm und &#8220;Single-Action 138&#8221; + 1,8m Schlauch und viel Zubeh\u00f6r<\/p>","protected":false},"featured_media":32016,"comment_status":"open","ping_status":"closed","template":"","meta":[],"product_cat":[328,256,188],"product_tag":[],"class_list":{"0":"post-30175","1":"product","2":"type-product","3":"status-publish","4":"has-post-thumbnail","6":"product_cat-sets","7":"product_cat-zubehoer-airbrush","8":"product_cat-airbrush-set","10":"first","11":"instock","12":"taxable","13":"shipping-taxable","14":"purchasable","15":"product-type-simple"},"_links":{"self":[{"href":"http:\/\/igel.wovodo.de:8085\/ru\/wp-json\/wp\/v2\/product\/30175","targetHints":{"allow":["GET"]}}],"collection":[{"href":"http:\/\/igel.wovodo.de:8085\/ru\/wp-json\/wp\/v2\/product"}],"about":[{"href":"http:\/\/igel.wovodo.de:8085\/ru\/wp-json\/wp\/v2\/types\/product"}],"replies":[{"embeddable":true,"href":"http:\/\/igel.wovodo.de:8085\/ru\/wp-json\/wp\/v2\/comments?post=30175"}],"version-history":[{"count":1,"href":"http:\/\/igel.wovodo.de:8085\/ru\/wp-json\/wp\/v2\/product\/30175\/revisions"}],"predecessor-version":[{"id":34793,"href":"http:\/\/igel.wovodo.de:8085\/ru\/wp-json\/wp\/v2\/product\/30175\/revisions\/34793"}],"wp:featuredmedia":[{"embeddable":true,"href":"http:\/\/igel.wovodo.de:8085\/ru\/wp-json\/wp\/v2\/media\/32016"}],"wp:attachment":[{"href":"http:\/\/igel.wovodo.de:8085\/ru\/wp-json\/wp\/v2\/media?parent=30175"}],"wp:term":[{"taxonomy":"product_cat","embeddable":true,"href":"http:\/\/igel.wovodo.de:8085\/ru\/wp-json\/wp\/v2\/product_cat?post=30175"},{"taxonomy":"product_tag","embeddable":true,"href":"http:\/\/igel.wovodo.de:8085\/ru\/wp-json\/wp\/v2\/product_tag?post=30175"}],"curies":[{"name":"wp","href":"https:\/\/api.w.org\/{rel}","templated":true}]}}