{"id":30174,"date":"2024-10-31T14:06:52","date_gmt":"2024-10-31T13:06:52","guid":{"rendered":"http:\/\/igel.wovodo.de:8085\/product\/regentonne-saeule-250l-granit-grau-zzgl-fallrohrfilter-t33-auswahl\/"},"modified":"2025-01-27T12:29:03","modified_gmt":"2025-01-27T11:29:03","slug":"regentonne-saeule-250l-granit-grau-zzgl-fallrohrfilter-t33-auswahl","status":"publish","type":"product","link":"http:\/\/igel.wovodo.de:8085\/ru\/product\/regentonne-saeule-250l-granit-grau-zzgl-fallrohrfilter-t33-auswahl\/","title":{"rendered":"Regentonne S\u00c4ULE 250l granit-grau zzgl. Fallrohrfilter T33-<b>Auswahl<\/b>"},"content":{"rendered":"<div class=\"sale_application\">\n<ul>\n<li>Hochwertiger Regenwasserbeh\u00e4lter mit geringer Grundfl\u00e4che &#8211; ideal f\u00fcr enge Eingangsbereiche, Durchfahrten und Terrassen<\/li>\n<\/ul><\/div>\n<div class=\"sale_description\">\n<p>Diese Regentonne &#8220;S\u00c4ULE&#8221; ist anders als alle anderen Regentonnen. Das schmale Regenfass hat sich besonders in engen Eingangsbereichen, Durchfahrten und Terrassen mit wenig Platz bew\u00e4hrt. Durch ihre <b>geringe Grundfl\u00e4che<\/b> und ihr <b>hohes Speichervolumen<\/b> kann man mit dieser platzsparenden Regentonne auch in engen Bereichen Wasser speichern. Das moderne, schlichte Design passt zur zeitgem\u00e4\u00dfen Architektur. Erh\u00e4ltlich ist die schmale Regentonne &#8220;S\u00e4le in den Farben anthrazit oder granit-grau. Dadurch f\u00fcgt sich der Regenbeh\u00e4lter f\u00fcr wenig Platz harmonisch in das moderne Zuhause.<\/p>\n<h2>Material und Herstellung<\/h2>\n<p>Die Regentonnen werden aus Polyethylen (PE-Kunststoff) hergestellt. Das innovative Herstellungsverfahren der Rotations-Inter-Technik und das Herstellungsmaterial macht unsere Regenwasserf\u00e4sser zu echten <b>LONG-LIFE-Regentonnen<\/b>. Bei der <b>Rotations-Inter-Fertigungstechnik<\/b> wird jedes Regenfass in einem St\u00fcck hergestellt. Ohne Schweissn\u00e4hte! Das Herstellungsverfahren und die Materialauswahl verleihen unseren Regentonnen eine Top-Qualit\u00e4t und viele gute Eigenschaften:<br \/> <b>Die Regentonnen sind frostfest, dauerelastisch, bruch- und schlagfest, UV- und witterungsbest\u00e4ndig sowie dauerhaft dicht, stabil und langlebig.<\/b><\/p>\n<p>Einmal richtig installiert und angeschlossen &#8211; und Sie haben sehr, sehr lange Freude daran! Kein Billigm\u00fcll, der nach 2-3 Jahren auf dem Bauhof landet und die M\u00fcllhalden f\u00fcllt. Die Tonnen sind nicht billig, aber in jedem Fall das Geld wert!<\/p>\n<p>Jede Regentonne ist ein &#8220;Unikat!&#8221; Sie werden viel Spass und Freude an diesem Produkt haben!<\/p>\n<h2>Inklusive Deckel und Auslauf-Hahn<\/h2>\n<p>Im Lieferumfang dieser hochwertigen Regentonne im formsch\u00f6nen Design sind ein Deckel und ein Auslauf-Hahn enthalten. Der Auslaufhahn f\u00fcr Regentonnen in schwarz aus PE-Kunststoff hat einen 3\/4-Zoll-Anschluss. Er kann optimal an den dezent vorgeformten Stellen am Regenfass f\u00fcr den Wasser-Zu- und Ablauf angebracht werden.<\/p>\n<p>Anschl\u00fcsse an der Tonne sind angeformt aber nicht vorgebohrt, was Ihnen individuelle Aufstellm\u00f6glichkeit bietet. Die \u00d6ffnungen f\u00fcr Zulauf\/Ablauf k\u00f6nnen beliebig an der Regentonne gebohrt werden. In 5cm \u00fcber dem Tonnenboden vorgeformte \u00d6ffnung ist f\u00fcr Winterstopfen vorgesehen und erm\u00f6glicht eine komfortable Entleerung der Tonne im Herbst.<\/p>\n<p>Weiterhin muss beachtet werden, dass die Regentonne &#8220;S\u00e4ule&#8221; an der Hauswand befestigt werden kann (Umsturzgefahr). Befestigungsmaterial f\u00fcr die \u00fcbliche Wandmauer k\u00f6nnen Sie als Zubeh\u00f6r dazubestellen. Bitte beachten Sie dabei Ihre Wandbeschaffenheit.<\/p>\n<p><\/p>\n<h2>Unsere Tipps f\u00fcr Zubeh\u00f6r <b>(wenn ausgew\u00e4hlt)<\/b><\/h2>\n<p>Zu den Regentonnen <b>empfehlen<\/b> wir, stets das passende <b>Anschluss-Zubeh\u00f6r<\/b> mitzubestellen:<\/p>\n<ul>\n<li>Entweder den <b>Filter T33<\/b> mit Zubeh\u00f6r (Lieferung inkl. Filter T33 und allem Zubeh\u00f6r, wie oben sowie dem Entnahmeset, mit dem Sie das Wasser aus der Tonne restlos entnehmen k\u00f6nnen).<\/li>\n<\/ul>\n<p><b>Der Filter T33 bef\u00fcllt Ihre Regentonne automatisch mit sauberem Wasser, auch wenn Sie nicht zu Hause sind! <\/b><\/p>\n<p>Der Regenfilter wird in das Fallrohr der Regenrinne eingebaut. Dort filtert er Bl\u00e4tter, Insekten, Sandk\u00f6rner und andere Partikel aus dem Regenwasser. So wird die Regentonne stets mit sauberem Wasser bef\u00fcllt.<\/p>\n<p>Der Filter ist mit einer <span class=\"high2\">&#8220;F\u00fcll-Stopp-Automatik&#8221;<\/span> ausgestattet. In der entsprechenden H\u00f6he in das Fallrohr eingebaut (Montageanleitung beachten) sorgt der Filter automatisch daf\u00fcr, dass die Regentonne nicht \u00fcberl\u00e4uft. Dadurch werden teuere Wassersch\u00e4den an Haus und Kellerwand zuverl\u00e4ssig vermieden.<\/p>\n<p>\u0421\u0430\u0439\u0442 <b>Wirkungsgrad ist, im Vergleich zu anderen Filtern, mit \u00fcber 90%<\/b>, sehr hoch und vergleichbar mit einer Fallrohrklappe. Das l\u00e4stige Bedienen der Fallrohrklappe entf\u00e4llt jedoch komplett!<\/p>\n<p><\/p>\n<p><b>\u041f\u0440\u0438\u043c\u0435\u0447\u0430\u043d\u0438\u0435:<\/b> Leider kommen beim Transport und Handling von Tanks sowie Regentonnen leichte Kratzer sowie Scheuerstellen vor. Diese sind unvermeidbar. Sie stellen keinen Reklamationsgrund dar und berechtigen nicht zu Abz\u00fcgen oder Rechnungsminderung.<\/p>\n<p>Sicherheitshinweis: Wir empfehlen eine Entleerung und Reinigung der Regentonne im Winter.<\/p>\n<\/div>\n<h3>\u041c\u043d\u043e\u0433\u043e \u0432\u0435\u0441\u043a\u0438\u0445 \u043f\u0440\u0438\u0447\u0438\u043d, \u043f\u043e \u043a\u043e\u0442\u043e\u0440\u044b\u043c \u0432\u044b \u0434\u043e\u043b\u0436\u043d\u044b \u043a\u0443\u043f\u0438\u0442\u044c \u044d\u0442\u043e\u0442 \u043f\u0440\u043e\u0434\u0443\u043a\u0442:<\/h3>\n<div class=\"sale_motive\">\n<ul>\n<li>Schlanke Long-Life-Regentonne: geringe Grundfl\u00e4che &#8211; trotzdem hohes Speichervolumen<\/li>\n<li>findet in engsten Bereichen Platz<\/li>\n<li>Material: stabiles und UV-best\u00e4ndiges Polyethylen (Herstellung im Rotationsverfahren in einem St\u00fcck und ohne Schwei\u00dfn\u00e4hte)<\/li>\n<li>frostfest | | UV-best\u00e4ndig | stabil | bruch- und schlagfest | dauerelastisch\n<\/li>\n<li>Spitzenprodukt &#8211; h\u00e4lt bis zu 15 mal l\u00e4nger als Billig-Regentonnen<\/li>\n<li>modern-elegantes Design<\/li>\n<li>inkl. Deckel<\/li>\n<li>inkl. Wasserhahn und Stopfen f\u00fcr die Auslass\u00f6ffnung<\/li>\n<\/ul>\n<\/div>","protected":false},"excerpt":{"rendered":"<p>Die Regentonne &#8220;S\u00e4ule&#8221; ist f\u00fcr jeden, der keine 0-8-15 Regentonne bei sich im Garten stehen haben will. Das Fassungsverm\u00f6gen der Tonne betr\u00e4gt 250 Liter.<br \/>\n  <b>Ideal bei wenig Platz!<\/b><\/p>","protected":false},"featured_media":32015,"comment_status":"open","ping_status":"closed","template":"","meta":[],"product_cat":[335,336],"product_tag":[],"class_list":{"0":"post-30174","1":"product","2":"type-product","3":"status-publish","4":"has-post-thumbnail","6":"product_cat-regentonne-saeule","7":"product_cat-saeule","9":"first","10":"instock","11":"taxable","12":"shipping-taxable","13":"purchasable","14":"product-type-simple"},"_links":{"self":[{"href":"http:\/\/igel.wovodo.de:8085\/ru\/wp-json\/wp\/v2\/product\/30174","targetHints":{"allow":["GET"]}}],"collection":[{"href":"http:\/\/igel.wovodo.de:8085\/ru\/wp-json\/wp\/v2\/product"}],"about":[{"href":"http:\/\/igel.wovodo.de:8085\/ru\/wp-json\/wp\/v2\/types\/product"}],"replies":[{"embeddable":true,"href":"http:\/\/igel.wovodo.de:8085\/ru\/wp-json\/wp\/v2\/comments?post=30174"}],"version-history":[{"count":1,"href":"http:\/\/igel.wovodo.de:8085\/ru\/wp-json\/wp\/v2\/product\/30174\/revisions"}],"predecessor-version":[{"id":34792,"href":"http:\/\/igel.wovodo.de:8085\/ru\/wp-json\/wp\/v2\/product\/30174\/revisions\/34792"}],"wp:featuredmedia":[{"embeddable":true,"href":"http:\/\/igel.wovodo.de:8085\/ru\/wp-json\/wp\/v2\/media\/32015"}],"wp:attachment":[{"href":"http:\/\/igel.wovodo.de:8085\/ru\/wp-json\/wp\/v2\/media?parent=30174"}],"wp:term":[{"taxonomy":"product_cat","embeddable":true,"href":"http:\/\/igel.wovodo.de:8085\/ru\/wp-json\/wp\/v2\/product_cat?post=30174"},{"taxonomy":"product_tag","embeddable":true,"href":"http:\/\/igel.wovodo.de:8085\/ru\/wp-json\/wp\/v2\/product_tag?post=30174"}],"curies":[{"name":"wp","href":"https:\/\/api.w.org\/{rel}","templated":true}]}}