{"id":30153,"date":"2024-10-31T14:06:43","date_gmt":"2024-10-31T13:06:43","guid":{"rendered":"http:\/\/igel.wovodo.de:8085\/product\/regentonne-eichenfass-450l-zzgl-fallrohrfilter-t33-t50-auswahl\/"},"modified":"2025-01-27T12:28:57","modified_gmt":"2025-01-27T11:28:57","slug":"regentonne-eichenfass-450l-zzgl-fallrohrfilter-t33-t50-auswahl","status":"publish","type":"product","link":"http:\/\/igel.wovodo.de:8085\/ru\/product\/regentonne-eichenfass-450l-zzgl-fallrohrfilter-t33-t50-auswahl\/","title":{"rendered":"Regentonne Eichenfass 450L zzgl. Fallrohrfilter T33 \/ T50 &#8211; <b>Auswahl<\/b>"},"content":{"rendered":"<div class=\"sale_application\">\n<ul>\n<li>Hochwertiges Regenfass mit Fallrohr-Filter<\/li>\n<\/ul><\/div>\n<div class=\"sale_description\">\n<p>Unsere rustikalen &#8220;Eichen-F\u00e4sser&#8221; in voller Sch\u00f6nheit! Als Regentonne, als Garten-Theke, als Ordnungskiste f\u00fcr Spielzeug oder Gartenutensilien oder&#8230;oder&#8230;oder&#8230; Ein Schmuckst\u00fcck f\u00fcr Heim und Garten &#8211; und n\u00fctzlich! Diese Regentonne \u00fcberzeugt nicht nur in Funktion, sondern auch im Design und den langlebigen Produkteigenschaften. Durch das einzigartige Herstellungsverfahren wurde die Holzstruktur nicht nur optisch, sondern auch f\u00fchlbar nachgebildet. Sie werden begeistert sein! Die Regentonne Eichenfass ist eine einmalige Anschaffung, die selbst nach Jahren noch dauerhaft dicht und witterungsbest\u00e4ndig ist.<\/p>\n<p><strong>Material und Herstellung<\/strong><br \/>\n  Die Regentonnen werden aus Polyethylen (PE-Kunststoff) hergestellt. Das innovative Herstellungsverfahren der Rotations-Inter-Technik und das Herstellungsmaterial macht unsere Regenwasserf\u00e4sser zu echten LONG-LIFE-Regentonnen. Bei der Rotations-Inter-Fertigungstechnik wird jedes Regenfass in einem St\u00fcck hergestellt. Ohne Schweissn\u00e4hte! Das Herstellungsverfahren und die Materialauswahl verleihen unseren Regentonnen eine Top-Qualit\u00e4t und viele gute Eigenschaften: Die Regentonnen sind <b>frostfest, dauerelastisch, bruch- und schlagfest, UV- und witterungsbest\u00e4ndig sowie dauerhaft dicht, stabil und langlebig.<\/b><\/p>\n<p>Dezent angeformte flache Stellen sind f\u00fcr Wasserzulauf und -ablauf vorgesehen. Im Bedarfsfall k\u00f6nnen diese bauseitig aufgebohrt werden. Einmal richtig installiert und angeschlossen &#8211; und Sie haben sehr, sehr lange Freude daran! Kein Billigm\u00fcll, der nach 2-3 Jahren auf dem Bauhof landet und die M\u00fcllhalden f\u00fcllt. Die Tonnen sind nicht billig, aber in jedem Fall das Geld wert!<\/p>\n<p>Jede Regentonne ist ein &#8220;Unikat!&#8221; Sie werden viel Spass und Freude an diesem Produkt haben!<\/p>\n<p><strong>Deckel mit kindersicherem Bajonett-Verschluss und Auslauf-Hahn<\/strong><br \/>\n  Im Lieferumfang dieser hochwertigen Regentonne im formsch\u00f6nen Design sind ein Deckel und ein Auslauf-Hahn enthalten. Beim Verschluss des Regentonnen-Deckels handelt es sich um einen kindersichereren Bajonett-Verschluss. Diesen speziellen Verschluss finden sie bei unseren Modellen Regentonne Eichenfass, Regentonne Baum und Regentonne Fels. Der Auslaufhahn f\u00fcr Regentonnen in schwarz aus PE-Kunststoff hat einen 3\/4-Zoll-Anschluss. Er kann optimal an den dezent vorgeformten Stellen am Regenfass f\u00fcr den Wasser-Zu- und Ablauf angebracht werden.<\/p>\n<p><p><strong>Bei diesem Angebot erhalten Sie zu Ihrer Regentonne einen Fallrohr-Filter T33 \/ T50 (grau oder braun)<\/strong><br \/>\n  Der Regenfilter bef\u00fcllt Ihre Regentonne automatisch mit sauberem Wasser, auch wenn Sie nicht zu Hause sind! Der Regenfilter wird in das Fallrohr der Regenrinne eingebaut. Dort filtert er Bl\u00e4tter, Insekten, Sandk\u00f6rner und andere Partikel aus dem Regenwasser. So wird die Regentonne stets mit sauberem Wasser randvoll bef\u00fcllt, ohne \u00fcberzulaufen. Der Filter ist mit einer &#8220;F\u00fcll-Stopp-Automatik&#8221; ausgestattet. In der entsprechenden H\u00f6he in das Fallrohr eingebaut (Montageanleitung beachten) sorgt der Filter automatisch daf\u00fcr, dass die Regentonne nicht \u00fcberl\u00e4uft. Dadurch werden teuere Wassersch\u00e4den an Haus und Kellerwand zuverl\u00e4ssig vermieden. Der Wirkungsgrad ist &#8211; im Vergleich zu anderen Filtern &#8211; mit \u00fcber 90% sehr hoch. Ausserdem verf\u00fcgt der Filter \u00fcber sehr gute Selbstreinigungs-Eigenschaften. Somit wird Ihr Wartungsaufwand auf ein Minimum reduziert. Dabei sp\u00fclt ein sehr geringer Teil des Regenwassers den Schmutz von der Siebfl\u00e4che in den Kanal, so dass der gr\u00f6\u00dfte Wasseranteil gereinigt in die Regentonne flie&szlig;en kann.<\/p>\n<\/p>\n<p><strong>Produkt-Empfehlung<\/strong><br \/>\nZu den Regentonnen empfehlen wir, stets das passende Anschlu\u00df-Zubeh\u00f6r mitzubestellen:<\/p>\n<ul>\n<li>Einen <b>Auslaufhahn \/ Wasserhahn,<\/b> matt oder poliert in 3\/4 Zoll mit Schlaucht\u00fclle 12mm oder 17mm<\/li>\n<li>\u0421\u0430\u0439\u0442 <b>Filter T33<\/b> (Lieferung inkl. allem Zubeh\u00f6r, damit das Wasser in die Regentonne kommt)<\/li>\n<li>Automatisches <b>Solar-Bew\u00e4sserungssystem<\/b> mit 25 oder 50 Tropfstellen<\/li>\n<li><b>Bef\u00fcll- und Entnahmeset<\/b> (Lieferung inkl. Filter T33 und allem Zubeh\u00f6r, wie oben sowie dem Entnahmeset, mit dem Sie das Wasser aus der Tonne restlos entnehmen k\u00f6nnen)<\/li>\n<\/ul>\n<p style=\"font-size:11px;\"><b> \u041f\u0440\u0438\u043c\u0435\u0447\u0430\u043d\u0438\u0435: <\/b> Leider kommen beim Transport und Handling von Tanks sowie Regentonnen leichte Kratzer sowie Scheuerstellen vor. Diese sind unvermeidbar. Sie stellen keinen Reklamationsgrund dar und berechtigen nicht zu Abz\u00fcgen oder zur Rechnungsminderung. * Bitte pr\u00fcfen Sie die Sendung sofort! Ein von au\u00dfen erkennbarer Schaden wird von der Versicherung nicht mehr anerkannt, wenn Sie den Empfang der unbesch\u00e4digten Sendung durch Unterschrift best\u00e4tigen. Also: wenn die Sendung bei der \u00dcbergabe von au\u00dfen schon besch\u00e4digt ist, bitte das vom \u00dcberbringer schriftlich best\u00e4tigen lassen. Schreiben Sie den Namen und ggf. Kfz-Kennzeichen des \u00dcberbringers auf und teilen uns das SOFORT schriftlich mit. * Melden Sie sich bitte bei von au\u00dfen nicht erkennbaren Sch\u00e4den unverz\u00fcglich (innerhalb von 5 Werktagen) mit Hilfe des Service-Bogens bei uns!<\/p>\n<p style=\"font-size:11px;\"><b>\u042e\u0440\u0438\u0434\u0438\u0447\u0435\u0441\u043a\u043e\u0435 \u0443\u0432\u0435\u0434\u043e\u043c\u043b\u0435\u043d\u0438\u0435:<\/b> \u041d\u0430\u0448\u0438 \u0438\u0437\u0434\u0435\u043b\u0438\u044f \u043e\u043a\u0440\u0430\u0448\u0438\u0432\u0430\u044e\u0442\u0441\u044f \u0432\u0440\u0443\u0447\u043d\u0443\u044e, \u043f\u043e\u044d\u0442\u043e\u043c\u0443 \u043d\u0435\u0432\u043e\u0437\u043c\u043e\u0436\u043d\u043e \u0438\u0437\u0431\u0435\u0436\u0430\u0442\u044c \u043e\u0442\u043a\u043b\u043e\u043d\u0435\u043d\u0438\u0439 \u0432 \u0446\u0432\u0435\u0442\u0435. \u041a\u0440\u043e\u043c\u0435 \u0442\u043e\u0433\u043e, \u0438\u0437-\u0437\u0430 \u0443\u0441\u043b\u043e\u0432\u0438\u0439 \u043e\u0441\u0432\u0435\u0449\u0435\u043d\u0438\u044f \u043f\u0440\u0438 \u0441\u044a\u0435\u043c\u043a\u0435 \u0442\u043e\u0432\u0430\u0440\u0430 \u0438 \u0440\u0430\u0437\u043b\u0438\u0447\u043d\u044b\u0445 \u043d\u0430\u0441\u0442\u0440\u043e\u0435\u043a \u044d\u043a\u0440\u0430\u043d\u0430 \u0446\u0432\u0435\u0442 \u0442\u043e\u0432\u0430\u0440\u0430 \u043c\u043e\u0436\u0435\u0442 \u0431\u044b\u0442\u044c \u0432\u043e\u0441\u043f\u0440\u043e\u0438\u0437\u0432\u0435\u0434\u0435\u043d \u043d\u0435\u0442\u043e\u0447\u043d\u043e, \u043f\u043e\u044d\u0442\u043e\u043c\u0443 \u044d\u0442\u043e \u043d\u0435 \u044f\u0432\u043b\u044f\u0435\u0442\u0441\u044f \u043f\u0440\u0438\u0447\u0438\u043d\u043e\u0439 \u0434\u043b\u044f \u043f\u0440\u0435\u0442\u0435\u043d\u0437\u0438\u0439.<\/p>\n<p><p><b>Empfehlung:<\/b> Wir empfehlen, Regentonnen im Winter zu entleeren.<\/p>\n<\/div>\n<h3>\u041c\u043d\u043e\u0433\u043e \u0432\u0435\u0441\u043a\u0438\u0445 \u043f\u0440\u0438\u0447\u0438\u043d, \u043f\u043e \u043a\u043e\u0442\u043e\u0440\u044b\u043c \u0432\u044b \u0434\u043e\u043b\u0436\u043d\u044b \u043a\u0443\u043f\u0438\u0442\u044c \u044d\u0442\u043e\u0442 \u043f\u0440\u043e\u0434\u0443\u043a\u0442:<\/h3>\n<div class=\"sale_motive\">\n<ul>\n<li>Komplett-Set: Hochwertiges Regenwasserfass &amp; Regenfilter<\/li>\n<li>Im Rotationsverfahren hergestelltes PE-Regenfass, in einem St\u00fcck ohne Schwei\u00dfn\u00e4hte<\/li>\n<li>dauerelastisch, bruch- und schlagfest<\/li>\n<li>frostsicher bis -10\u00b0C<\/li>\n<li>dauerhaft dicht und kein Durchfaulen wie bei Holzf\u00e4ssern<\/li>\n<li>kein Pflegeaufwand (Streich- und Abdichtarbeiten), da selbst nach Jahren keine Witterungssch\u00e4den auftreten<\/li>\n<li>kindersicherer Bajonettverschluss<\/li>\n<li>optisch einmaliges und ansprechendes Design<\/li>\n<li>eingepr\u00e4gte f\u00fchlbare Nachbildung der Holzstruktur<\/li>\n<li>100% Dichtigkeit auch nach Jahren<\/li>\n<li>stabil und standsicher<\/li>\n<li>rustikal und urgem\u00fctlich<\/li>\n<li>alternativ als Vorratsbeh\u00e4lter, Ordnungskiste oder Sitzgarnitur im Au\u00dfenbereich verwendbar<\/li>\n<li>Holzsplitter? Nein Danke!<\/li>\n<li>WERTARBEIT- Design in DEUTSCHLAND!<\/li>\n<\/ul>\n<\/div>","protected":false},"excerpt":{"rendered":"<p>Regetonne &#8220;Eichenfass 450L&#8221; in Weinfass-Optik<\/p>","protected":false},"featured_media":31938,"comment_status":"open","ping_status":"closed","template":"","meta":[],"product_cat":[222,219],"product_tag":[],"class_list":{"0":"post-30153","1":"product","2":"type-product","3":"status-publish","4":"has-post-thumbnail","6":"product_cat-fass","7":"product_cat-regentonne-eichenfass","9":"first","10":"instock","11":"taxable","12":"shipping-taxable","13":"purchasable","14":"product-type-simple"},"_links":{"self":[{"href":"http:\/\/igel.wovodo.de:8085\/ru\/wp-json\/wp\/v2\/product\/30153","targetHints":{"allow":["GET"]}}],"collection":[{"href":"http:\/\/igel.wovodo.de:8085\/ru\/wp-json\/wp\/v2\/product"}],"about":[{"href":"http:\/\/igel.wovodo.de:8085\/ru\/wp-json\/wp\/v2\/types\/product"}],"replies":[{"embeddable":true,"href":"http:\/\/igel.wovodo.de:8085\/ru\/wp-json\/wp\/v2\/comments?post=30153"}],"version-history":[{"count":1,"href":"http:\/\/igel.wovodo.de:8085\/ru\/wp-json\/wp\/v2\/product\/30153\/revisions"}],"predecessor-version":[{"id":34771,"href":"http:\/\/igel.wovodo.de:8085\/ru\/wp-json\/wp\/v2\/product\/30153\/revisions\/34771"}],"wp:featuredmedia":[{"embeddable":true,"href":"http:\/\/igel.wovodo.de:8085\/ru\/wp-json\/wp\/v2\/media\/31938"}],"wp:attachment":[{"href":"http:\/\/igel.wovodo.de:8085\/ru\/wp-json\/wp\/v2\/media?parent=30153"}],"wp:term":[{"taxonomy":"product_cat","embeddable":true,"href":"http:\/\/igel.wovodo.de:8085\/ru\/wp-json\/wp\/v2\/product_cat?post=30153"},{"taxonomy":"product_tag","embeddable":true,"href":"http:\/\/igel.wovodo.de:8085\/ru\/wp-json\/wp\/v2\/product_tag?post=30153"}],"curies":[{"name":"wp","href":"https:\/\/api.w.org\/{rel}","templated":true}]}}