{"id":30126,"date":"2024-10-31T14:06:28","date_gmt":"2024-10-31T13:06:28","guid":{"rendered":"http:\/\/igel.wovodo.de:8085\/product\/ersatzfilter-kartusche-fuer-diesel-filter-gl-4-y\/"},"modified":"2025-01-27T12:28:49","modified_gmt":"2025-01-27T11:28:49","slug":"ersatzfilter-kartusche-fuer-diesel-filter-gl-4-y","status":"publish","type":"product","link":"http:\/\/igel.wovodo.de:8085\/ru\/product\/ersatzfilter-kartusche-fuer-diesel-filter-gl-4-y\/","title":{"rendered":"Ersatzfilter-Kartusche f\u00fcr Diesel-Filter GL-4-Y"},"content":{"rendered":"<div class=\"sale_description\">\n<p>ERSATZ-FILTER f\u00fcr den Diesel-Filter mit austauschbarem Filter-Einsatz. Dieser Diesel-Filter hilft, auf lange Sicht Kosten einzusparen: Der Diesel-Filter sch\u00fctzt den Motor, indem er den Kraftstoff von Partikeln befreit. So wird die Lebensdauer verl\u00e4ngert und die Leistungsf\u00e4higkeit bleibt erhalten.<\/p>\n<p>Bei der Verwendung dieses Diesel-Filters bleibt au\u00dferdem der Kraftstoff-Tank (oder andere Umf\u00fcllbeh\u00e4lter f\u00fcr Diesel\/ Heiz\u00f6l\/ Krafstoff) frei von Ablagerungen.<\/p>\n<p>Mit diesem Diesel-Filter ersparen Sie sich Wartungsarbeiten und Wartungskosten!<\/p>\n<p>Bei diesem Filter l\u00e4\u00dft sich das Kopfteil vom Filterteil abschrauben (wie bei PKW-Filtern \u00fcblich). Dann kann der alte Filter gegen einen neuen Filtereinsatz getauscht und der alter Filtereinsatz entsorgt werden. Das Kopfteil bleibt in der Dieselleitung fest montiert.<\/p>\n<p>Der Filter-Einsatz dieses Diesel-Filters ist austauschbar. Passende Ersatzfilter sind in unserem Shop erh\u00e4ltlich. <\/p>\n<\/div>\n<h3>\u041c\u043d\u043e\u0433\u043e \u0432\u0435\u0441\u043a\u0438\u0445 \u043f\u0440\u0438\u0447\u0438\u043d, \u043f\u043e \u043a\u043e\u0442\u043e\u0440\u044b\u043c \u0432\u044b \u0434\u043e\u043b\u0436\u043d\u044b \u043a\u0443\u043f\u0438\u0442\u044c \u044d\u0442\u043e\u0442 \u043f\u0440\u043e\u0434\u0443\u043a\u0442:<\/h3>\n<div class=\"sale_motive\">\n<ul>\n<li>ERSATZ-FILTER f\u00fcr den Diesel-Filter mit austauschbarem Filter-Einsatz\n<\/li>\n<li>N\u00fctzliches Zubeh\u00f6r f\u00fcr Dieselpumpen, das Schmutzpartikel und Wasser aus dem Kraftstoff filtert und so den Tank und die Ger\u00e4te sch\u00fctzt. Kraftstoff von R\u00fcckst\u00e4nden wie Wasser oder Staub befreien\n<\/li>\n<li>Sch\u00fctzt vor Schmutzablagerungen im Tank | Hilft, langfristig Kosten einzusparen | Sch\u00fctzt Ger\u00e4te | Vermindert Wartungsarbeiten und Wartungskosten\n<\/li>\n<li>Erh\u00e4lt und verl\u00e4ngert die Leistungsf\u00e4higkeit der Diesel-\/\u00d6l-Verbraucher | Sch\u00fctzt die einzelnen Bestandteile des Motors\/ Brenners\n<\/li>\n<li>Beim Austausch des Filter-Einsatzes wird der Filter vom Kopfteil abgeschraubt. Das Kopfteil des FILTERS bleibt dabei in der Dieselleitung fest montiert und kann f\u00fcr diesen und weitere ERSATZ-FILTER wiederverwendet werden.<\/li>\n<\/ul>\n<\/div>","protected":false},"excerpt":{"rendered":"<p>ERSATZ-FILTER f\u00fcr den Diesel-Filter mit austauschbarem Filter-Einsatz. Dieser Diesel-Filter hilft, auf lange Sicht Kosten einzusparen: Der Diesel-Filter sch\u00fctzt den Motor,<\/p>","protected":false},"featured_media":39918,"comment_status":"open","ping_status":"closed","template":"","meta":[],"product_cat":[195],"product_tag":[],"class_list":{"0":"post-30126","1":"product","2":"type-product","3":"status-publish","4":"has-post-thumbnail","6":"product_cat-diesel-zubehoer","8":"first","9":"instock","10":"taxable","11":"shipping-taxable","12":"purchasable","13":"product-type-simple"},"_links":{"self":[{"href":"http:\/\/igel.wovodo.de:8085\/ru\/wp-json\/wp\/v2\/product\/30126","targetHints":{"allow":["GET"]}}],"collection":[{"href":"http:\/\/igel.wovodo.de:8085\/ru\/wp-json\/wp\/v2\/product"}],"about":[{"href":"http:\/\/igel.wovodo.de:8085\/ru\/wp-json\/wp\/v2\/types\/product"}],"replies":[{"embeddable":true,"href":"http:\/\/igel.wovodo.de:8085\/ru\/wp-json\/wp\/v2\/comments?post=30126"}],"version-history":[{"count":1,"href":"http:\/\/igel.wovodo.de:8085\/ru\/wp-json\/wp\/v2\/product\/30126\/revisions"}],"predecessor-version":[{"id":34744,"href":"http:\/\/igel.wovodo.de:8085\/ru\/wp-json\/wp\/v2\/product\/30126\/revisions\/34744"}],"wp:featuredmedia":[{"embeddable":true,"href":"http:\/\/igel.wovodo.de:8085\/ru\/wp-json\/wp\/v2\/media\/39918"}],"wp:attachment":[{"href":"http:\/\/igel.wovodo.de:8085\/ru\/wp-json\/wp\/v2\/media?parent=30126"}],"wp:term":[{"taxonomy":"product_cat","embeddable":true,"href":"http:\/\/igel.wovodo.de:8085\/ru\/wp-json\/wp\/v2\/product_cat?post=30126"},{"taxonomy":"product_tag","embeddable":true,"href":"http:\/\/igel.wovodo.de:8085\/ru\/wp-json\/wp\/v2\/product_tag?post=30126"}],"curies":[{"name":"wp","href":"https:\/\/api.w.org\/{rel}","templated":true}]}}