{"id":36615,"date":"2024-12-03T18:14:11","date_gmt":"2024-12-03T17:14:11","guid":{"rendered":"http:\/\/igel.wovodo.de:8085\/product\/rueckschlagventil-messing-1-zoll-ig-auf-1-zoll-ig\/"},"modified":"2025-01-27T12:32:30","modified_gmt":"2025-01-27T11:32:30","slug":"rueckschlagventil-messing-1-zoll-ig-auf-1-zoll-ig","status":"publish","type":"product","link":"http:\/\/igel.wovodo.de:8085\/it\/product\/rueckschlagventil-messing-1-zoll-ig-auf-1-zoll-ig\/","title":{"rendered":"R\u00fcckschlagventil Messing 1&#8243; Zoll IG auf 1&#8243; Zoll IG"},"content":{"rendered":"<h3>Molti buoni motivi per acquistare questo prodotto:<\/h3>\n<div class=\"sale_motive\">\n<ul>\n<li>N\u00fctzliches R\u00fcckschlagventil mit g\u00e4ngigem 1&#8243;-IG<\/li>\n<li>Hochwertig: aus Messing<\/li>\n<li>Unverzichtbar: Verhindert den R\u00fccklauf von Fl\u00fcssigkeiten in die Pumpe<\/li>\n<\/ul>\n<\/div>","protected":false},"excerpt":{"rendered":"<p>Viele gute Gr\u00fcnde, warum Sie dieses Produkt kaufen sollten: N\u00fctzliches R\u00fcckschlagventil mit g\u00e4ngigem 1&#8243;-IG Hochwertig: aus Messing Unverzichtbar: Verhindert den<\/p>","protected":false},"featured_media":36614,"comment_status":"open","ping_status":"closed","template":"","meta":[],"product_cat":[348,433,492,207,291,205],"product_tag":[],"class_list":{"0":"post-36615","1":"product","2":"type-product","3":"status-publish","4":"has-post-thumbnail","6":"product_cat-adblue-zubehoer","7":"product_cat-verbindungen-aus-messing","8":"product_cat-aus-messing-anschluss-zubehoer-dieselpumpen","9":"product_cat-anschlussteile","10":"product_cat-zubehoer-pumpensteuerung","11":"product_cat-zubehoer-brunnenpumpe","13":"first","14":"instock","15":"taxable","16":"shipping-taxable","17":"purchasable","18":"product-type-simple"},"_links":{"self":[{"href":"http:\/\/igel.wovodo.de:8085\/it\/wp-json\/wp\/v2\/product\/36615","targetHints":{"allow":["GET"]}}],"collection":[{"href":"http:\/\/igel.wovodo.de:8085\/it\/wp-json\/wp\/v2\/product"}],"about":[{"href":"http:\/\/igel.wovodo.de:8085\/it\/wp-json\/wp\/v2\/types\/product"}],"replies":[{"embeddable":true,"href":"http:\/\/igel.wovodo.de:8085\/it\/wp-json\/wp\/v2\/comments?post=36615"}],"version-history":[{"count":0,"href":"http:\/\/igel.wovodo.de:8085\/it\/wp-json\/wp\/v2\/product\/36615\/revisions"}],"wp:featuredmedia":[{"embeddable":true,"href":"http:\/\/igel.wovodo.de:8085\/it\/wp-json\/wp\/v2\/media\/36614"}],"wp:attachment":[{"href":"http:\/\/igel.wovodo.de:8085\/it\/wp-json\/wp\/v2\/media?parent=36615"}],"wp:term":[{"taxonomy":"product_cat","embeddable":true,"href":"http:\/\/igel.wovodo.de:8085\/it\/wp-json\/wp\/v2\/product_cat?post=36615"},{"taxonomy":"product_tag","embeddable":true,"href":"http:\/\/igel.wovodo.de:8085\/it\/wp-json\/wp\/v2\/product_tag?post=36615"}],"curies":[{"name":"wp","href":"https:\/\/api.w.org\/{rel}","templated":true}]}}