{"id":36576,"date":"2024-12-03T18:13:31","date_gmt":"2024-12-03T17:13:31","guid":{"rendered":"http:\/\/igel.wovodo.de:8085\/product\/ersatzakku-akku-nr-7-oasis-200-3-lithium-37v-2000mah\/"},"modified":"2025-01-27T12:31:33","modified_gmt":"2025-01-27T11:31:33","slug":"ersatzakku-akku-nr-7-oasis-200-3-lithium-37v-2000mah","status":"publish","type":"product","link":"http:\/\/igel.wovodo.de:8085\/it\/product\/ersatzakku-akku-nr-7-oasis-200-3-lithium-37v-2000mah\/","title":{"rendered":"Ersatzakku AKKU Nr. 7 Oasis 200-3 (Lithium 3,7V\/2000mAh)"},"content":{"rendered":"<div class=\"sale_application\">\n<p>Ersatz-Akku f\u00fcr Li-Ion-Solar-Brunnen<\/p>\n<\/p><\/div>\n<div class=\"sale_description\">\n<p>Dieser Li-Ion-Akku 3,7 Volt passt zu allen Solarpumpen-Modellen mit Li-Ion-Akku:<\/p>\n<ul>\n<li>Teichpumpen Set Oasis 200-3<\/li>\n<li>Solar &#8211; Teichpumpen-Set Lotus-Blume<\/li>\n<li>Solar &#8211; Gartenbrunnen PRETTY-BIRD<\/li>\n<li>Solar \u2013 Gartenbrunnen GRANITSCHALEN-KASKADE-5<\/li>\n<li>Automatisches Solar-Bew\u00e4sserungssystem SOLAR-DROP<\/li>\n<\/ul>\n<p><strong>Produkt-Info zum Li-Ion-Akku:<\/strong><\/p>\n<p>Die innovativen Li-Ion-Akkus haben keinen Memory-Effekt. Das ist besonders bei h\u00e4ufigen Auf- und Entladevorg\u00e4ngen wie bei Solarteichpumpen enorm wichtig, um langfristig die <strong>optimale Akku-Kapazit\u00e4t<\/strong> zu erreichen. Die Li-Ion-Akkus sind wesentlich besser bez\u00fcglich Temperaturschwankungen als herk\u00f6mmliche Akkus. Es erwartet Sie ein l\u00e4nger andauerndes und lebendigeres Wasserspiel. Die Funktion des Solar-Brunnens startet bereits bei minimaler Aufladung &#8211; automatisch! Als <strong>Schutz vor Tiefentladung<\/strong> erfolgt eine automatische Abschaltung bei Erreichen des Mindest-Endladezustands.<strong><font color=\"#048610\"> Insgesamt haben die Li-Ion-Akkus im Vergleich zu herk\u00f6mmlichen Akkus eine 3 mal l\u00e4ngere Laufzeit und eine bis zu 10-FACHE Lebensdauer beim Betrieb mit Solarteichpumpen!<\/font><\/strong><\/p>\n<\/div>\n<h3>Molti buoni motivi per acquistare questo prodotto:<\/h3>\n<div class=\"sale_motive\">\n<ul>\n<li>hochwertiger Ersatz-Akku<\/li>\n<li>passend f\u00fcr bestimmte Solarbrunnen mit Li-Ion-Akku (bitte Anwendungsbereiche abgleichen)<\/li>\n<\/ul>\n<\/div>","protected":false},"excerpt":{"rendered":"<p>Ersatz-Akku f\u00fcr Solar-Brunnen mit Li-Ion-Akku<br \/>\n  Passt zu allen in der Produktbeschreibung aufgelisteten Modelle<\/p>","protected":false},"featured_media":37716,"comment_status":"open","ping_status":"closed","template":"","meta":[],"product_cat":[272],"product_tag":[],"class_list":{"0":"post-36576","1":"product","2":"type-product","3":"status-publish","4":"has-post-thumbnail","6":"product_cat-akkus","8":"first","9":"instock","10":"taxable","11":"shipping-taxable","12":"purchasable","13":"product-type-simple"},"_links":{"self":[{"href":"http:\/\/igel.wovodo.de:8085\/it\/wp-json\/wp\/v2\/product\/36576","targetHints":{"allow":["GET"]}}],"collection":[{"href":"http:\/\/igel.wovodo.de:8085\/it\/wp-json\/wp\/v2\/product"}],"about":[{"href":"http:\/\/igel.wovodo.de:8085\/it\/wp-json\/wp\/v2\/types\/product"}],"replies":[{"embeddable":true,"href":"http:\/\/igel.wovodo.de:8085\/it\/wp-json\/wp\/v2\/comments?post=36576"}],"version-history":[{"count":1,"href":"http:\/\/igel.wovodo.de:8085\/it\/wp-json\/wp\/v2\/product\/36576\/revisions"}],"predecessor-version":[{"id":39017,"href":"http:\/\/igel.wovodo.de:8085\/it\/wp-json\/wp\/v2\/product\/36576\/revisions\/39017"}],"wp:featuredmedia":[{"embeddable":true,"href":"http:\/\/igel.wovodo.de:8085\/it\/wp-json\/wp\/v2\/media\/37716"}],"wp:attachment":[{"href":"http:\/\/igel.wovodo.de:8085\/it\/wp-json\/wp\/v2\/media?parent=36576"}],"wp:term":[{"taxonomy":"product_cat","embeddable":true,"href":"http:\/\/igel.wovodo.de:8085\/it\/wp-json\/wp\/v2\/product_cat?post=36576"},{"taxonomy":"product_tag","embeddable":true,"href":"http:\/\/igel.wovodo.de:8085\/it\/wp-json\/wp\/v2\/product_tag?post=36576"}],"curies":[{"name":"wp","href":"https:\/\/api.w.org\/{rel}","templated":true}]}}