{"id":36392,"date":"2024-12-03T18:10:43","date_gmt":"2024-12-03T17:10:43","guid":{"rendered":"http:\/\/igel.wovodo.de:8085\/product\/airbrush-farbe-aero-vision-silver-violet-schmincke-28-909\/"},"modified":"2025-01-27T12:29:30","modified_gmt":"2025-01-27T11:29:30","slug":"airbrush-farbe-aero-vision-silver-violet-schmincke-28-909","status":"publish","type":"product","link":"http:\/\/igel.wovodo.de:8085\/it\/product\/airbrush-farbe-aero-vision-silver-violet-schmincke-28-909\/","title":{"rendered":"Airbrush-Farbe AERO VISION silver-violet, Schmincke 28 909"},"content":{"rendered":"<div class=\"sale_description\">\n<h2>AERO VISION &ndash; Effektfarben<\/h2>\n<p>Diese Multi-Color-Effektfarben, deren einzigartige Wirkung vom Blickwinkel sowie von der Oberfl\u00e4chenstruktur abh\u00e4ngen, zeigen einen faszinierenden Farb-Flip-Flop. Die Farben wechseln, sobald man den Blickwinkel ver\u00e4ndert. Je dunkler der Untergrundfarbton ist, desto deutlicher wird die Wirkung sichtbar.<\/p>\n<p><b>AERO VISION silver-violet<\/b> (28 909): Phantastischer Flip-Flop-Effekt von Silber \u00fcber Gr\u00fcnnuancen bis zu Violett.<\/div>\n<h3>Molti buoni motivi per acquistare questo prodotto:<\/h3>\n<div class=\"sale_motive\">\n<ul>\n<li>au\u00dfergew\u00f6hnliche Effektfarben mit einzigartiger Farbwirkung\n<li>Speziell f\u00fcr die Airbrush-Pistole entwickelt\n<li>Acrylic Ink \u2013 fl\u00fcssige Acrylfarbe, ideal auch f\u00fcr viele Mischtechniken, Pinsel, Ziehfeder, Tuschef\u00fcller\n<li>Nur h\u00f6chste Lichtechtheiten (4 &#8211; 5 Sterne)\n<li>in standfesten Pipettenfl\u00e4schchen aus Glas (28 ml)\n<li>Ausgezeichnete Haftungseigenschaften auf vielen Untergr\u00fcnden\n<li>Seidenmatte und wasserbest\u00e4ndige Auftrocknung<\/li>\n<\/ul>\n<\/div>","protected":false},"excerpt":{"rendered":"<p>haftet ausgezeichnet auf allen Papier- und Kartonsorten sowie auf g\u00e4ngigen, nicht saugenden Untergr\u00fcnden, wie z.B. Folien, Hart-Kunststoffen und \u2013 nach entsprechender Vorbehandlung \u2013 auf Metall.<\/p>","protected":false},"featured_media":36391,"comment_status":"open","ping_status":"closed","template":"","meta":[],"product_cat":[425,484],"product_tag":[],"class_list":{"0":"post-36392","1":"product","2":"type-product","3":"status-publish","4":"has-post-thumbnail","6":"product_cat-effekt-farben","7":"product_cat-effekt-farben-farben-fa-schmincke-airbrush-farben-profi-airbrush","9":"first","10":"instock","11":"taxable","12":"shipping-taxable","13":"purchasable","14":"product-type-simple"},"_links":{"self":[{"href":"http:\/\/igel.wovodo.de:8085\/it\/wp-json\/wp\/v2\/product\/36392","targetHints":{"allow":["GET"]}}],"collection":[{"href":"http:\/\/igel.wovodo.de:8085\/it\/wp-json\/wp\/v2\/product"}],"about":[{"href":"http:\/\/igel.wovodo.de:8085\/it\/wp-json\/wp\/v2\/types\/product"}],"replies":[{"embeddable":true,"href":"http:\/\/igel.wovodo.de:8085\/it\/wp-json\/wp\/v2\/comments?post=36392"}],"version-history":[{"count":0,"href":"http:\/\/igel.wovodo.de:8085\/it\/wp-json\/wp\/v2\/product\/36392\/revisions"}],"wp:featuredmedia":[{"embeddable":true,"href":"http:\/\/igel.wovodo.de:8085\/it\/wp-json\/wp\/v2\/media\/36391"}],"wp:attachment":[{"href":"http:\/\/igel.wovodo.de:8085\/it\/wp-json\/wp\/v2\/media?parent=36392"}],"wp:term":[{"taxonomy":"product_cat","embeddable":true,"href":"http:\/\/igel.wovodo.de:8085\/it\/wp-json\/wp\/v2\/product_cat?post=36392"},{"taxonomy":"product_tag","embeddable":true,"href":"http:\/\/igel.wovodo.de:8085\/it\/wp-json\/wp\/v2\/product_tag?post=36392"}],"curies":[{"name":"wp","href":"https:\/\/api.w.org\/{rel}","templated":true}]}}