{"id":36340,"date":"2024-12-03T18:09:58","date_gmt":"2024-12-03T17:09:58","guid":{"rendered":"http:\/\/igel.wovodo.de:8085\/product\/pinselreiniger-mit-orangenterpen-200ml-schmincke-50-051\/"},"modified":"2025-01-27T12:29:25","modified_gmt":"2025-01-27T11:29:25","slug":"pinselreiniger-mit-orangenterpen-200ml-schmincke-50-051","status":"publish","type":"product","link":"http:\/\/igel.wovodo.de:8085\/it\/product\/pinselreiniger-mit-orangenterpen-200ml-schmincke-50-051\/","title":{"rendered":"Pinselreiniger mit Orangenterpen 200ml, Schmincke 50 051"},"content":{"rendered":"<div class=\"sale_description\">\n<p>Pinselreiniger mit Orangenterpen sehr schnell hochwirksames Reinigungsmittel in der \u00d6l- und Acrylmalerei f\u00fcr diverse Malutensilien. Erweicht bzw. l\u00f6st auch eingetrocknete Farbr\u00fcckst\u00e4nde. Pinsel nur bis zur Zwinge eintauchen.<\/p>\n<p>Inhalt: 200ml, Schmincke 50 051<br \/>\nEnth\u00e4lt: Orangenschalen\u00f6l, Tenside, Ester<\/p>\n<\/div>","protected":false},"excerpt":{"rendered":"<p>Pinselreiniger mit Orangenterpen<\/p>","protected":false},"featured_media":36339,"comment_status":"open","ping_status":"closed","template":"","meta":[],"product_cat":[379,415,417],"product_tag":[],"class_list":{"0":"post-36340","1":"product","2":"type-product","3":"status-publish","4":"has-post-thumbnail","6":"product_cat-reinigungsmittel","7":"product_cat-hilfsmittel","8":"product_cat-reinigungsmittel-farben-fa-schmincke-airbrush-farben-profi-airbrush","10":"first","11":"instock","12":"taxable","13":"shipping-taxable","14":"purchasable","15":"product-type-simple"},"_links":{"self":[{"href":"http:\/\/igel.wovodo.de:8085\/it\/wp-json\/wp\/v2\/product\/36340","targetHints":{"allow":["GET"]}}],"collection":[{"href":"http:\/\/igel.wovodo.de:8085\/it\/wp-json\/wp\/v2\/product"}],"about":[{"href":"http:\/\/igel.wovodo.de:8085\/it\/wp-json\/wp\/v2\/types\/product"}],"replies":[{"embeddable":true,"href":"http:\/\/igel.wovodo.de:8085\/it\/wp-json\/wp\/v2\/comments?post=36340"}],"version-history":[{"count":1,"href":"http:\/\/igel.wovodo.de:8085\/it\/wp-json\/wp\/v2\/product\/36340\/revisions"}],"predecessor-version":[{"id":38994,"href":"http:\/\/igel.wovodo.de:8085\/it\/wp-json\/wp\/v2\/product\/36340\/revisions\/38994"}],"wp:featuredmedia":[{"embeddable":true,"href":"http:\/\/igel.wovodo.de:8085\/it\/wp-json\/wp\/v2\/media\/36339"}],"wp:attachment":[{"href":"http:\/\/igel.wovodo.de:8085\/it\/wp-json\/wp\/v2\/media?parent=36340"}],"wp:term":[{"taxonomy":"product_cat","embeddable":true,"href":"http:\/\/igel.wovodo.de:8085\/it\/wp-json\/wp\/v2\/product_cat?post=36340"},{"taxonomy":"product_tag","embeddable":true,"href":"http:\/\/igel.wovodo.de:8085\/it\/wp-json\/wp\/v2\/product_tag?post=36340"}],"curies":[{"name":"wp","href":"https:\/\/api.w.org\/{rel}","templated":true}]}}