{"id":36261,"date":"2024-12-03T18:08:49","date_gmt":"2024-12-03T17:08:49","guid":{"rendered":"http:\/\/igel.wovodo.de:8085\/product\/2-brunnen-star-370-5-mit-druckschalter-ac-3-verkabelt\/"},"modified":"2025-01-27T12:28:42","modified_gmt":"2025-01-27T11:28:42","slug":"2-brunnen-star-370-5-mit-druckschalter-ac-3-verkabelt","status":"publish","type":"product","link":"http:\/\/igel.wovodo.de:8085\/it\/product\/2-brunnen-star-370-5-mit-druckschalter-ac-3-verkabelt\/","title":{"rendered":"2\u2033 BRUNNEN-STAR 370-5 con pressostato AC-3 cablato"},"content":{"rendered":"<div class=\"sale_application\">\n<ul>\n<li> Tiefbrunnenbohrungen bis ca 25-35m Tiefe und ab ca 60mm Durchmesser<\/li>\n<li>f\u00fcr private und industrielle Anwendungen\n<\/li>\n<li>zur Hauswasserversorgung\n<\/li>\n<li>zur Bew\u00e4sserung\n<\/li>\n<li>zur Beregnung\n<\/li>\n<li>f\u00fcr Anwendungen im Umweltschutz\n<\/li>\n<li>bei Grundwasserabsenkung\n<\/li>\n<li>per il riempimento dei contenitori<\/li>\n<\/ul><\/div>\n<div class=\"sale_description\">\n<p><strong>Robuste, stabile und besonders schlanke&nbsp;Tiefbrunnenpumpe aus rostfreiem Edelsstahl<\/strong> f\u00fcr tiefe Brunnenbohrungen (bis ca 25-35m). Mit dieser robusten Brunnenpumpe ist die F\u00f6rderung von Wasser aus extrem tiefen Bohrungen, Brunnen bzw. Wasserreservoirs kein Problem. Diese Brunnenpumpe f\u00f6rdert mit hohem Druck weiter an die Abnahmestelle. Bei gleicher elektrischen Leistung f\u00f6rdert diese Tiefbrunnenpumpe dank der besonderen Bauweise wesentlich mehr Wasser als andere Tiefbrunnenpumpen. Daher bezeichnen wir diese Brunnenpumpe als echte ENERGIE-SPARPUMPE!\n<\/p>\n<p>Mit 2 Zoll wird die Brunnenpumpe zur Probleml\u00f6serin: Die schlanke Tiefbrunnenpumpe hat einen&nbsp;<strong>Durchmesser von nur ca. 51mm<\/strong>. Die Brunnenpumpe kann optimal in engen Sch\u00e4chten mit einem Mindest-Durchmesser von 60mm eingesetzt werden.<\/p>\n<p>Die 2-Zoll-Brunnenpumpe ist eine <strong>mehrstufige zuverl\u00e4ssige Tauchdruckpumpe<\/strong>. Ein Kabel in der L\u00e4nge von 20m inkl. Stecker ist im Lieferumfang enthalten.<\/p>\n<p>Die maximale F\u00f6rdermenge dieser schmalen Tiefbrunnenpumpe betr\u00e4gt <strong>16 l\/min (0,96cbm\/h)<\/strong>, die maximale F\u00f6rderh\u00f6he <strong>51m<\/strong> und der maximale F\u00f6rderdruck <strong>5,1 bar<\/strong>. Bitte beachten Sie, dass die F\u00f6rderleistung bei steigender F\u00f6rderh\u00f6he entsprechend abnimmt.<\/p>\n<p>Den optimalen Wirkungsgrad erreicht die Tiefbrunnenpumpe bei 11l\/min (0.7 cbm\/h) und 25-30m F\u00f6rderh\u00f6he. Mit <strong>370 Watt<\/strong> Leistungsaufnahme ist diese Brunnenpumpe nicht nur eine Probleml\u00f6serin f\u00fcr enge Bohrungen, sondern auch eine echte <strong>Energiespar-Brunenpumpe!<\/strong><\/p>\n<p style=\"font-weight:bold;color:red\">Hier wird auf Dauer bares Geld gespart!<\/p>\n<p>F\u00fcr die optimale Verwendung empfehlen wir Ihnen den Einsatz der verkabelten INVERTER-Pumpensteuerung 2-0,75KW 230V\/1*230V.<\/p>\n<p> Die Pumpensteuerung INVERTER-Pumpensteuerung 2-0,75kW 230V\/1*230 ist ein variabler Frequenz-Controller f\u00fcr eine einphasige 230-Volt-Pumpe, bis max. 750 Watt Nenn-Leistung, basierend auf der innovativen in der Industrie bew\u00e4hrten Technologie. Die Inverter-Pumpensteuerung schaltet die Pumpe sanft ein und passt die Drehzahl der Pumpe dem eingestellten Druck an.\n<\/p>\n<p>\n  <b>Weitere Informationen \u00fcber<\/b> <a target=\"blank\" href=\"https:\/\/www.profi-pumpe.de\/BRUNNENPUMPEN\/Zubehoer-Brunnenpumpe\/INVERTER-Pumpensteuerung-2-0-75KW-230V\/1-230V-verkabelt::1716.html\">INVERTER-Pumpensteuerung 2-0,75KW 230V\/1*230V-verkabelt<\/a>.\n<\/p>\n<p>Bitte beachten: F\u00fcr die richtige Funktion der INVERTER-Pumpensteuerung MUSS ein Druckausdehnungsgef\u00e4\u00df \/Drucktank  in der Druckleitung in unmittelbarer N\u00e4he der Steuerung vorhanden sein. Bei unserer Zubeh\u00f6r-Auswahl k\u00f6nnen Sie f\u00fcr einen kleinen Aufpreis einen hochwertigen Drucktank mitbestellen.<\/p>\n<h3>Durchflussw\u00e4chter 3-2 Automatic-Controller verkabelt<\/h3>\n<p>Der Durchflussw\u00e4chter automatisiert und steuert das Einschalten von Kreisel- bzw. Tauchpumpen. Abh\u00e4ngig von dem Druck bzw. der Durchflussmenge, schaltet der Druckschalter einen oder mehrere elektrische<br \/>\nVerbraucher (MAX 10A) an bzw. aus. Das Manometer zeigt den Druck im System an. Es hilft die ordentliche Pumpenfunktion zu \u00fcberwachen<br \/>\n  und Leckagen im System zu erkennen:<br \/>\n  Bei einer Wasserentnahme aus dem Rohrsystem nimmt der Druck ab. F\u00e4llt der Druck unter 1,5bar schaltet der Durchflussw\u00e4chter das angeschlossene Ger\u00e4t (z.B. Kreiselpumpe) an. Diese versorgt die Verbraucher wieder mit Wasser. Wird der Verbraucher geschlossen, verringert sich der Durchfluss und die Pumpe wird abgeschaltet.<\/p>\n<h3>Integrierter Manometer &amp; Trockenlaufschutz<\/h3>\n<p>Die Besonderheiten an diesem Pumpen-Druckschalter sind der integrierte Manometer und der integrierte Trockenlaufschutz.<br \/>\nDer Druckschalter ist leicht zu installieren und leicht zu handhaben. Der Einschaltdruck des Druckw\u00e4chters liegt bei 1,5bar, der maximale Betriebsdruck bei 7bar.<\/p>\n<h3>Unsere Profi-Tipps<\/h3>\n<p>Bei Einsatz von jeglichen Pumpen-Schaltger\u00e4ten empfehlen wir dringend, vor dem Schaltger\u00e4t stets einen effektiven Pumpen-Vorfilter\/ Kartuschenfilter einzusetzen. Dadurch lassen sich Probleme, die auf die Wasserveschmutzung zur\u00fcck zu f\u00fchren sind, deutlich reduzieren. Alle markt\u00fcblichen professionellen Schaltger\u00e4te haben eingangsseitig ein R\u00fcckschlagventil. Setzt sich ein Schmutzkorn genau zwischen den Dichtfl\u00e4chen ab, funktionieren die Schaltger\u00e4te nicht meht einwandfrei. Die Durchflussw\u00e4chter beinhalten bereits ein R\u00fcckschlagventil, zwischen Pumpe und Durchflussw\u00e4chter darf kein weiteres R\u00fcckschlagventil montiert werden, da dies zu Fehlern und sogar Besch\u00e4digungen an der Pumpe f\u00fchren kann.<\/p>\n<\/div>\n<h3>Molti buoni motivi per acquistare questo prodotto:<\/h3>\n<div class=\"sale_motive\">\n<ul>\n<li>durch<span class=\"high\"> wartungs- und leckfreie mechanische Dichtung<\/span>(Graphite-Ceramic\/TC) sowie Dauerschmierung (\u00d6lkammer) hat die Tiefbrunnenpumpe viel h\u00f6here Lebensdauer als herk\u00f6mmliche Brunnenpumpen <\/li>\n<li>leistungsstarke, solide Qualit\u00e4ts-Tiefbrunnenpumpe mit max<span class=\"high\"> 5,1bar<\/span> und max <span class=\"high\">960l\/h<\/span><\/li>\n<li>f\u00fcr tiefe Brunnenbohrungen bis ca. 25-35m <\/li>\n<li class=\"high2&quot;\">Max. Pumpenbreite: 55mm  <\/li>\n<li>ausgezeichnetes Preis- \/ Leistungsverh\u00e4ltnis! <\/li>\n<li>solide, kompakt und zuverl\u00e4ssig <\/li>\n<li>robustes rostfreies Edelstahlgeh\u00e4use mit Messingteilen <\/li>\n<li>keine Ansaugung von Bodensediment durch seitliche Ansaugung <\/li>\n<li>hochwertiger gekapselter Elektromotor <\/li>\n<li>Steckerfertig! Kondensator in der Tiefbrunnenpumpe integriert (ein Vorteil, da die Verdrahtung durch Elektriker entf\u00e4llt)) <\/li>\n<\/ul>\n<\/div>","protected":false},"excerpt":{"rendered":"<p>Leistungsstarke, mehrstufige Brunnenpumpe mit 370Watt<br \/>F\u00f6rderdruck max. 5,1 bar&nbsp;| <span style=\"color: black\">Qmax.&nbsp;960 L\/h<br \/><\/span>F\u00f6rderh\u00f6he max. 51m | Brunnentiefe&nbsp;ca. 25-35m<br \/>mit 20m Kabel und Stecker<\/p>\n<p><strong>Probleml\u00f6sung f\u00fcr enge Bohrungen:<br \/>Die 2-Zoll schlanke, energiesparende&nbsp;Brunnenpumpe!<\/strong><\/p>","protected":false},"featured_media":31698,"comment_status":"open","ping_status":"closed","template":"","meta":[],"product_cat":[442,457,458,299,226,244],"product_tag":[],"class_list":{"0":"post-36261","1":"product","2":"type-product","3":"status-publish","4":"has-post-thumbnail","6":"product_cat-2-u-25-brunnenpumpen","7":"product_cat-2-zoll-brunnenpumpen","8":"product_cat-2-brunnenpumpen","9":"product_cat-klarwasserpumpe","10":"product_cat-brunnenpumpen-mit-druckschalter-inverter","11":"product_cat-startseite-pumpe","13":"first","14":"instock","15":"taxable","16":"shipping-taxable","17":"purchasable","18":"product-type-simple"},"_links":{"self":[{"href":"http:\/\/igel.wovodo.de:8085\/it\/wp-json\/wp\/v2\/product\/36261","targetHints":{"allow":["GET"]}}],"collection":[{"href":"http:\/\/igel.wovodo.de:8085\/it\/wp-json\/wp\/v2\/product"}],"about":[{"href":"http:\/\/igel.wovodo.de:8085\/it\/wp-json\/wp\/v2\/types\/product"}],"replies":[{"embeddable":true,"href":"http:\/\/igel.wovodo.de:8085\/it\/wp-json\/wp\/v2\/comments?post=36261"}],"version-history":[{"count":3,"href":"http:\/\/igel.wovodo.de:8085\/it\/wp-json\/wp\/v2\/product\/36261\/revisions"}],"predecessor-version":[{"id":39470,"href":"http:\/\/igel.wovodo.de:8085\/it\/wp-json\/wp\/v2\/product\/36261\/revisions\/39470"}],"wp:featuredmedia":[{"embeddable":true,"href":"http:\/\/igel.wovodo.de:8085\/it\/wp-json\/wp\/v2\/media\/31698"}],"wp:attachment":[{"href":"http:\/\/igel.wovodo.de:8085\/it\/wp-json\/wp\/v2\/media?parent=36261"}],"wp:term":[{"taxonomy":"product_cat","embeddable":true,"href":"http:\/\/igel.wovodo.de:8085\/it\/wp-json\/wp\/v2\/product_cat?post=36261"},{"taxonomy":"product_tag","embeddable":true,"href":"http:\/\/igel.wovodo.de:8085\/it\/wp-json\/wp\/v2\/product_tag?post=36261"}],"curies":[{"name":"wp","href":"https:\/\/api.w.org\/{rel}","templated":true}]}}