{"id":36144,"date":"2024-12-03T18:07:07","date_gmt":"2024-12-03T17:07:07","guid":{"rendered":"http:\/\/igel.wovodo.de:8085\/product\/airbrush-farbe-candy-farben-sunbeam-yellow-schmincke-28-024\/"},"modified":"2025-01-27T12:27:59","modified_gmt":"2025-01-27T11:27:59","slug":"airbrush-farbe-candy-farben-sunbeam-yellow-schmincke-28-024","status":"publish","type":"product","link":"http:\/\/igel.wovodo.de:8085\/it\/product\/airbrush-farbe-candy-farben-sunbeam-yellow-schmincke-28-024\/","title":{"rendered":"Airbrush-Farbe CANDY FARBEN Sunbeam Yellow, Schmincke 28 024"},"content":{"rendered":"<div class=\"sale_description\"> <b>AERO COLOR Professional \u2013 Farbkarte im Carshape-Design<\/b><\/p>\n<p>Die neue <b>AERO COLOR\u00ae Professional<\/b> \u2013 Farbkarte f\u00e4llt durch ihr schnittiges Carshape-Design auf. Der geschwungene, dynamische Untergrund eines nachempfundenen Autos ist ideal, um die brillante Wirkung der AERO COLOR\u00ae Professional auf Kurven und Fl\u00e4chen zu demonstrieren, schlie\u00dflich wird AERO COLOR\u00ae Professional  h\u00e4ufig auf 3D-Objekten angewendet.<\/p>\n<p>Hochlasierende <b>Candy-Farben<\/b>, die sich durch ihre hohe Pigmentbasis auszeichnen und nicht durchbluten. Ideal f\u00fcr Airbrush, Liner, Pinsel und Ziehfedern geeignet.<\/p>\n<\/div>\n<h3>Molti buoni motivi per acquistare questo prodotto:<\/h3>\n<div class=\"sale_motive\">\n<ul>\n<li>au\u00dfergew\u00f6hnliche Effektfarben mit einzigartiger Farbwirkung\n<\/li>\n<li>Speziell f\u00fcr die Airbrush-Pistole entwickelt\n<\/li>\n<li>Acrylic Ink \u2013 fl\u00fcssige Acrylfarbe, ideal auch f\u00fcr viele Mischtechniken, Pinsel, Ziehfeder, Tuschef\u00fcller\n<\/li>\n<li>Nur h\u00f6chste Lichtechtheiten (4 &#8211; 5 Sterne)\n<\/li>\n<li>in standfesten Pipettenfl\u00e4schchen aus Glas (28 ml)\n<\/li>\n<li>Ausgezeichnete Haftungseigenschaften auf vielen Untergr\u00fcnden\n<\/li>\n<li>Seidenmatte und wasserbest\u00e4ndige Auftrocknung<\/li>\n<li>auf Wasser- und Pigmentbasis<\/li>\n<li>hohe Lichtechtheit<\/li>\n<li>direkt Gebrauchsfertig<\/li>\n<\/ul>\n<\/div>","protected":false},"excerpt":{"rendered":"<p>haftet ausgezeichnet auf allen Papier- und Kartonsorten sowie auf g\u00e4ngigen, nicht saugenden Untergr\u00fcnden, wie z.B. Folien, Hart-Kunststoffen und \u2013 nach entsprechender Vorbehandlung \u2013 auf Metall.<\/p>","protected":false},"featured_media":36143,"comment_status":"open","ping_status":"closed","template":"","meta":[],"product_cat":[478,479],"product_tag":[],"class_list":{"0":"post-36144","1":"product","2":"type-product","3":"status-publish","4":"has-post-thumbnail","6":"product_cat-candy-farben","7":"product_cat-candy-farben-farben-fa-schmincke-airbrush-farben-profi-airbrush","9":"first","10":"instock","11":"taxable","12":"shipping-taxable","13":"purchasable","14":"product-type-simple"},"_links":{"self":[{"href":"http:\/\/igel.wovodo.de:8085\/it\/wp-json\/wp\/v2\/product\/36144","targetHints":{"allow":["GET"]}}],"collection":[{"href":"http:\/\/igel.wovodo.de:8085\/it\/wp-json\/wp\/v2\/product"}],"about":[{"href":"http:\/\/igel.wovodo.de:8085\/it\/wp-json\/wp\/v2\/types\/product"}],"replies":[{"embeddable":true,"href":"http:\/\/igel.wovodo.de:8085\/it\/wp-json\/wp\/v2\/comments?post=36144"}],"version-history":[{"count":0,"href":"http:\/\/igel.wovodo.de:8085\/it\/wp-json\/wp\/v2\/product\/36144\/revisions"}],"wp:featuredmedia":[{"embeddable":true,"href":"http:\/\/igel.wovodo.de:8085\/it\/wp-json\/wp\/v2\/media\/36143"}],"wp:attachment":[{"href":"http:\/\/igel.wovodo.de:8085\/it\/wp-json\/wp\/v2\/media?parent=36144"}],"wp:term":[{"taxonomy":"product_cat","embeddable":true,"href":"http:\/\/igel.wovodo.de:8085\/it\/wp-json\/wp\/v2\/product_cat?post=36144"},{"taxonomy":"product_tag","embeddable":true,"href":"http:\/\/igel.wovodo.de:8085\/it\/wp-json\/wp\/v2\/product_tag?post=36144"}],"curies":[{"name":"wp","href":"https:\/\/api.w.org\/{rel}","templated":true}]}}