{"id":30888,"date":"2024-10-31T14:14:11","date_gmt":"2024-10-31T13:14:11","guid":{"rendered":"http:\/\/igel.wovodo.de:8085\/product\/diesel-filter-mit-alu-gehaeuse-und-wiederverwendbarem-siebeinsatz-mit-messing-schlauchtuelle-1-ag\/"},"modified":"2025-01-27T12:32:54","modified_gmt":"2025-01-27T11:32:54","slug":"diesel-filter-mit-alu-gehaeuse-und-wiederverwendbarem-siebeinsatz-mit-messing-schlauchtuelle-1-ag","status":"publish","type":"product","link":"http:\/\/igel.wovodo.de:8085\/it\/product\/diesel-filter-mit-alu-gehaeuse-und-wiederverwendbarem-siebeinsatz-mit-messing-schlauchtuelle-1-ag\/","title":{"rendered":"Diesel-Filter mit Alu-Geh\u00e4use und wiederverwendbarem Siebeinsatz mit Messing Schlaucht\u00fclle 1&#8243; AG"},"content":{"rendered":"<div class=\"sale_description\">\n<p>Dieser Diesel-Filter hilft, auf lange Sicht Kosten einzusparen: Der Diesel-Filter sch\u00fctzt den Motor, indem er den Kraftstoff von Partikeln befreit. So wird die Lebensdauer verl\u00e4ngert und die Leistungsf\u00e4higkeit bleibt erhalten.<\/p>\n<p>Bei der Verwendung dieses Diesel-Filters bleibt au\u00dferdem der Kraftstoff-Tank (oder andere Umf\u00fcllbeh\u00e4lter f\u00fcr Diesel\/ Heiz\u00f6l\/ Krafstoff) frei von Ablagerungen.<\/p>\n<p>Mit diesem Diesel-Filter ersparen Sie sich Wartungsarbeiten und Wartungskosten!<\/p>\n<p><b>Dieser Filter verf\u00fcgt \u00fcber ein Edelstahlsieb-Einsatz. Zum Reinigen des Siebeinsatzes mu\u00df der Filter auseinander geschraubt werden. Nach dem Reinigen kann der Siebeinsatz wieder zur\u00fcck eingesetzt und weiter verwendet werden.<\/b><\/p>\n<\/div>\n<h3>Molti buoni motivi per acquistare questo prodotto:<\/h3>\n<div class=\"sale_motive\">\n<ul>\n<li>DIESEL-FILTER f\u00fcr DIESELPUMPEN mit ALU-GEH\u00c4USE und WIEDERVERWENDBAREM SIEBEINSATZ\n<\/li>\n<li>N\u00fctzliches Zubeh\u00f6r f\u00fcr Dieselpumpen, das Schmutzpartikel und Wasser aus dem Kraftstoff filtert und so den Tank und die Ger\u00e4te sch\u00fctzt. Kraftstoff von R\u00fcckst\u00e4nden wie Wasser oder Staub befreien\n<\/li>\n<li>Sch\u00fctzt vor Schmutzablagerungen im Tank | Hilft, langfristig Kosten einzusparen | Sch\u00fctzt Ger\u00e4te | Vermindert Wartungsarbeiten und Wartungskosten\n<\/li>\n<li>Erh\u00e4lt und verl\u00e4ngert die Leistungsf\u00e4higkeit der Diesel-\/\u00d6l-Verbraucher | Sch\u00fctzt die einzelnen Bestandteile des Motors\/ Brenners\n<\/li>\n<li>1-Zoll-Anschluss-IG<\/li>\n<li>mit Messingt\u00fcllen 1&#8243; AG<\/li>\n<\/ul>\n<\/div>","protected":false},"excerpt":{"rendered":"<p>Dieser Diesel-Filter hilft, auf lange Sicht Kosten einzusparen: Der Diesel-Filter sch\u00fctzt den Motor, indem er den Kraftstoff von Partikeln befreit.<\/p>","protected":false},"featured_media":39763,"comment_status":"open","ping_status":"closed","template":"","meta":[],"product_cat":[195],"product_tag":[],"class_list":{"0":"post-30888","1":"product","2":"type-product","3":"status-publish","4":"has-post-thumbnail","6":"product_cat-diesel-zubehoer","8":"first","9":"instock","10":"taxable","11":"shipping-taxable","12":"purchasable","13":"product-type-simple"},"_links":{"self":[{"href":"http:\/\/igel.wovodo.de:8085\/it\/wp-json\/wp\/v2\/product\/30888","targetHints":{"allow":["GET"]}}],"collection":[{"href":"http:\/\/igel.wovodo.de:8085\/it\/wp-json\/wp\/v2\/product"}],"about":[{"href":"http:\/\/igel.wovodo.de:8085\/it\/wp-json\/wp\/v2\/types\/product"}],"replies":[{"embeddable":true,"href":"http:\/\/igel.wovodo.de:8085\/it\/wp-json\/wp\/v2\/comments?post=30888"}],"version-history":[{"count":1,"href":"http:\/\/igel.wovodo.de:8085\/it\/wp-json\/wp\/v2\/product\/30888\/revisions"}],"predecessor-version":[{"id":35492,"href":"http:\/\/igel.wovodo.de:8085\/it\/wp-json\/wp\/v2\/product\/30888\/revisions\/35492"}],"wp:featuredmedia":[{"embeddable":true,"href":"http:\/\/igel.wovodo.de:8085\/it\/wp-json\/wp\/v2\/media\/39763"}],"wp:attachment":[{"href":"http:\/\/igel.wovodo.de:8085\/it\/wp-json\/wp\/v2\/media?parent=30888"}],"wp:term":[{"taxonomy":"product_cat","embeddable":true,"href":"http:\/\/igel.wovodo.de:8085\/it\/wp-json\/wp\/v2\/product_cat?post=30888"},{"taxonomy":"product_tag","embeddable":true,"href":"http:\/\/igel.wovodo.de:8085\/it\/wp-json\/wp\/v2\/product_tag?post=30888"}],"curies":[{"name":"wp","href":"https:\/\/api.w.org\/{rel}","templated":true}]}}