{"id":30791,"date":"2024-10-31T14:13:09","date_gmt":"2024-10-31T13:13:09","guid":{"rendered":"http:\/\/igel.wovodo.de:8085\/product\/adblue-230v-fass-pumpe\/"},"modified":"2025-01-27T12:32:14","modified_gmt":"2025-01-27T11:32:14","slug":"adblue-230v-fass-pumpe","status":"publish","type":"product","link":"http:\/\/igel.wovodo.de:8085\/it\/product\/adblue-230v-fass-pumpe\/","title":{"rendered":"Pompa a tamburo AdBlue\u00ae 230V"},"content":{"rendered":"<div class=\"sale_description\">\n<p>Unsere AdBlue\u00ae-Fass-Pumpe 230 Volt ist die ideale Umf\u00fcllpumpe f\u00fcr AdBlue\u00ae, Urea, Wasser, Harnstoff-Wasser-L\u00f6sungen, organische S\u00e4uren.<\/p>\n<p><b>Bitte beachten Sie, da\u00df unsere AdBlue\u00ae-Pumpe nicht zum Pumpen brennbarer Fl\u00fcssigkeiten geeignet ist!<\/b><\/p>\n<p>Die AdBlue\u00ae-Fasspumpe ist f\u00fcr den 230-Volt-Strombetrieb vorgesehen und erbringt eine Leistung von <b>750 Watt<\/b>. Die max. F\u00f6rdermenge betr\u00e4gt 80 Liter pro Minute (4.800L\/h), die F\u00f6rderh\u00f6he liegt bei <b>7m bis 10m<\/b>. Bitte beachten Sie, dass die F\u00f6rdermenge bei zunehmender F\u00f6rderh\u00f6he entsprechend abnimmt.<\/p>\n<p><b>Unsere AdBlue\u00ae-Pumpen sind von langlebiger und robuster Qualit\u00e4t. Die Dichtungen sind aus Viton gefertigt. Die Installation ist einfach und schnell auszuf\u00fchren.<\/b><\/p>\n<p>Zur Einhaltung der neuen EURO 5-Richtlinie zur Reduzierung von Schadstoffemissionen werden SCR-Katalysatoren (selective catalytic reduction\/ selektive katalytische Reduktion) in Dieselfahrzeuge eingebaut, die den Gebrauch von AdBlue\u00ae vorsehen, einer L\u00f6sung aus Wasser und Harnstoff. AdBlue\u00ae kann nicht direkt mit Diesel gemischt werden, denn die Chemikalie wird aus einem separaten Tank in die Abgasf\u00fchrung eingespritzt. Dort wird Ammoniak freigesetzt, der im Katalysator mit den Stickoxiden reagiert und diese in Stickstoff und Wasserdampf umwandelt.<\/p>\n<p>AdBlue\u00ae besteht zu 32,5% aus Harnstoff und zu 67,5% aus demineralisiertem Wasser. AdBlue\u00ae ist geruchsfrei und nicht giftig, weder brennbar, explosiv noch umweltgef\u00e4hrdend.<\/p>\n<p>Beachten Sie bitte bei einer station\u00e4ren Installation, da\u00df Sie die Saug- und Druckleitung so an die Pumpe anschlie\u00dfen, dass keine mechanische Belastung der Anschlussverbindungen erfolgt, z.B. die Leitungen durch Rohrschellen mit Gummieinlage an der Wand befestigen. Bei Frostgefahr sollte die Pumpe entleert, mit klarem Wasser gesp\u00fclt und an einem frostfreien Ort gelagert werden.<\/p>\n<p><b>HINWEIS: *AdBlue, a registered trademark \/ eingetragenes Warenzeichen of \/ vom Verband der Automobilindustrie e. V.<\/b><\/p>\n<div class=\"embed-responsive embed-responsive-16by9\">\n<iframe src=\"https:\/\/www.youtube-nocookie.com\/embed\/ZvJvPURxAXs?rel=0\" title=\"Lettore video di YouTube\" allow=\"accelerometer; autoplay; clipboard-write; encrypted-media; gyroscope; picture-in-picture\" allowfullscreen=\"\" width=\"560\" height=\"315\" frameborder=\"0\"><\/iframe>\n<\/div>\n<\/div>\n<h3>Molti buoni motivi per acquistare questo prodotto:<\/h3>\n<div class=\"sale_motive\">\n<ul>\n<li>Hochwertige Pumpe f\u00fcr AdBlue\u00ae, Urea, Wasser, Harnstoff-Wasser-L\u00f6sungen, organische S\u00e4uren<\/li>\n<li>Material der Dichtungen: Viton<\/li>\n<li>selbstansaugend<\/li>\n<li>Qualit\u00e0 pesante, robusta e affidabile<\/li>\n<li>Interruttore \"On\" e \"Off\" con dispositivo di sicurezza<\/li>\n<\/ul>\n<\/div>","protected":false},"excerpt":{"rendered":"<p>Ideale <b>Umf\u00fcll-Pumpe f\u00fcr AdBlue\u00ae<\/b>, Urea, Wasser, Harnstoff-Wasser-L\u00f6sungen, organische S\u00e4uren, \u00d6l<br \/>\n  mit hochwertigen Viton-Dichtungen<\/p>\n<p><b>750 Watt | 80L\/ min max.<\/b><\/p>","protected":false},"featured_media":39955,"comment_status":"open","ping_status":"closed","template":"","meta":[],"product_cat":[304],"product_tag":[],"class_list":{"0":"post-30791","1":"product","2":"type-product","3":"status-publish","4":"has-post-thumbnail","6":"product_cat-adblue-pumpen-sets","8":"first","9":"instock","10":"taxable","11":"shipping-taxable","12":"purchasable","13":"product-type-simple"},"_links":{"self":[{"href":"http:\/\/igel.wovodo.de:8085\/it\/wp-json\/wp\/v2\/product\/30791","targetHints":{"allow":["GET"]}}],"collection":[{"href":"http:\/\/igel.wovodo.de:8085\/it\/wp-json\/wp\/v2\/product"}],"about":[{"href":"http:\/\/igel.wovodo.de:8085\/it\/wp-json\/wp\/v2\/types\/product"}],"replies":[{"embeddable":true,"href":"http:\/\/igel.wovodo.de:8085\/it\/wp-json\/wp\/v2\/comments?post=30791"}],"version-history":[{"count":6,"href":"http:\/\/igel.wovodo.de:8085\/it\/wp-json\/wp\/v2\/product\/30791\/revisions"}],"predecessor-version":[{"id":39956,"href":"http:\/\/igel.wovodo.de:8085\/it\/wp-json\/wp\/v2\/product\/30791\/revisions\/39956"}],"wp:featuredmedia":[{"embeddable":true,"href":"http:\/\/igel.wovodo.de:8085\/it\/wp-json\/wp\/v2\/media\/39955"}],"wp:attachment":[{"href":"http:\/\/igel.wovodo.de:8085\/it\/wp-json\/wp\/v2\/media?parent=30791"}],"wp:term":[{"taxonomy":"product_cat","embeddable":true,"href":"http:\/\/igel.wovodo.de:8085\/it\/wp-json\/wp\/v2\/product_cat?post=30791"},{"taxonomy":"product_tag","embeddable":true,"href":"http:\/\/igel.wovodo.de:8085\/it\/wp-json\/wp\/v2\/product_tag?post=30791"}],"curies":[{"name":"wp","href":"https:\/\/api.w.org\/{rel}","templated":true}]}}