{"id":30773,"date":"2024-10-31T14:12:59","date_gmt":"2024-10-31T13:12:59","guid":{"rendered":"http:\/\/igel.wovodo.de:8085\/product\/dieselpumpe-standard-4-230v-mit-zubehoer-paket-2\/"},"modified":"2025-01-27T12:32:09","modified_gmt":"2025-01-27T11:32:09","slug":"dieselpumpe-standard-4-230v-mit-zubehoer-paket-2","status":"publish","type":"product","link":"http:\/\/igel.wovodo.de:8085\/it\/product\/dieselpumpe-standard-4-230v-mit-zubehoer-paket-2\/","title":{"rendered":"Dieselpumpe STANDARD-4 &#8211; 230V  mit Zubeh\u00f6r Paket 2"},"content":{"rendered":"<div class=\"sale_application\">\n<ul>\n<li>Umpumpen, Umf\u00fcllen, Entleeren von Diesel- oder Heiz\u00f6ltanks<\/li>\n<\/ul>\n<\/div>\n<div class=\"sale_description\">\n<p>Kraftvolle Dieself\u00f6rderung mit unserer <b>elektrischen Dieselpumpe Diesel STANDARD-4<\/b>, einer <b>selbstansaugenden 230-Volt-Diesel-Pumpe<\/b>. Untentbehrlich f\u00fcr jeden Fuhrpark , KFZ-Werkst\u00e4tten, Landwirtschaft, Autoverwertung usw! Wer viele Baumaschinen zu betanken hat, wird mit unserer Diesel-Pumpe seine Freude daran haben! Hiermit betanken Sie m\u00fchelos jegliche Art von Fahrzeugen und Maschinen. F\u00fcr diese Dieselpumpe ist auch das Umf\u00fcllen von Heiz\u00f6ltanks kein Problem. Dank dem <b>kr\u00e4ftigen 370 Watt starken Motor und der Selbstansaugung<\/b> ist dies schnell erledigt. Die Motorleistung von 370 Watt erm\u00f6glicht eine max. <b>Portata di 3600l\/h<\/b> und eine maximale F\u00f6rderh\u00f6he von 5 Metern. Bitte beachten: Die F\u00f6rdermenge nimmt bei steigender F\u00f6rderh\u00f6he entsprechend ab.<\/p>\n<p><iframe src=\"https:\/\/www.youtube-nocookie.com\/embed\/kwwMofHzOi8?rel=0\" title=\"Lettore video di YouTube\" allow=\"accelerometer; autoplay; clipboard-write; encrypted-media; gyroscope; picture-in-picture\" allowfullscreen=\"\" width=\"560\" height=\"315\" frameborder=\"0\"><\/iframe><\/p>\n<p>Alle Diesel-Pumpen sind EINZELST\u00dcCK-gepr\u00fcft auf Ihre Funktion. Daher k\u00f6nnen Reste der Pr\u00fcffl\u00fcssigkeit in der Pumpe \/ Verpackung vorhanden sein.<\/p>\n<p>Die Diesel-Pumpe und die Saugleitung sind bei der Inbetriebnahme blasenfrei mit Diesel zu bef\u00fcllen. Ein <\/p>\n<p><b>Nota: <\/b>Die Dieselpumpe und die Saugleitung sind bei der Inbetriebnahme blasenfrei mit Diesel zu bef\u00fcllen. Ein R\u00fcckschlagventil muss unbedingt am Ende der Saugleitung montiert und dicht sein.\n<\/p>\n<h2>Komplettes Dieselpumpen-Set<\/h2>\n<p>Umfangreiches Zubeh\u00f6r-Set f\u00fcr Dieselpumpen in bew\u00e4hrter Qualit\u00e4t: Diesel-Zapfpistole mit Schlauch, R\u00fcckschlagventil sowie Anschlusszubeh\u00f6r. Die hochwertige Diesel-Zapfpistole verf\u00fcgt \u00fcber eine Abschalt-Automatik und eine Durchfluss-Verrastung. Der Gummi-Schlauch hat eine L\u00e4nge von 6 Metern. Er kann problemlos selbst auf die passende L\u00e4nge zugeschnitten werden.<\/p>\n<p>Das Diesel-Zubeh\u00f6r Paket 2 mit Gummi-Schlauch und Automatik-Zapfpistole ist geeignet f\u00fcr den Einsatz mit Dieselpumpen\/ Heiz\u00f6lpumpen\/ Kraftstoffpumpen, aber auch alle Arten von Wasserpumpen (Tauchpumpen, Brunnenpumpen, Kreiselpumpen, Jetpumpen uvm.)<\/p>\n<\/div>\n<h3>Molti buoni motivi per acquistare questo prodotto:<\/h3>\n<div class=\"sale_motive\">Komplett-Set mit: <\/p>\n<ul>\n<li>Autoadescamento dopo il riempimento o lo sfiato iniziale<\/li>\n<li>Qualit\u00e0 pesante, robusta e affidabile<\/li>\n<li>Interruttore \"On\" e \"Off\" con dispositivo di sicurezza<\/li>\n<li>mit zus\u00e4tzlicher Zubeh\u00f6r-Auswahl<\/li>\n<li>mit 2 T\u00fcllen f\u00fcr 25mm-Schlauchanschluss (1&#8243;)<\/li>\n<\/ul>\n<ul>\n<li><b>mit zuverl\u00e4ssiger Zapfpistole &amp; umfangreichem Zubeh\u00f6r<\/b><\/li>\n<\/ul>\n<\/div>","protected":false},"excerpt":{"rendered":"<p>230-Volt-Dieselpumpe | Komplett-Set mit Automatik-Dieselzapfpistole,<br \/>\nR\u00fcckschlagventil, Gummi-Schlauch, passenden T\u00fcllen &amp; Schellen<br \/>\n  max. F\u00f6rdermenge 3600 l\/ h | max. F\u00f6rderh\u00f6he 5 m<\/p>\n<p>Neu! <b>Diesel-Set mit selbstansaugender Dieselpumpe und Automatik-Zapfhahn!<\/b><\/p>","protected":false},"featured_media":33909,"comment_status":"open","ping_status":"closed","template":"","meta":[],"product_cat":[228,229,244],"product_tag":[],"class_list":{"0":"post-30773","1":"product","2":"type-product","3":"status-publish","4":"has-post-thumbnail","6":"product_cat-diesel-pumpen-sets","7":"product_cat-230v-pumpen","8":"product_cat-startseite-pumpe","10":"first","11":"instock","12":"taxable","13":"shipping-taxable","14":"purchasable","15":"product-type-simple"},"_links":{"self":[{"href":"http:\/\/igel.wovodo.de:8085\/it\/wp-json\/wp\/v2\/product\/30773","targetHints":{"allow":["GET"]}}],"collection":[{"href":"http:\/\/igel.wovodo.de:8085\/it\/wp-json\/wp\/v2\/product"}],"about":[{"href":"http:\/\/igel.wovodo.de:8085\/it\/wp-json\/wp\/v2\/types\/product"}],"replies":[{"embeddable":true,"href":"http:\/\/igel.wovodo.de:8085\/it\/wp-json\/wp\/v2\/comments?post=30773"}],"version-history":[{"count":3,"href":"http:\/\/igel.wovodo.de:8085\/it\/wp-json\/wp\/v2\/product\/30773\/revisions"}],"predecessor-version":[{"id":38468,"href":"http:\/\/igel.wovodo.de:8085\/it\/wp-json\/wp\/v2\/product\/30773\/revisions\/38468"}],"wp:featuredmedia":[{"embeddable":true,"href":"http:\/\/igel.wovodo.de:8085\/it\/wp-json\/wp\/v2\/media\/33909"}],"wp:attachment":[{"href":"http:\/\/igel.wovodo.de:8085\/it\/wp-json\/wp\/v2\/media?parent=30773"}],"wp:term":[{"taxonomy":"product_cat","embeddable":true,"href":"http:\/\/igel.wovodo.de:8085\/it\/wp-json\/wp\/v2\/product_cat?post=30773"},{"taxonomy":"product_tag","embeddable":true,"href":"http:\/\/igel.wovodo.de:8085\/it\/wp-json\/wp\/v2\/product_tag?post=30773"}],"curies":[{"name":"wp","href":"https:\/\/api.w.org\/{rel}","templated":true}]}}