{"id":30741,"date":"2024-10-31T14:12:38","date_gmt":"2024-10-31T13:12:38","guid":{"rendered":"http:\/\/igel.wovodo.de:8085\/product\/25-brunnen-star-250-5-mit-druckschalter-ac-3-verkabelt\/"},"modified":"2025-01-27T12:31:55","modified_gmt":"2025-01-27T11:31:55","slug":"25-brunnen-star-250-5-mit-druckschalter-ac-3-verkabelt","status":"publish","type":"product","link":"http:\/\/igel.wovodo.de:8085\/it\/product\/25-brunnen-star-250-5-mit-druckschalter-ac-3-verkabelt\/","title":{"rendered":"2,5\u2033 BRUNNEN-STAR 250-5 con pressostato AC-3 cablato"},"content":{"rendered":"<div class=\"sale_application\">\n<ul>\n<li> Tiefbrunnenbohrungen bis ca 30-40m Tiefe und ab ca 75mm Durchmesser<\/li>\n<li>f\u00fcr private und industrielle Anwendungen\n<\/li>\n<li>zur Hauswasserversorgung\n<\/li>\n<li>zur Bew\u00e4sserung\n<\/li>\n<li>zur Beregnung\n<\/li>\n<li>f\u00fcr Anwendungen im Umweltschutz\n<\/li>\n<li>bei Grundwasserabsenkung\n<\/li>\n<li>per il riempimento dei contenitori<\/li>\n<\/ul><\/div>\n<div class=\"sale_description\">\n<p><strong>Robuste, stabile und besonders schlanke&nbsp;Tiefbrunnenpumpe aus rostfreiem Edelstahl<\/strong> f\u00fcr tiefe Brunnenbohrungen (bis ca 30-40m). Mit dieser robusten Brunnenpumpe ist die F\u00f6rderung von Wasser aus extrem tiefen Bohrungen, Brunnen bzw. Wasserreservoirs kein Problem. Diese Brunnenpumpe f\u00f6rdert mit hohem Druck weiter an die Abnahmestelle. Bei gleicher elektrischen Leistung f\u00f6rdert diese Pumpe dank der besonderen Bauweise wesentlich mehr Wasser als andere Tiefbrunnenpumpen. Daher bezeichnen wir diese Pumpe als echte ENERGIE-SPARPUMPE!\n<\/p>\n<p>Mit 2,5 Zoll wird die Brunnenpumpe zur Probleml\u00f6serin: Die schlanke Tiefbrunnenpumpe hat einen&nbsp;<strong>Durchmesser von nur 65mm<\/strong>. Die Brunnenpumpe kann optimal in engen Sch\u00e4chten mit einem Mindest-Durchmesser von 75mm eingesetzt werden.<\/p>\n<p>Die 2,5-Zoll-Brunnenpumpe ist eine <strong>mehrstufige zuverl\u00e4ssige Tauchdruckpumpe<\/strong>. Ein Kabel in der L\u00e4nge von 20m inkl. Stecker ist im Lieferumfang enthalten.<\/p>\n<p>Den optimalen Wirkungsgrad erreicht die Pumpe bei 25l\/min (1,5cbm\/h) und 25-30m F\u00f6rderh\u00f6he. Mit <strong>250 Watt<\/strong> Leistungsaufnahme ist diese Brunnenpumpe nicht nur eine Probleml\u00f6serin f\u00fcr enge Bohrungen, sondern auch eine echte <strong>Energiespar-Pumpe!<\/strong><\/p>\n<p style=\"font-weight:bold;color:red\">Hier wird auf Dauer bares Geld gespart!<\/p>\n<p>Noch mehr <b>Energie und Kosten sparen<\/b> Sie, wenn Sie Ihre Pumpe mit einem <b>effizienten<\/b> Pumpen-Inverter erg\u00e4nzen. Unterst\u00fctzen Sie mit intelligenter Technik den <b>Klima- und Umweltschutz, sparen Sie Stromkosten und sorgen teuren Reparaturen und Wartungsarbeiten<\/b> vor. Die Inverter-Steuerung sorgt f\u00fcr besonders schonenden Pumpenbetrieb frei von Druckschl\u00e4gen.<\/p>\n<p>Bitte beachten: F\u00fcr die richtige Funktion der INVERTER-Pumpensteuerung  MUSS ein Druckausdehnungsgef\u00e4\u00df \/Drucktank mit einem Mindestvolumen von 2L in der Druckleitung in unmittelbarer N\u00e4he der Steuerung vorhanden sein. Bei unserer Zubeh\u00f6r-Auswahl k\u00f6nnen Sie f\u00fcr einen kleinen Aufpreis einen hochwertigen Drucktank (2 oder 8L) mitbestellen.<\/p>\n<h3>Durchflussw\u00e4chter 3-2 Automatic-Controller verkabelt<\/h3>\n<p>Der Durchflussw\u00e4chter automatisiert und steuert das Einschalten von Kreisel- bzw. Tauchpumpen. Abh\u00e4ngig von dem Druck bzw. der Durchflussmenge, schaltet der Druckschalter einen oder mehrere elektrische<br \/>\nVerbraucher (MAX 10A) an bzw. aus. Das Manometer zeigt den Druck im System an. Es hilft die ordentliche Pumpenfunktion zu \u00fcberwachen<br \/>\n  und Leckagen im System zu erkennen:<br \/>\n  Bei einer Wasserentnahme aus dem Rohrsystem nimmt der Druck ab. F\u00e4llt der Druck unter 1,5bar schaltet der Durchflussw\u00e4chter das angeschlossene Ger\u00e4t (z.B. Kreiselpumpe) an. Diese versorgt die Verbraucher wieder mit Wasser. Wird der Verbraucher geschlossen, verringert sich der Durchfluss und die Pumpe wird abgeschaltet.<\/p>\n<h3>Integrierter Manometer &amp; Trockenlaufschutz<\/h3>\n<p>Die Besonderheiten an diesem Pumpen-Druckschalter sind der integrierte Manometer und der integrierte Trockenlaufschutz.<br \/>\nDer Druckschalter ist leicht zu installieren und leicht zu handhaben. Der Einschaltdruck des Druckw\u00e4chters liegt bei 1,5bar, der maximale Betriebsdruck bei 7bar.<\/p>\n<h3>Unsere Profi-Tipps<\/h3>\n<p>Bei Einsatz von jeglichen Pumpen-Schaltger\u00e4ten empfehlen wir dringend, vor dem Schaltger\u00e4t stets einen effektiven Pumpen-Vorfilter\/ Kartuschenfilter einzusetzen. Dadurch lassen sich Probleme, die auf die Wasserveschmutzung zur\u00fcck zu f\u00fchren sind, deutlich reduzieren. Alle markt\u00fcblichen professionellen Schaltger\u00e4te haben eingangsseitig ein R\u00fcckschlagventil. Setzt sich ein Schmutzkorn genau zwischen den Dichtfl\u00e4chen ab, funktionieren die Schaltger\u00e4te nicht meht einwandfrei. Die Durchflussw\u00e4chter beinhalten bereits ein R\u00fcckschlagventil, zwischen Pumpe und Durchflussw\u00e4chter darf kein weiteres R\u00fcckschlagventil montiert werden, da dies zu Fehlern und sogar Besch\u00e4digungen an der Pumpe f\u00fchren kann.<\/p>\n<\/div>\n<h3>Molti buoni motivi per acquistare questo prodotto:<\/h3>\n<div class=\"sale_motive\">\n<ul>\n<li>durch<span class=\"high\"> wartungs- und leckfreie mechanische Dichtung<\/span>(Graphite-Ceramic\/TC) sowie Dauerschmierung (\u00d6lkammer) hat die Pumpe viel h\u00f6here Lebensdauer als herk\u00f6mmliche Pumpen <\/li>\n<li>leistungsstarke, solide Qualit\u00e4ts-Tiefbrunnenpumpe mit max<span class=\"high\"> 4,7 bar<\/span> und max <span class=\"high\">2400L\/h<\/span><\/li>\n<li>f\u00fcr tiefe Brunnenbohrungen bis ca. 30-40m <\/li>\n<li class=\"high2&quot;\">Max. Pumpenbreite: 70mm  <\/li>\n<li>ausgezeichnetes Preis- \/ Leistungsverh\u00e4ltnis! <\/li>\n<li>solide, kompakt und zuverl\u00e4ssig <\/li>\n<li>robustes rostfreies Edelstahlgeh\u00e4use mit Messingteilen <\/li>\n<li>keine Ansaugung von Bodensediment durch seitliche Ansaugung <\/li>\n<li>hochwertiger gekapselter Elektromotor <\/li>\n<li>Steckerfertig! Kondensator in der Pumpe integriert (ein Vorteil, da die Verdrahtung durch Elektriker entf\u00e4llt)) <\/li>\n<\/ul>\n<\/div>","protected":false},"excerpt":{"rendered":"<p>Leistungsstarke, mehrstufige Brunnenpumpe mit 250Watt<br \/>F\u00f6rderdruck max. 4,7 bar&nbsp;| <span style=\"color: black\">Qmax.&nbsp;2400 L\/h<br \/><\/span>F\u00f6rderh\u00f6he max. 47m | Brunnentiefe&nbsp;ca. 30-40m<br \/>mit 20m Kabel und Stecker<\/p>\n<p><strong>Probleml\u00f6sung f\u00fcr enge Bohrungen:<br \/>Die 2,5-Zoll schlanke, energiesparende&nbsp;Brunnenpumpe!<\/strong><\/p>","protected":false},"featured_media":31698,"comment_status":"open","ping_status":"closed","template":"","meta":[],"product_cat":[360,226],"product_tag":[],"class_list":{"0":"post-30741","1":"product","2":"type-product","3":"status-publish","4":"has-post-thumbnail","6":"product_cat-25-brunnenpumpen","7":"product_cat-brunnenpumpen-mit-druckschalter-inverter","9":"first","10":"instock","11":"featured","12":"taxable","13":"shipping-taxable","14":"purchasable","15":"product-type-simple"},"_links":{"self":[{"href":"http:\/\/igel.wovodo.de:8085\/it\/wp-json\/wp\/v2\/product\/30741","targetHints":{"allow":["GET"]}}],"collection":[{"href":"http:\/\/igel.wovodo.de:8085\/it\/wp-json\/wp\/v2\/product"}],"about":[{"href":"http:\/\/igel.wovodo.de:8085\/it\/wp-json\/wp\/v2\/types\/product"}],"replies":[{"embeddable":true,"href":"http:\/\/igel.wovodo.de:8085\/it\/wp-json\/wp\/v2\/comments?post=30741"}],"version-history":[{"count":3,"href":"http:\/\/igel.wovodo.de:8085\/it\/wp-json\/wp\/v2\/product\/30741\/revisions"}],"predecessor-version":[{"id":39541,"href":"http:\/\/igel.wovodo.de:8085\/it\/wp-json\/wp\/v2\/product\/30741\/revisions\/39541"}],"wp:featuredmedia":[{"embeddable":true,"href":"http:\/\/igel.wovodo.de:8085\/it\/wp-json\/wp\/v2\/media\/31698"}],"wp:attachment":[{"href":"http:\/\/igel.wovodo.de:8085\/it\/wp-json\/wp\/v2\/media?parent=30741"}],"wp:term":[{"taxonomy":"product_cat","embeddable":true,"href":"http:\/\/igel.wovodo.de:8085\/it\/wp-json\/wp\/v2\/product_cat?post=30741"},{"taxonomy":"product_tag","embeddable":true,"href":"http:\/\/igel.wovodo.de:8085\/it\/wp-json\/wp\/v2\/product_tag?post=30741"}],"curies":[{"name":"wp","href":"https:\/\/api.w.org\/{rel}","templated":true}]}}