{"id":30696,"date":"2024-10-31T14:12:11","date_gmt":"2024-10-31T13:12:11","guid":{"rendered":"http:\/\/igel.wovodo.de:8085\/product\/tauchpumpe-super-750w-25m-kabel-mit-fuessen\/"},"modified":"2025-01-27T12:31:42","modified_gmt":"2025-01-27T11:31:42","slug":"tauchpumpe-super-750w-25m-kabel-mit-fuessen","status":"publish","type":"product","link":"http:\/\/igel.wovodo.de:8085\/it\/product\/tauchpumpe-super-750w-25m-kabel-mit-fuessen\/","title":{"rendered":"Tauchpumpe SUPER 750W 25m Kabel mit F\u00fc\u00dfen"},"content":{"rendered":"<div class=\"sale_application\">\n<ul>\n<li>zur Brauchwasserversorgung in Haus und Garten<\/li>\n<li>zur Regenwassernutzung<\/li>\n<li>zum Bew\u00e4ssern von Rasen und Beeten<\/li>\n<li>zur Beh\u00e4lter-Umf\u00fcllung<\/li>\n<li>zur Nutzung von externen Wasserquellen aus Bach, Fluss und Brunnen, Vorratsbeh\u00e4lter<\/li>\n<li>f\u00fcr Anwendungen im Umweltschutz<\/li>\n<\/ul><\/div>\n<div class=\"sale_description\">\n<p>Unsere robuste und stabile <b>Tauchpumpe Regen-Star-SUPER 750<\/b>  ist aus<br \/>\n<b>rostfreiem Edelstahl<\/b> gefertigt. Sie ist bestens f\u00fcr den Einsatz in gro\u00dfen Wasserspeichern<br \/>\n  geeignet.<\/p>\n<p>&#8211; <b>Horizontaler und vertikaler Betrieb<\/b><\/p>\n<p>Die Tauchpumpe kann sowohl <b>horizontal<\/b> als auch <b>vertikal<\/b> betrieben werden. Durch den horizontalen Betrieb kann, im Gegensatz zu rein vertikalen Pumpen, wesentlich mehr Wasser aus dem Wasserspeicher entnommen werden. Dadurch erh\u00f6ht sich das Nutzvolumen des Wasserbeh\u00e4lters enorm.<\/p>\n<p>&#8211; <b>Leistungsstark mit 4,5 bar<\/b><\/p>\n<p>Die Tauchpumpe Super 750 f\u00f6rdert das Wasser mit hohen Druck (4,5 bar) weiter an die Abnahmestelle im Haus oder Garten.<\/p>\n<p>&#8211; <b>Mit Anschlussbox\/ Kondensator und Anschluss f\u00fcr schwimmende Entnahme<\/b><\/p>\n<p>Die Tauchpumpe Regen-Star-SUPER 750 wird mit Anschluss-Box geliefert. In der Anschluss-Box ist ein leicht zug\u00e4nglicher Kondensator enthalten. Dies ist ein gro\u00dfer Vorteil, da dies i.d.R. das Bauteil ist, das bei Tauchdruckpumpen einem gewissen Verschlei\u00df unterliegt.<\/p>\n<p>Die Tauchpumpe Regen-Star-SUPER 750 ist mit einem Anschluss f\u00fcr <b>schwimmende Entnahme<\/b> ausgestattet. Entsprechendes Zubeh\u00f6r: siehe unten<\/p>\n<p>Diese Universal-Pumpenf\u00fc\u00dfe aus rostfreiem Edelstahl sorgen f\u00fcr einen optimalen und sicheren Stand der Tauchpumpe auf dem Zisternenboden. Diese Halterung eignet sich f\u00fcr Tauchpumpen mit Durchmessern von ca. 11 &#8211; 16cm.\n<\/p>\n<\/p>\n<\/div>\n<h3>Molti buoni motivi per acquistare questo prodotto:<\/h3>\n<div class=\"sale_motive\">\n<ul>\n<li>Affidabile, potente<\/li>\n<li>horizontaler und vertikaler Betrieb m\u00f6glich<\/li>\n<li>Lunga durata di vita<\/li>\n<li>hochwertiges Edelstahlgeh\u00e4use<\/li>\n<li>leicht zug\u00e4nglicher Kondensator in der Anschluss-Box (immer ein Vorteil, da dies i.d.R. das Bauteil ist, das bei Tauchdruckpumpen einem gewissen Verschlei\u00df unterliegt)<\/li>\n<li>Anschluss f\u00fcr schwimmende Entnahme &#8211; optimal f\u00fcr Regenwassernutzung<\/li>\n<li>mit wassergek\u00fchltem Inverter: kann auch bei eingeschr\u00e4nkter Luftk\u00fchlung eingesetzt werden<\/li>\n<li>ENERGIESPARENDER Pumpen-Betrieb: Bis zu 85% Energieeinsparung bei Pumpen-Betrieb mit wechselnder Belastung<\/li>\n<\/ul><\/div>","protected":false},"excerpt":{"rendered":"<p>zur Brauchwasserversorgung in Haus und Garten zur Regenwassernutzung zum Bew\u00e4ssern von Rasen und Beeten zur Beh\u00e4lter-Umf\u00fcllung zur Nutzung von externen<\/p>","protected":false},"featured_media":39859,"comment_status":"open","ping_status":"closed","template":"","meta":[],"product_cat":[280,281,243],"product_tag":[],"class_list":{"0":"post-30696","1":"product","2":"type-product","3":"status-publish","4":"has-post-thumbnail","6":"product_cat-hochdruckpumpe","7":"product_cat-tauchdruck-pumpen","8":"product_cat-regenwasser-pumpen","10":"first","11":"instock","12":"taxable","13":"shipping-taxable","14":"purchasable","15":"product-type-simple"},"_links":{"self":[{"href":"http:\/\/igel.wovodo.de:8085\/it\/wp-json\/wp\/v2\/product\/30696","targetHints":{"allow":["GET"]}}],"collection":[{"href":"http:\/\/igel.wovodo.de:8085\/it\/wp-json\/wp\/v2\/product"}],"about":[{"href":"http:\/\/igel.wovodo.de:8085\/it\/wp-json\/wp\/v2\/types\/product"}],"replies":[{"embeddable":true,"href":"http:\/\/igel.wovodo.de:8085\/it\/wp-json\/wp\/v2\/comments?post=30696"}],"version-history":[{"count":1,"href":"http:\/\/igel.wovodo.de:8085\/it\/wp-json\/wp\/v2\/product\/30696\/revisions"}],"predecessor-version":[{"id":35306,"href":"http:\/\/igel.wovodo.de:8085\/it\/wp-json\/wp\/v2\/product\/30696\/revisions\/35306"}],"wp:featuredmedia":[{"embeddable":true,"href":"http:\/\/igel.wovodo.de:8085\/it\/wp-json\/wp\/v2\/media\/39859"}],"wp:attachment":[{"href":"http:\/\/igel.wovodo.de:8085\/it\/wp-json\/wp\/v2\/media?parent=30696"}],"wp:term":[{"taxonomy":"product_cat","embeddable":true,"href":"http:\/\/igel.wovodo.de:8085\/it\/wp-json\/wp\/v2\/product_cat?post=30696"},{"taxonomy":"product_tag","embeddable":true,"href":"http:\/\/igel.wovodo.de:8085\/it\/wp-json\/wp\/v2\/product_tag?post=30696"}],"curies":[{"name":"wp","href":"https:\/\/api.w.org\/{rel}","templated":true}]}}