{"id":30678,"date":"2024-10-31T14:11:59","date_gmt":"2024-10-31T13:11:59","guid":{"rendered":"http:\/\/igel.wovodo.de:8085\/product\/230v-gartenbrunnen-3-stufige-stein-kaskade-mit-led-licht\/"},"modified":"2025-01-27T12:31:38","modified_gmt":"2025-01-27T11:31:38","slug":"230v-gartenbrunnen-3-stufige-stein-kaskade-mit-led-licht","status":"publish","type":"product","link":"http:\/\/igel.wovodo.de:8085\/it\/product\/230v-gartenbrunnen-3-stufige-stein-kaskade-mit-led-licht\/","title":{"rendered":"230V &#8211; Gartenbrunnen 3-Stufige STEIN-KASKADE  mit LED-Licht"},"content":{"rendered":"<div class=\"sale_application\">\n<ul>\n<li>LED-Gartenbrunnen f\u00fcr den Innen- und Au\u00dfenbereich mit 230\/12V-Netzadapter<\/li>\n<\/ul><\/div>\n<div class=\"sale_description\"> <strong>Decorativo e benefico<\/strong><\/p>\n<p>Der Kaskadenbrunnen  230V &#8211; Gartenbrunnen 3-Stufige STEIN-KASKADE  mit LED-Licht  ist f\u00fcr den <b>Innen- und Au\u00dfenbereich<\/b> geeignet. Betrieben wird der stilvolle Wasserbrunnen mit einem 230\/12-Volt Netzadapter. Mit der wirklichkeitsgetreuen Stein-Dekoration sorgt der moderne Gartenbrunnen f\u00fcr eine harmonische Atmosph\u00e4re und Entspannung. Das Lebenselixier Wasser belebt Wohnzimmer, Esszimmer, Flure und Eingangsbereiche, Winterg\u00e4rten oder Balkone, Terrassen und G\u00e4rten im privaten wie gewerblichen Umfeld.<\/p>\n<p>\n<strong>Perfekter Blickfang<\/strong><\/p>\n<p>Der Gartenbrunnen ist sowohl bei Tag als auch bei Nacht der perfekte Hingucker. Die mitgelieferte LED-Beleuchtung sorgt f\u00fcr die perfekte Illumination. Die LED-Lichter des austauschbaren LED-Rings erstrahlen in klassischem Wei\u00df.<\/p>\n<p>\n<strong>Werthaltig, best\u00e4ndig &amp; betriebssicher<\/strong><\/p>\n<p>Der moderne Kaskadenbrunnen  ist f\u00fcr den 230-Volt-Betrieb vorgesehen. Die Pumpe und die LEDs werden mit sicherer 12V-Niederspannung betrieben (Adapter im Lieferumfang enthalten). Alle Kabelverbindungen sind verpolungssicher, wasserdicht und absolut funktionssicher. Dank praktischer Steckverbindungen sind alle Komponenten jederzeit austauschbar. So k\u00f6nnen Sie den Wasserbrunnen mit der effektvollen LED-Beleuchtung und das flie\u00dfende Wasser jahrelang genie\u00dfen!<\/p>\n<\/p>\n<p><\/p>\n<div class=\"embed-responsive embed-responsive-16by9\">\n  <iframe width=\"560\" height=\"315\" src=\"https:\/\/www.youtube.com\/embed\/CDxqlNIa-PE?si=gz9ao_m3G89SYl9X&#038;rel=0\" title=\"Lettore video di YouTube\" frameborder=\"0\" allow=\"accelerometer; autoplay; clipboard-write; encrypted-media; gyroscope; picture-in-picture; web-share\" allowfullscreen=\"\"><\/iframe><\/div>\n<p><b>Nota:<\/b> Frost kann zu Sch\u00e4den am Gartenbrunnen und der Pumpe f\u00fchren. Bei Frostgefahr muss der <b>Gartenbrunnen und die Pumpe entleert werden<\/b>, mit klarem Wasser gesp\u00fclt und trocken eingelagert werden. Dann haben Sie sehr lange Freude daran!<\/p>\n<\/p><\/div>\n<h3>Molti buoni motivi per acquistare questo prodotto:<\/h3>\n<div class=\"sale_motive\">\n<ul>\n<li>Steckfertiger, sofort einsatzbereiter Gartenbrunnen<\/li>\n<li>ha un effetto rinvigorente sui sensi<\/li>\n<li>migliora la qualit\u00e0 dell'aria<\/li>\n<li>wirklichkeitsgetreue Natursteindekoration<\/li>\n<li>Fontane da giardino per interni e per esterni<\/li>\n<li>Con connessione 230V\/12V<\/li>\n<li>Inkl. 7 Watt starker Pumpe<\/li>\n<li>Inkl. LED-Ring in warmem Wei\u00df (austauschbar)<\/li>\n<\/ul>\n<p><p style=\"font-size:11px;\"><b>Avviso legale:<\/b> I nostri prodotti sono colorati singolarmente a mano, pertanto non \u00e8 possibile evitare deviazioni di colore. Inoltre, a causa delle condizioni di illuminazione durante la fotografia del prodotto e delle diverse impostazioni dello schermo, il colore del prodotto potrebbe non essere riprodotto in modo autentico e non \u00e8 quindi motivo di reclamo.<\/p>\n<\/div>","protected":false},"excerpt":{"rendered":"<p>Gartenbrunnen &#8220;3-stufige STEIN-KASKADE&#8221; mit austauschbarem LED-Leuchtring (2*1)<br \/>\n  in wirklichkeitsgetreuer Steindekoration<\/p>","protected":false},"featured_media":39450,"comment_status":"open","ping_status":"closed","template":"","meta":[],"product_cat":[318,254,460,319,178],"product_tag":[],"class_list":{"0":"post-30678","1":"product","2":"type-product","3":"status-publish","4":"has-post-thumbnail","6":"product_cat-gartenbrunnen","7":"product_cat-brunnen-mit-230-v-betrieb","8":"product_cat-klassische-kaskaden","9":"product_cat-zimmerbrunnen","10":"product_cat-garten-u-zimmer-brunnen","12":"first","13":"instock","14":"taxable","15":"shipping-taxable","16":"purchasable","17":"product-type-simple"},"_links":{"self":[{"href":"http:\/\/igel.wovodo.de:8085\/it\/wp-json\/wp\/v2\/product\/30678","targetHints":{"allow":["GET"]}}],"collection":[{"href":"http:\/\/igel.wovodo.de:8085\/it\/wp-json\/wp\/v2\/product"}],"about":[{"href":"http:\/\/igel.wovodo.de:8085\/it\/wp-json\/wp\/v2\/types\/product"}],"replies":[{"embeddable":true,"href":"http:\/\/igel.wovodo.de:8085\/it\/wp-json\/wp\/v2\/comments?post=30678"}],"version-history":[{"count":4,"href":"http:\/\/igel.wovodo.de:8085\/it\/wp-json\/wp\/v2\/product\/30678\/revisions"}],"predecessor-version":[{"id":38762,"href":"http:\/\/igel.wovodo.de:8085\/it\/wp-json\/wp\/v2\/product\/30678\/revisions\/38762"}],"wp:featuredmedia":[{"embeddable":true,"href":"http:\/\/igel.wovodo.de:8085\/it\/wp-json\/wp\/v2\/media\/39450"}],"wp:attachment":[{"href":"http:\/\/igel.wovodo.de:8085\/it\/wp-json\/wp\/v2\/media?parent=30678"}],"wp:term":[{"taxonomy":"product_cat","embeddable":true,"href":"http:\/\/igel.wovodo.de:8085\/it\/wp-json\/wp\/v2\/product_cat?post=30678"},{"taxonomy":"product_tag","embeddable":true,"href":"http:\/\/igel.wovodo.de:8085\/it\/wp-json\/wp\/v2\/product_tag?post=30678"}],"curies":[{"name":"wp","href":"https:\/\/api.w.org\/{rel}","templated":true}]}}