{"id":30652,"date":"2024-10-31T14:11:43","date_gmt":"2024-10-31T13:11:43","guid":{"rendered":"http:\/\/igel.wovodo.de:8085\/product\/pumpe-hauswasserwerk-inno-tec-1200-1-mit-fluomac-vk\/"},"modified":"2025-01-27T12:31:29","modified_gmt":"2025-01-27T11:31:29","slug":"pumpe-hauswasserwerk-inno-tec-1200-1-mit-fluomac-vk","status":"publish","type":"product","link":"http:\/\/igel.wovodo.de:8085\/it\/product\/pumpe-hauswasserwerk-inno-tec-1200-1-mit-fluomac-vk\/","title":{"rendered":"Pumpe Hauswasserwerk INNO-TEC 1200-1 mit FLUOMAC\u00ae vk"},"content":{"rendered":"<div class=\"sale_application\">\n<h2>Anwendungsbereiche<\/h2>\n<ul>\n<li>zur automatischen Brauchwasserversorgung im Haus und Garten<\/li>\n<li>zur Regenwassernutzung<\/li>\n<li>zum Bew\u00e4ssern von Rasen und Beeten<\/li>\n<li>zur Nutzung von externen Wasserquellen aus Bach, Fluss und Brunnen<\/li>\n<li>Beh\u00e4lter-Umf\u00fcllung<\/li>\n<\/ul><\/div>\n<div class=\"sale_description\"> <b>Die Jetpumpe&nbsp; INNO-TEC 1200-1 ist eine leistungsstarke, einstufige Jetpumpe mit 1200W.<\/b> <\/p>\n<p>Der Einsatzbereich der Pumpe ist sehr vielseitig: Entweder als einfache Gartenpumpe oder als ausgereiftes Hauswasserwerk \/ Hauswasserautomat. Sie k\u00f6nnen mit dieser Pumpe und einem zus\u00e4tzlichen Schaltger\u00e4t (wir empfehlen die verkabelten Durchflu\u00dfw\u00e4chter Fluomac, AC3, Brio oder AC23 aus unserem Lieferprogramm) die gesamte Brauchwasserversorgung in Ihrem Haus automatisiert steuern bzw. regeln. Mit den genannten Pumpensteuerungen k\u00f6nnen Sie das Hauswasserwerk zur Druckstabilisierung \/ Druckerh\u00f6hng einsetzen.<\/p>\n<p>Ihr geringes Gewicht und der Tragegriff erm\u00f6glichen den schnellen Standortwechsel. Die Pumpe ist somit sowohl station\u00e4r als Hauswasserwerk als auch mobil als Gartenpumpe einsetzbar. Die Inbetriebnahme erfolgt durch Bef\u00fcllen der Pumpe (Bef\u00fcllstutzen) mit Wasser.<\/p>\n<p><b>Vor dem Anschlie\u00dfen des Saugschlauchs bef\u00fcllen Sie bitte auch diesen mit Wasser.<\/b> Achten Sie bitte auf die zur Pumpe stetig steigende F\u00fchrung der Saugleitung (keine Luftsack-Bildung!). Besonders auf der Saugseite m\u00fcssen die Anschl\u00fcsse 100% dicht sein. Den Rest macht die Pumpe dann selbst. Die max. Ansaugh\u00f6he betr\u00e4gt bei 1&#8243; Saugleitungsdurchmesser 8m. Setzen Sie bitte hierbei nur unterdruckstabile Saugschl\u00e4uche ein. Wir empfehlen Ihnen hierf\u00fcr den schwarzen Saug- und Druckschlauch aus unserem Lieferprogramm.<\/p>\n<p><p>Bei Einsatz von jeglichen <b>Pumpen-Schaltger\u00e4ten empfehlen wir dringend<\/b> vor dem Schaltger\u00e4t stets einen effektiven <b>Pumpen-Vorfilter\/Kartuschenfilter<\/b> einzusetzen. Dadurch lassen sich Probleme, die auf die Wasserveschmutzung zur\u00fcck zu f\u00fchren sind, deutlich reduzieren. Alle markt\u00fcblichen professionellen Schaltger\u00e4te haben eingangsseitig ein R\u00fcckschlagventil. Setzt sich ein Schmutzkorn genau zwischen den Dichtfl\u00e4chen ab, funktionieren die Schaltger\u00e4te nicht mehr einwandfrei. Die Durchflussw\u00e4chter beinhalten bereits ein R\u00fcckschlagventil, zwischen Pumpe und Durchflussw\u00e4chter darf kein weiteres R\u00fcckschlagventil montiert werden da dies zu Fehlern und sogar Besch\u00e4digungen an der Pumpe f\u00fchren kann.<\/p>\n<\/div>\n<h3>Molti buoni motivi per acquistare questo prodotto:<\/h3>\n<div class=\"sale_motive\">\n<ul>\n<li>solide und zuverl\u00e4ssige Jetpumpe mit 4,8 bar und<br \/>\nF\u00f6rdermenge von 3500l\/h bei einer Leistungsaufnahme von<br \/>\n1200W<\/li>\n<li>Ansaugh\u00f6he bis 8m (selbstansaugend nach 1. Bef\u00fcllung)<\/li>\n<li><b>sehr hochwertige, mechanische Dichtung<\/b>\n<\/li>\n<li>2,54cm (1 Zoll) Anschluss auf Saug- und Druckseite aus<br \/>\nMessing<\/li>\n<li>transportabel und schnell einsatzbereit (mit<br \/>\nTragegriff)<\/li>\n<li>kompakte Bauform<\/li>\n<li>Bef\u00fcll- und Ablass-Anschluss werkzeuglos zu \u00f6ffnen<\/li>\n<li>Lunga durata di vita<\/li>\n<li>hochwertiges Kunststoffgeh\u00e4use mit extra breitem Montagefu\u00df<br \/>\nund 4 Montagepunkten<\/li>\n<\/p>\n<\/p>\n<\/ul><\/div>","protected":false},"excerpt":{"rendered":"<p>Anwendungsbereiche zur automatischen Brauchwasserversorgung im Haus und Garten zur Regenwassernutzung zum Bew\u00e4ssern von Rasen und Beeten zur Nutzung von externen<\/p>","protected":false},"featured_media":39795,"comment_status":"open","ping_status":"closed","template":"","meta":[],"product_cat":[266,312],"product_tag":[],"class_list":{"0":"post-30652","1":"product","2":"type-product","3":"status-publish","4":"has-post-thumbnail","6":"product_cat-hauswasserautomat","7":"product_cat-hauswasserwerk-jetpumpen","9":"first","10":"instock","11":"taxable","12":"shipping-taxable","13":"purchasable","14":"product-type-simple"},"_links":{"self":[{"href":"http:\/\/igel.wovodo.de:8085\/it\/wp-json\/wp\/v2\/product\/30652","targetHints":{"allow":["GET"]}}],"collection":[{"href":"http:\/\/igel.wovodo.de:8085\/it\/wp-json\/wp\/v2\/product"}],"about":[{"href":"http:\/\/igel.wovodo.de:8085\/it\/wp-json\/wp\/v2\/types\/product"}],"replies":[{"embeddable":true,"href":"http:\/\/igel.wovodo.de:8085\/it\/wp-json\/wp\/v2\/comments?post=30652"}],"version-history":[{"count":3,"href":"http:\/\/igel.wovodo.de:8085\/it\/wp-json\/wp\/v2\/product\/30652\/revisions"}],"predecessor-version":[{"id":39530,"href":"http:\/\/igel.wovodo.de:8085\/it\/wp-json\/wp\/v2\/product\/30652\/revisions\/39530"}],"wp:featuredmedia":[{"embeddable":true,"href":"http:\/\/igel.wovodo.de:8085\/it\/wp-json\/wp\/v2\/media\/39795"}],"wp:attachment":[{"href":"http:\/\/igel.wovodo.de:8085\/it\/wp-json\/wp\/v2\/media?parent=30652"}],"wp:term":[{"taxonomy":"product_cat","embeddable":true,"href":"http:\/\/igel.wovodo.de:8085\/it\/wp-json\/wp\/v2\/product_cat?post=30652"},{"taxonomy":"product_tag","embeddable":true,"href":"http:\/\/igel.wovodo.de:8085\/it\/wp-json\/wp\/v2\/product_tag?post=30652"}],"curies":[{"name":"wp","href":"https:\/\/api.w.org\/{rel}","templated":true}]}}