{"id":30518,"date":"2024-10-31T14:10:22","date_gmt":"2024-10-31T13:10:22","guid":{"rendered":"http:\/\/igel.wovodo.de:8085\/product\/pumpe-hauswasserwerk-inno-tec-600-5-mit-brio\/"},"modified":"2025-01-27T12:30:53","modified_gmt":"2025-01-27T11:30:53","slug":"pumpe-hauswasserwerk-inno-tec-600-5-mit-brio","status":"publish","type":"product","link":"http:\/\/igel.wovodo.de:8085\/it\/product\/pumpe-hauswasserwerk-inno-tec-600-5-mit-brio\/","title":{"rendered":"Pumpe Hauswasserwerk INNO-TEC 600-5 mit BRIO\u00ae"},"content":{"rendered":"<div class=\"sale_application\">\n<ul>\n<li>zur automatischen Brauchwasserversorgung im Haus und Garten\n<li>ideal zur Regenwassernutzung im Garten und Haus\n<li>zur Nutzung von externen Wasserquellen aus Bach, Fluss und Brunnen\n<li>Beh\u00e4lter-Umf\u00fcllung\n<li>zum Bew\u00e4ssern von Rasen und Beeten (auch f\u00fcr mehrere Abnehmer)\n <\/div>\n<div class=\"sale_description\">\n<p>Das <b>Hauswasserwerk&nbsp; INNO-TEC 600 mit der BRIO\u00ae-Pumpensteuerung<\/b> (verkabelt) besteht aus einer hochwertigen,&nbsp;vierstufigen Kreiselpumpe mit&nbsp;550 Watt und einem verkabelten Durchflussw\u00e4chter.<br \/>Sowohl die mehrstufige Kreiselpumpe als auch der Druckschalter stammen aus hochwertiger europ\u00e4ischer Fertigung.<\/p>\n<p>Das Hauswasserwerk INOO-TEC 600 ist eine hochwertige, leistungsstarke, transportable Kreiselpumpe ohneTragegriff.<\/p>\n<\/p>\n<p>Il <span class=\"high\"><strong>INNO-TEC&nbsp;600<\/strong><\/span> ist in ihrer Bauart eine sehr zuverl\u00e4ssige und solide Kreiselpumpe.<\/p>\n<p>Die mehrstufige Kreiselpumpe ist vielseitig einsetzbar und ideal f\u00fcr die Nutzung von z.B. Brauch- und Regenwasser im Haus. Sie versorgt ihre Verbraucher mit ausreichend Druck. Sie ist auch ideal im Garten zur Bew\u00e4sserung von Rasen oder Beeten oder zum Anschluss eines Rasensprinklers einsetzbar. Sie ist sowohl station\u00e4r als auch <span style=\"font-size: 16px\">mobil zu verwenden<\/span>. Die Inbetriebnahme erfolgt durch das Auff\u00fcllen der Laufradkammern und des Schlauchs. Den Rest macht die Pumpe selbst. Dabei betr\u00e4gt die max. Ansaugh\u00f6he 8m. Am unteren Ende des Saugschlauch mu\u00df ein R\u00fcckschlagventil installiert werden. Bitte achten Sie dabei, da\u00df der Saugschlauch zur Pumpe hin stetig steigend verlegt wird. Das ist wichtig, damit die evtl. im Saugschlauch vorhandene Luft immer zur Pumpe entweichen kann. Durch die Konstruktion mit den mechanischen Dichtungen bietet die Pumpe eine enorm hohe Lebensdauer gegen\u00fcber herk\u00f6mmlichen Pumpen.<\/p>\n<p>Der im Lieferumfang enthaltene <strong>Pressostato<\/strong>&nbsp;steuert das Ein &#8211; und Abschalten der Pumpe automatisch. Wird ein Verbraucher aufgedreht, schaltet die Pumpe an und beim Schlie\u00dfen wieder aus. Bei Wassermangel (geringer bzw. kein Wasserdurchfluss) schaltet der Durchflussw\u00e4chter die vierstufige Kreiselpumpe aus und sch\u00fctzt&nbsp;so die Pumpe&nbsp;vor dem Trockenlaufen. Der Einsatzbereich dieser Kreiselpumpe&nbsp;ist sehr vielseitig. Sie k\u00f6nnen mit dieser Kreiselpumpe&nbsp;mit Pumpensteuerung&nbsp;die gesamte Brauchwasserversorgung in Ihrem Haus automatisiert steuern und regeln. <\/p>\n<p>Bei Einsatz von jeglichen <b>Pumpen-Schaltger\u00e4ten empfehlen wir dringend<\/b> vor dem Schaltger\u00e4t stets einen effektiven <b>Pumpen-Vorfilter\/Kartuschenfilter<\/b> einzusetzen. Dadurch lassen sich Probleme, die auf die Wasserveschmutzung zur\u00fcck zu f\u00fchren sind, deutlich reduzieren. Alle markt\u00fcblichen professionellen Schaltger\u00e4te haben eingangsseitig ein R\u00fcckschlagventil. Setzt sich ein Schmutzkorn genau zwischen den Dichtfl\u00e4chen ab, funktionieren die Schaltger\u00e4te nicht mehr einwandfrei. Die Durchflussw\u00e4chter beinhalten bereits ein R\u00fcckschlagventil, zwischen Pumpe und Durchflussw\u00e4chter darf kein weiteres R\u00fcckschlagventil montiert werden da dies zu Fehlern und sogar Besch\u00e4digungen an der Pumpe f\u00fchren kann.<\/p>\n<\/div>\n<h3>Molti buoni motivi per acquistare questo prodotto:<\/h3>\n<div class=\"sale_motive\">\n<ul>\n<li>selbstansaugende, zuverl\u00e4ssige, 4-stufige Kreiselpumpe\n<\/li>\n<li>Innovative Energiespar-Technik \/ fast 60% Energieeinsparung\n<\/li>\n<li>Sehr gute Qualit\u00e4t made in ITALY\n<\/li>\n<li>PROFI-Pumpe f\u00fcr Dauer-Betrieb\n<\/li>\n<li>enorm leise trotz hoher F\u00f6rdereistung\n<\/li>\n<li>hohe Lebensdauer durch hochwertige Materialien\n<\/li>\n<li>Ansaugh\u00f6he bis 7m\n<\/li>\n<li>hochwertiges rostfreies Edelstahlgeh\u00e4use<\/li>\n<\/ul>\n<p>hhhhhh<\/p><\/div>","protected":false},"excerpt":{"rendered":"<p>Horizontale, leistungsstarke Kreiselpumpe mit 550 Watt<br \/> Pmax 5,5bar | Qmax 5300l\/h inkl. Durchflussw\u00e4chter\n<\/p>\n<p>Laufruhiger Betrieb!<\/p>","protected":false},"featured_media":39776,"comment_status":"open","ping_status":"closed","template":"","meta":[],"product_cat":[266,265,262],"product_tag":[],"class_list":{"0":"post-30518","1":"product","2":"type-product","3":"status-publish","4":"has-post-thumbnail","6":"product_cat-hauswasserautomat","7":"product_cat-kreiselpumpen-mit-druckschalter","8":"product_cat-kreiselpumpen-hauswasserwerke","10":"first","11":"instock","12":"taxable","13":"shipping-taxable","14":"purchasable","15":"product-type-simple"},"_links":{"self":[{"href":"http:\/\/igel.wovodo.de:8085\/it\/wp-json\/wp\/v2\/product\/30518","targetHints":{"allow":["GET"]}}],"collection":[{"href":"http:\/\/igel.wovodo.de:8085\/it\/wp-json\/wp\/v2\/product"}],"about":[{"href":"http:\/\/igel.wovodo.de:8085\/it\/wp-json\/wp\/v2\/types\/product"}],"replies":[{"embeddable":true,"href":"http:\/\/igel.wovodo.de:8085\/it\/wp-json\/wp\/v2\/comments?post=30518"}],"version-history":[{"count":3,"href":"http:\/\/igel.wovodo.de:8085\/it\/wp-json\/wp\/v2\/product\/30518\/revisions"}],"predecessor-version":[{"id":39513,"href":"http:\/\/igel.wovodo.de:8085\/it\/wp-json\/wp\/v2\/product\/30518\/revisions\/39513"}],"wp:featuredmedia":[{"embeddable":true,"href":"http:\/\/igel.wovodo.de:8085\/it\/wp-json\/wp\/v2\/media\/39776"}],"wp:attachment":[{"href":"http:\/\/igel.wovodo.de:8085\/it\/wp-json\/wp\/v2\/media?parent=30518"}],"wp:term":[{"taxonomy":"product_cat","embeddable":true,"href":"http:\/\/igel.wovodo.de:8085\/it\/wp-json\/wp\/v2\/product_cat?post=30518"},{"taxonomy":"product_tag","embeddable":true,"href":"http:\/\/igel.wovodo.de:8085\/it\/wp-json\/wp\/v2\/product_tag?post=30518"}],"curies":[{"name":"wp","href":"https:\/\/api.w.org\/{rel}","templated":true}]}}