{"id":30445,"date":"2024-10-31T14:09:37","date_gmt":"2024-10-31T13:09:37","guid":{"rendered":"http:\/\/igel.wovodo.de:8085\/product\/diesel-star-160-1-4-24v-pumpe-mit-2stk-tuellen-2stk-schellen\/"},"modified":"2025-01-27T12:30:30","modified_gmt":"2025-01-27T11:30:30","slug":"diesel-star-160-1-4-24v-pumpe-mit-2stk-tuellen-2stk-schellen","status":"publish","type":"product","link":"http:\/\/igel.wovodo.de:8085\/it\/product\/diesel-star-160-1-4-24v-pumpe-mit-2stk-tuellen-2stk-schellen\/","title":{"rendered":"Diesel Star 160-1-4 &#8211; 24V-Pumpe, mit 2Stk T\u00fcllen, 2Stk Schellen"},"content":{"rendered":"<div class=\"sale_application\">\n<ul>\n<li>Autoadescamento dopo il riempimento o lo sfiato iniziale<\/li>\n<li>Dieselpumpe mit Klemmen zum Anschluss an 24-Volt-Batterie<\/li>\n<li>Zum Umf&uuml;llen von Diesel, Bio-Diesel &amp; Heiz&ouml;l<\/li>\n<\/ul><\/div>\n<div class=\"sale_description\">\n<p>Ob unterwegs, ob beim Camping, ob im Heizungskeller, ob in der Garage oder vor der Haust\u00fcr &#8211; &uuml;berall wird Ihnen diese Dieselpumpe beste Dienste leisten! Die Einsatzgebiete sind dank dieser Mobilit&auml;t absolut vielf&auml;ltig.<\/p>\n<p>Die DIESEL STAR 160-1-4 ist eine selbstsaugende, elektrische Dieselpumpe. Man kann die Pumpe einfach an eine 24V Batterie anschlie&szlig;en. Die passenden Schlaucht&uuml;llen und Schlauchschellen werden mitgeliefert. So macht das Umtanken Spa\u00df und bleibt eine saubere Sache!<\/p>\n<p>Die maximale F\u00f6rderleistung der 24-Volt Dieselpumpe betr\u00e4gt 2400 l\/ h, die maximale F\u00f6rderh\u00f6he 10 m und der maximale F\u00f6rderdruck liegt bei 1,2 bar. Bitte beachten Sie, dass die F\u00f6rderleistung bei steigender F\u00f6rderh\u00f6he entsprechend abnimmt.<\/p>\n<p>Info: Alle Pumpen sind EINZELST\u00dcCK-gepr\u00fcft auf Ihre Funktion. Daher k\u00f6nnen Reste der Pr\u00fcffl\u00fcssigkeit in der Pumpe \/ Verpackung vorhanden sein. Die Diesel-Pumpe und die Saugleitung sind bei der Inbetriebnahme blasenfrei mit Diesel zu bef\u00fcllen. Bei Verwendung eines R\u00fcckschlagventils (in der Zubeh\u00f6r-Auswahl bestellbar) muss dieses unbedingt am Ende der Saugleitung montiert und dicht sein.<\/p>\n<\/div>\n<h3>Molti buoni motivi per acquistare questo prodotto:<\/h3>\n<div class=\"sale_motive\">\n<ul>\n<li>Dieselpumpe mit Batterieklemmen, T\u00fcllen, Schellen<\/li>\n<li>Inkl. Klemmen zum Anschluss an eine 24-Volt-Batterie<\/li>\n<li>Dank 24V-Anschluss mobil &amp; nahezu \u00fcberall einsetzbar<\/li>\n<li>saugstark &amp; selbstansaugend<\/li>\n<li>schwere, robuste, zuverl\u00e4ssige Qualit\u00e4t<\/li>\n<li>Interruttore \"On\" e \"Off\" con dispositivo di sicurezza<\/li>\n<\/ul>\n<\/div>","protected":false},"excerpt":{"rendered":"<p><b>Dieselpumpe mit Klemmen zum Anschluss an 24-Volt-Batterie<\/b><br \/>\n  mit 2 T&uuml;llen und 2 Schellen<br \/>\n  max. F&ouml;rdermenge 2400 l\/ h | max. F&ouml;rderh&ouml;he 10 m | max. F&ouml;rderdruck 1,2 bar<\/p>","protected":false},"featured_media":32902,"comment_status":"open","ping_status":"closed","template":"","meta":[],"product_cat":[428,287],"product_tag":[],"class_list":{"0":"post-30445","1":"product","2":"type-product","3":"status-publish","4":"has-post-thumbnail","6":"product_cat-24v-pumpen","7":"product_cat-diesel-pumpen","9":"first","10":"instock","11":"taxable","12":"shipping-taxable","13":"purchasable","14":"product-type-simple"},"_links":{"self":[{"href":"http:\/\/igel.wovodo.de:8085\/it\/wp-json\/wp\/v2\/product\/30445","targetHints":{"allow":["GET"]}}],"collection":[{"href":"http:\/\/igel.wovodo.de:8085\/it\/wp-json\/wp\/v2\/product"}],"about":[{"href":"http:\/\/igel.wovodo.de:8085\/it\/wp-json\/wp\/v2\/types\/product"}],"replies":[{"embeddable":true,"href":"http:\/\/igel.wovodo.de:8085\/it\/wp-json\/wp\/v2\/comments?post=30445"}],"version-history":[{"count":1,"href":"http:\/\/igel.wovodo.de:8085\/it\/wp-json\/wp\/v2\/product\/30445\/revisions"}],"predecessor-version":[{"id":35060,"href":"http:\/\/igel.wovodo.de:8085\/it\/wp-json\/wp\/v2\/product\/30445\/revisions\/35060"}],"wp:featuredmedia":[{"embeddable":true,"href":"http:\/\/igel.wovodo.de:8085\/it\/wp-json\/wp\/v2\/media\/32902"}],"wp:attachment":[{"href":"http:\/\/igel.wovodo.de:8085\/it\/wp-json\/wp\/v2\/media?parent=30445"}],"wp:term":[{"taxonomy":"product_cat","embeddable":true,"href":"http:\/\/igel.wovodo.de:8085\/it\/wp-json\/wp\/v2\/product_cat?post=30445"},{"taxonomy":"product_tag","embeddable":true,"href":"http:\/\/igel.wovodo.de:8085\/it\/wp-json\/wp\/v2\/product_tag?post=30445"}],"curies":[{"name":"wp","href":"https:\/\/api.w.org\/{rel}","templated":true}]}}