{"id":30442,"date":"2024-10-31T14:09:35","date_gmt":"2024-10-31T13:09:35","guid":{"rendered":"http:\/\/igel.wovodo.de:8085\/product\/230v-garten-wandbrunnen-art-deco-mit-led-licht\/"},"modified":"2025-01-27T12:30:29","modified_gmt":"2025-01-27T11:30:29","slug":"230v-garten-wandbrunnen-art-deco-mit-led-licht","status":"publish","type":"product","link":"http:\/\/igel.wovodo.de:8085\/it\/product\/230v-garten-wandbrunnen-art-deco-mit-led-licht\/","title":{"rendered":"230V - Fontana da giardino e da parete \"ART-DECO\" con luce LED"},"content":{"rendered":"<div class=\"sale_application\">\n<ul>\n<li>Fontana d'acqua decorativa per uso interno ed esterno con adattatore di rete 230\/12V<\/li>\n<\/ul><\/div>\n<div class=\"sale_description\">\n<p><b>Decorativo e benefico<\/b><\/p>\n<p>Il <b>230V - Fontana da giardino e da parete \"ART-DECO\" con luce LED<\/b> ist f\u00fcr den Innen- und Au\u00dfenbereich geeignet. Betrieben wird der Wandbrunnen mit einem 230\/12-Volt Netzadapter. Der 230V &#8211; Garten- &amp; Wandbrunnen &#8220;ART-DECO&#8221; mit LED-Licht f\u00fcr Menschen mit Sinn f\u00fcr \u00c4sthetik zaubert mit den sch\u00f6nen Flora-Fauna-Details eine tolle Atmosph\u00e4re. Das Lebenselixier Wasser belebt Wohnzimmer, Esszimmer, Flure und Eingangsbereiche, Winterg\u00e4rten oder Balkone, Terrassen und G\u00e4rten im privaten wie gewerblichen Umfeld.<\/p>\n<p>Der 230V &#8211; Garten- &amp; Wandbrunnen &#8220;ART-DECO&#8221; mit LED-Licht wertet jede Umgebung auf. Flie\u00dfendes Wasser wirkt sich positiv auf die Stimmung aus und liefert ein angenehmes Mikroklima an hei\u00dfen Sommertagen.<\/p>\n<p><b>Recuperabile e affidabile<\/b><\/p>\n<p>Der Zierbrunnen &#8220;ART-DECO&#8221; ist f\u00fcr den 230-Volt-Betrieb vorgesehen. Die Pumpe wird mit sicherer 12V-Niederspannung betrieben (Adapter im Lieferumfang enthalten). Alle Kabelverbindungen sind verpolungssicher und wasserdicht. Der Aufbau geht einfach und schnell.<\/p>\n<p>S\u00e4mtliche Komponenten sind absolut funktionssicher, langlebig und dank praktischer Steckverbindungen jederzeit austauschbar. So k\u00f6nnen Sie den Wasserbrunnen &#8220;ART-DECO&#8221; und das flie\u00dfende Wasser jahrelang genie\u00dfen!<\/p>\n<p class=\"embed-responsive embed-responsive-16by9\"><iframe width=\"560\" height=\"315\" src=\"https:\/\/www.youtube-nocookie.com\/embed\/BYGmoGgvbwM?si=X2luTabIcn86DOYg&#038;rel=0\" title=\"Lettore video di YouTube\" frameborder=\"0\" allow=\"accelerometer; autoplay; clipboard-write; encrypted-media; gyroscope; picture-in-picture; web-share\" allowfullscreen=\"\"><\/iframe><\/p>\n<p style=\"font-size:11px;\"><b>Avviso legale:<\/b> I nostri prodotti sono colorati singolarmente a mano, pertanto non \u00e8 possibile evitare deviazioni di colore. Inoltre, a causa delle condizioni di illuminazione durante la fotografia del prodotto e delle diverse impostazioni dello schermo, il colore del prodotto potrebbe non essere riprodotto in modo autentico e non \u00e8 quindi motivo di reclamo.<\/p>\n<\/p>\n<p><b>Nota:<\/b> Frost kann zu Sch\u00e4den am Gartenbrunnen und der Pumpe f\u00fchren. Bei Frostgefahr muss der <b>Gartenbrunnen und die Pumpe entleert werden<\/b>, mit klarem Wasser gesp\u00fclt und trocken eingelagert werden. Dann haben Sie sehr lange Freude daran!<\/p>\n<\/p><\/div>\n<h3>Molti buoni motivi per acquistare questo prodotto:<\/h3>\n<div class=\"sale_motive\">\n<ul>\n<li>steckfertiger, sofort einsatzbereiter Gartenbrunnen &#8220;ART-DECO&#8221;<\/li>\n<li>klassische Form mit antiker Nostalgie-Struktur<\/li>\n<li>ha un effetto rinvigorente sui sensi<\/li>\n<li>migliora la qualit\u00e0 dell'aria<\/li>\n<li>Decorativo e utile<\/li>\n<li>Fontane da giardino per interni e per esterni<\/li>\n<li>Con connessione 230V\/12V<\/li>\n<\/ul>\n<\/div>","protected":false},"excerpt":{"rendered":"<p>Der Wandbrunnen f\u00fcr Menschen mit Sinn f\u00fcr \u00c4sthetik zaubert mit den sch\u00f6nen Flora-Fauna-Details eine tolle Atmosph\u00e4re<\/p>","protected":false},"featured_media":38714,"comment_status":"open","ping_status":"closed","template":"","meta":[],"product_cat":[318,254,319,408],"product_tag":[],"class_list":{"0":"post-30442","1":"product","2":"type-product","3":"status-publish","4":"has-post-thumbnail","6":"product_cat-gartenbrunnen","7":"product_cat-brunnen-mit-230-v-betrieb","8":"product_cat-zimmerbrunnen","9":"product_cat-zauberhafte-wasserwand","11":"first","12":"instock","13":"sale","14":"taxable","15":"shipping-taxable","16":"purchasable","17":"product-type-simple"},"_links":{"self":[{"href":"http:\/\/igel.wovodo.de:8085\/it\/wp-json\/wp\/v2\/product\/30442","targetHints":{"allow":["GET"]}}],"collection":[{"href":"http:\/\/igel.wovodo.de:8085\/it\/wp-json\/wp\/v2\/product"}],"about":[{"href":"http:\/\/igel.wovodo.de:8085\/it\/wp-json\/wp\/v2\/types\/product"}],"replies":[{"embeddable":true,"href":"http:\/\/igel.wovodo.de:8085\/it\/wp-json\/wp\/v2\/comments?post=30442"}],"version-history":[{"count":8,"href":"http:\/\/igel.wovodo.de:8085\/it\/wp-json\/wp\/v2\/product\/30442\/revisions"}],"predecessor-version":[{"id":38715,"href":"http:\/\/igel.wovodo.de:8085\/it\/wp-json\/wp\/v2\/product\/30442\/revisions\/38715"}],"wp:featuredmedia":[{"embeddable":true,"href":"http:\/\/igel.wovodo.de:8085\/it\/wp-json\/wp\/v2\/media\/38714"}],"wp:attachment":[{"href":"http:\/\/igel.wovodo.de:8085\/it\/wp-json\/wp\/v2\/media?parent=30442"}],"wp:term":[{"taxonomy":"product_cat","embeddable":true,"href":"http:\/\/igel.wovodo.de:8085\/it\/wp-json\/wp\/v2\/product_cat?post=30442"},{"taxonomy":"product_tag","embeddable":true,"href":"http:\/\/igel.wovodo.de:8085\/it\/wp-json\/wp\/v2\/product_tag?post=30442"}],"curies":[{"name":"wp","href":"https:\/\/api.w.org\/{rel}","templated":true}]}}