{"id":30423,"date":"2024-10-31T14:09:22","date_gmt":"2024-10-31T13:09:22","guid":{"rendered":"http:\/\/igel.wovodo.de:8085\/product\/230v-gartenbrunnen-wald-gefluester-mit-led-licht\/"},"modified":"2025-01-27T12:30:23","modified_gmt":"2025-01-27T11:30:23","slug":"230v-gartenbrunnen-wald-gefluester-mit-led-licht","status":"publish","type":"product","link":"http:\/\/igel.wovodo.de:8085\/it\/product\/230v-gartenbrunnen-wald-gefluester-mit-led-licht\/","title":{"rendered":"230V &#8211; Gartenbrunnen WALD-GEFL\u00dcSTER  mit LED-Licht"},"content":{"rendered":"<div class=\"sale_application\">\n<ul>\n<li>LED-Gartenbrunnen f\u00fcr den Innen- und Au\u00dfenbereich mit 230\/12V-Netzadapter<\/li>\n<\/ul><\/div>\n<div class=\"sale_description\">\n<div>\n<p><strong>Decorativo e benefico<\/strong><\/p>\n<p>Der Garten- und Zimmerbrunnen <b>&#8220;WALD-GEFL\u00dcSTER &#8221; mit der LED-Beleuchtung<\/b> ist f\u00fcr den Innen- und Au\u00dfenbereich geeignet. Der Brunnen sorgt  f\u00fcr eine tolle Atmosph\u00e4re und Entspannung, wertet jede Umgebung und belebt Wohnzimmer, Esszimmer, Flure und Eingangsbereiche, Winterg\u00e4rten oder Balkone, Terrassen und G\u00e4rten im privaten wie gewerblichen Umfeld. Flie\u00dfendes Wasser wirkt sich positiv auf die Stimmung aus und liefert ein angenehmes Mikroklima an hei\u00dfen Sommertagen. Die naturgetreue Holz-Optik mit Moosnachbildung machen den Indoor-\/Outdoorbrunnen zum perfekten Blickfang &#8211; dank der LED-Beleuchtung auch bei Nacht.<\/p>\n<p><strong>Werthaltig, best\u00e4ndig &amp; betriebssicher<\/strong><\/p>\n<p>Der rustikale Zierbrunnen <b>&#8220;WALD-GEFL\u00dcSTER &#8220;<\/b> ist f\u00fcr den 230-Volt-Betrieb vorgesehen. Die Pumpe und die LEDs werden mit sicherer 12V-Niederspannung betrieben (Adapter im Lieferumfang enthalten). Alle Kabelverbindungen sind verpolungssicher und wasserdicht. Der Aufbau geht einfach und schnell.<\/p>\n<p>S\u00e4mtliche Komponenten sind absolut funktionssicher, langlebig und dank praktischer Steckverbindungen jederzeit austauschbar. So k\u00f6nnen Sie den Wasserbrunnen <b>&#8220;WALD-GEFL\u00dcSTER &#8220;<\/b> und das flie\u00dfende Wasser jahrelang genie\u00dfen!<\/p>\n<\/div>\n<p><b>Nota:<\/b> Frost kann zu Sch\u00e4den am Gartenbrunnen und der Pumpe f\u00fchren. Bei Frostgefahr muss der <b>Gartenbrunnen und die Pumpe entleert werden<\/b>, mit klarem Wasser gesp\u00fclt und trocken eingelagert werden. Dann haben Sie sehr lange Freude daran!<\/p>\n<\/p><\/div>\n<h3>Molti buoni motivi per acquistare questo prodotto:<\/h3>\n<div class=\"sale_motive\">\n<ul>\n<li>steckfertiger, sofort einsatzbereiter Gartenbrunnen WALD-GEFL\u00dcSTER <\/li>\n<li>naturnahes Design<\/li>\n<li>ha un effetto rinvigorente sui sensi<\/li>\n<li>migliora la qualit\u00e0 dell'aria<\/li>\n<li>Decorativo e utile<\/li>\n<li>Fontane da giardino per interni e per esterni<\/li>\n<li>Con connessione 230V\/12V<\/li>\n<li>Komplett-Set inkl. Pumpe und LED-Beleuchtung<\/li>\n<\/ul>\n<\/div>","protected":false},"excerpt":{"rendered":"<p>Gartenbrunnen WALD-GEFL\u00dcSTER  mit LED-Licht<\/p>","protected":false},"featured_media":37658,"comment_status":"open","ping_status":"closed","template":"","meta":[],"product_cat":[318,358,254,319,404],"product_tag":[],"class_list":{"0":"post-30423","1":"product","2":"type-product","3":"status-publish","4":"has-post-thumbnail","6":"product_cat-gartenbrunnen","7":"product_cat-holzoptik","8":"product_cat-brunnen-mit-230-v-betrieb","9":"product_cat-zimmerbrunnen","10":"product_cat-maerchenhafte-wurzeln","12":"first","13":"instock","14":"taxable","15":"shipping-taxable","16":"purchasable","17":"product-type-simple"},"_links":{"self":[{"href":"http:\/\/igel.wovodo.de:8085\/it\/wp-json\/wp\/v2\/product\/30423","targetHints":{"allow":["GET"]}}],"collection":[{"href":"http:\/\/igel.wovodo.de:8085\/it\/wp-json\/wp\/v2\/product"}],"about":[{"href":"http:\/\/igel.wovodo.de:8085\/it\/wp-json\/wp\/v2\/types\/product"}],"replies":[{"embeddable":true,"href":"http:\/\/igel.wovodo.de:8085\/it\/wp-json\/wp\/v2\/comments?post=30423"}],"version-history":[{"count":2,"href":"http:\/\/igel.wovodo.de:8085\/it\/wp-json\/wp\/v2\/product\/30423\/revisions"}],"predecessor-version":[{"id":38711,"href":"http:\/\/igel.wovodo.de:8085\/it\/wp-json\/wp\/v2\/product\/30423\/revisions\/38711"}],"wp:featuredmedia":[{"embeddable":true,"href":"http:\/\/igel.wovodo.de:8085\/it\/wp-json\/wp\/v2\/media\/37658"}],"wp:attachment":[{"href":"http:\/\/igel.wovodo.de:8085\/it\/wp-json\/wp\/v2\/media?parent=30423"}],"wp:term":[{"taxonomy":"product_cat","embeddable":true,"href":"http:\/\/igel.wovodo.de:8085\/it\/wp-json\/wp\/v2\/product_cat?post=30423"},{"taxonomy":"product_tag","embeddable":true,"href":"http:\/\/igel.wovodo.de:8085\/it\/wp-json\/wp\/v2\/product_tag?post=30423"}],"curies":[{"name":"wp","href":"https:\/\/api.w.org\/{rel}","templated":true}]}}