{"id":30390,"date":"2024-10-31T14:09:00","date_gmt":"2024-10-31T13:09:00","guid":{"rendered":"http:\/\/igel.wovodo.de:8085\/product\/pumpe-inno-tec-600-5-mit-zubehoerauswahl\/"},"modified":"2025-01-27T12:30:12","modified_gmt":"2025-01-27T11:30:12","slug":"pumpe-inno-tec-600-5-mit-zubehoerauswahl","status":"publish","type":"product","link":"http:\/\/igel.wovodo.de:8085\/it\/product\/pumpe-inno-tec-600-5-mit-zubehoerauswahl\/","title":{"rendered":"Pumpe INNO-TEC 600-5 mit Zubeh\u00f6rauswahl"},"content":{"rendered":"<div class=\"sale_application\">\n<ul>\n<li>zum Aus- und Umpumpen von Wasserspeichern etc.<\/li>\n<li>ideal zur Regenwassernutzung in Garten und Haus<\/li>\n<li>zum Bew\u00e4ssern von Rasen und Beeten (auch f\u00fcr mehrere Abnehmer)<\/li>\n<li>Beh\u00e4lter-Umf\u00fcllung<\/li>\n<li>zur Nutzung von Wasser aus Bach, Fluss und Brunnen<\/li>\n<\/ul><\/div>\n<div class=\"sale_description\"> <b>INNO-TEC 600-5 &#8211; Energiesparsam, umweltfreundlich und qualitativ hochwertig verarbeitet.<\/b><\/p>\n<p><b>Die INNO-TEC 600-5<\/b> ist in ihrer Bauart eine sehr zuverl\u00e4ssige und solide PROFI-Kreiselpumpe in Handwerker-Qualit\u00e4t. Beim Dauer-Einsatz zeichnen besonders der niedrige Energieverbrauch und sorgf\u00e4ltige Verarbeitung diese Pumpe aus. Die Pumpen werden f\u00fcr uns von einem marktf\u00fchrenden Qualit\u00e4ts-Unternehmen aus Italien mit \u00fcber 40-j\u00e4hrigen Tradition in der Pumpenfertigung entwickelt und hergestellt. Der streng qualit\u00e4ts\u00fcberwachte  Fertigungsprozess ist mehrfach zertifiziert. Zum Einsatz kommen nur gepr\u00fcfte qualitativ hochwertige Bauteile und Materialien. Die innovative und zukunftsweisende Bauart ist durch diverse Schutzrechte best\u00e4tigt. Durch die Konstruktion mit den hochwertigen Spezial-Wellenabdichtungen hat sie eine deutlich h\u00f6here Lebensdauer als Pumpen mit herk\u00f6mmlichen mechanischen Dichtungen und ist auch f\u00fcr Extrem-Eins\u00e4tze bestens geeignet. Trotz ihrer geringen Leistungsaufnahme schafft sie eine F\u00f6rdermenge von bis zu 5300Liter\/Std.\n<\/p>\n<p>Die Inbetriebnahme erfolgt durch das Auff\u00fcllen der Laufradkammern und des Schlauchs (R\u00fcckschlagventil installieren) mit Wasser. Den Rest macht die Pumpe selbst. Dabei betr\u00e4gt die max. Ansaugh\u00f6he bis zu 9m. Wir empfehlen, den Saugschlauch zur Pumpe hin stetig steigend zu verlegen. Die selbstansaugene Kreiselpumpe kann auch beim Vorhandensein von Luft im Saugschlauch problemlos eingesetzt werden. Die sorgf\u00e4ltige Auswahl besonderer Materialien gew\u00e4hrleistet eine enorm hohe Pumpen-Lebensdauer!<\/p>\n<p><b>Unser Tipp:<\/b><\/p>\n<p>Wir empfehlen, diese Pumpe mit der intelligenten <strong>Pumpensteuerung &#8220;Durchflussw\u00e4chter FLUOMAC\u00ae&#8221;Art.Nr: &nbsp;<a class=\"headerNavigation\" href=\"https:\/\/www.profi-pumpe.de\/TAUCHPUMPEN\/Zubehoer-Tauchpumpen\/Durchflusswaechter-FLUOMAC-R-Automatic-Controller-verkabelt::1325.html\">PS01121<\/a> <\/strong>. als automatisches Hauswasserwerk zu betreiben. Beim \u00d6ffnen des Wasserhahns wird die Pumpe automatisch eingeschaltet. Beim Schlie\u00dfen des Wasserhahns stoppt die Pumpe nach ca. 10 Sekunden selbstst\u00e4ndig. Die elektronische Pumpensteuerung FLUOMAC\u00ae- sch\u00fctzt die Pumpe vor Trockenlaufschutz und erh\u00f6ht die Lebensdauer. Im Vergleich mit \u00fcblichen Druckschaltern, verbrauchen Pumpen in Kombination der FLUOMAC\u00ae-Pumpensteuerung deutlich weniger Strom.<\/p>\n<p> Um den Energieverbrauch bei wechselnder Pumpenbelastung (bei Versorgung von WC-Waschmaschinen, Rasensprinkleranlagen) bis zu 85% zu senken, empfehlen wir den Einsatz der <strong>&#8220;STEADYPRES\u00ae -Pumpensteuerung 1&#8243;Art.Nr:&nbsp;<a class=\"headerNavigation\" href=\"http:\/\/www.profi-pumpe.de\/product_info.php\/info\/p834_INVERTER-Pumpensteuerung-1-IPS-1-.html\" target=\"_blank\" 1?.html?=\"\" inverter-pumpensteuerung=\"\"><\/a><a href=\"\/it\/advanced_search_result.php\/?keywords=PS01117&amp;x=0&amp;y=0\" target=\"_blank\">PS01117<\/a> <\/strong>. Die STEADYPRES\u00ae 8,5Amp M\/M mit integriertem Trockenlaufschutz und einstellbarem Auto-Start sorgt f\u00fcr nahezu konstanten Druck im Wasserkreislauf, vermeidet gef\u00e4hrliche Druckschl\u00e4ge, Takten und \u00dcberhitzung der Pumpe. Dar\u00fcber hinaus wird die Pumpenlebensdauer wesentlich erh\u00f6ht und die Ger\u00e4uschentwicklung deutlich reduziert.<\/p>\n<p>Ein Drucktank verl\u00e4ngert ma\u00dfgeblich die Lebensdauer von Tauch-, Kreisel-, Brunnenpumpen oder Hauswasserwerken. Typischerweise hat das im Haus ankommendes Trink- und Brauchwasser (z.B. aus Zisternen) eine Temperatur von ca 5-10\u00b0C. Im Hauskeller kann sich das Wasser auf bis zu 30\u00b0C erw\u00e4rmen. Dadurch kann der Leitungsdruck bis auf ca. 10-15bar steigen. Viele Bauteile, wie etwa Wasser-Vorfilter oder die Wasserleitungen selbst, k\u00f6nnen diesem Druck nicht standhalten und bersten infolgedessen. Der Drucktank nimmt die Wasserausdehnung auf, sodass Druckanstieg in den Leitungen und Sch\u00e4den zuverl\u00e4ssig vermieden werden. Beim Ein- und Ausschalten von Pumpen kommt es zu Druckschl\u00e4gen in den Wasserleitungen.<br \/>\nDer Drucktank puffert die Druckschwankungen ab. Druckschl\u00e4ge werden vermieden. Der Drucktank sch\u00fctzt die Pumpe sowie Bauteile und Wasserleitungen.Das Ausdehnungsgef\u00e4\u00df tr\u00e4gt au\u00dferdem zur K\u00fchlung der Pumpe bei und hilft, die Pumpe zu schonen.<\/p>\n<\/div>\n<h3>Molti buoni motivi per acquistare questo prodotto:<\/h3>\n<div class=\"sale_motive\">\n<ul>\n<li>selbstansaugende, zuverl\u00e4ssige, 4-stufige Kreiselpumpe\n<\/li>\n<li>Innovative Energiespar-Technik \/ fast 60% Energieeinsparung\n<\/li>\n<li>Sehr gute Qualit\u00e4t made in ITALY\n<\/li>\n<li>PROFI-Pumpe f\u00fcr Dauer-Betrieb\n<\/li>\n<li>enorm leise trotz hoher F\u00f6rdereistung\n<\/li>\n<li>hohe Lebensdauer durch hochwertige Materialien\n<\/li>\n<li>Ansaugh\u00f6he bis 7m\n<\/li>\n<li>hochwertiges rostfreies Edelstahlgeh\u00e4use<\/li>\n<\/ul>\n<\/div>","protected":false},"excerpt":{"rendered":"<p>zum Aus- und Umpumpen von Wasserspeichern etc. ideal zur Regenwassernutzung in Garten und Haus zum Bew\u00e4ssern von Rasen und Beeten<\/p>","protected":false},"featured_media":36287,"comment_status":"open","ping_status":"closed","template":"","meta":[],"product_cat":[245,239,247,264,243,240,244],"product_tag":[],"class_list":{"0":"post-30390","1":"product","2":"type-product","3":"status-publish","4":"has-post-thumbnail","6":"product_cat-kreiselpumpen-kreiselpumpen","7":"product_cat-mehrstufige-kreiselpumpe","8":"product_cat-kreiselpumpen-zisternenpumpen","9":"product_cat-regenwasser-pumpen-regenwassernutzung-regentonne24","10":"product_cat-regenwasser-pumpen","11":"product_cat-eu-produktion-kreiselpumpen","12":"product_cat-startseite-pumpe","14":"first","15":"instock","16":"taxable","17":"shipping-taxable","18":"purchasable","19":"product-type-simple"},"_links":{"self":[{"href":"http:\/\/igel.wovodo.de:8085\/it\/wp-json\/wp\/v2\/product\/30390","targetHints":{"allow":["GET"]}}],"collection":[{"href":"http:\/\/igel.wovodo.de:8085\/it\/wp-json\/wp\/v2\/product"}],"about":[{"href":"http:\/\/igel.wovodo.de:8085\/it\/wp-json\/wp\/v2\/types\/product"}],"replies":[{"embeddable":true,"href":"http:\/\/igel.wovodo.de:8085\/it\/wp-json\/wp\/v2\/comments?post=30390"}],"version-history":[{"count":1,"href":"http:\/\/igel.wovodo.de:8085\/it\/wp-json\/wp\/v2\/product\/30390\/revisions"}],"predecessor-version":[{"id":35005,"href":"http:\/\/igel.wovodo.de:8085\/it\/wp-json\/wp\/v2\/product\/30390\/revisions\/35005"}],"wp:featuredmedia":[{"embeddable":true,"href":"http:\/\/igel.wovodo.de:8085\/it\/wp-json\/wp\/v2\/media\/36287"}],"wp:attachment":[{"href":"http:\/\/igel.wovodo.de:8085\/it\/wp-json\/wp\/v2\/media?parent=30390"}],"wp:term":[{"taxonomy":"product_cat","embeddable":true,"href":"http:\/\/igel.wovodo.de:8085\/it\/wp-json\/wp\/v2\/product_cat?post=30390"},{"taxonomy":"product_tag","embeddable":true,"href":"http:\/\/igel.wovodo.de:8085\/it\/wp-json\/wp\/v2\/product_tag?post=30390"}],"curies":[{"name":"wp","href":"https:\/\/api.w.org\/{rel}","templated":true}]}}