{"id":30326,"date":"2024-10-31T14:08:26","date_gmt":"2024-10-31T13:08:26","guid":{"rendered":"http:\/\/igel.wovodo.de:8085\/product\/solar-brunnen-knabe-mit-hund-am-brunnen\/"},"modified":"2025-01-27T12:29:49","modified_gmt":"2025-01-27T11:29:49","slug":"solar-brunnen-knabe-mit-hund-am-brunnen","status":"publish","type":"product","link":"http:\/\/igel.wovodo.de:8085\/it\/product\/solar-brunnen-knabe-mit-hund-am-brunnen\/","title":{"rendered":"Solar &#8211; Brunnen KNABE mit HUND am BRUNNEN"},"content":{"rendered":"<div class=\"sale_description\">\n<p>Das <span class=\"high\">Solar Teichpumpen-Set <strong>KNABE mit HUND am BRUNNEN<\/strong><\/span> setzt die Kraft der Sonne in flie\u00dfendes Wasser um. Hochwertige Komponenten bringen das Wasser in Bewegung, sobald das Sonnenlicht die Solarfl\u00e4che erreicht. Je st\u00e4rker die Sonne, umso intensiver wird das Wasserspiel! Das beruhigende Rauschen des Wassers gibt jedem Teich eine besondere Note und das im Sonnenlicht funkelnde Wasser ist stets der perfekte Blickfang. Flie\u00dfendes Wasser sorgt f\u00fcr noch mehr Wohlgef\u00fchl in Ihrem Garten und sorgt f\u00fcr ein angenehmes Mikroklima an hei\u00dfen Sommertagen.<\/p>\n<p>Die&nbsp;Knabe besticht durch Ihre Authenzit\u00e4t und Oberfl\u00e4che die den Eindruck einer Bronzefigur entstehen l\u00e4sst. Die Solar betriebene Pumpe f\u00f6rdert das Wasser in den Krug aus dem es dann wieder in das Gew\u00e4sser zur\u00fcck f\u00e4llt. Dieses Wasserspiel sieht nicht nur gut aus, es sorgt auch f\u00fcr eine gute Sauerstoffversorgung in Ihrem Teich. <\/p>\n<p class=\"high\">Solar Teichpumpen-Set &#8220;KNABE mit HUND am BRUNNEN&#8221; &#8211; Das Lebensgef\u00fchl f\u00fcr Ihre Sonnen-Oase! <\/p>\n<div class=\"embed-responsive embed-responsive-16by9\">\n  <iframe src=\"https:\/\/www.youtube-nocookie.com\/embed\/pbdx_Kdj1fw?rel=0\" title=\"Lettore video di YouTube\" allow=\"accelerometer; autoplay; clipboard-write; encrypted-media; gyroscope; picture-in-picture\" allowfullscreen=\"\" width=\"560\" height=\"315\" frameborder=\"0\"><\/iframe><\/div>\n<p>Das innovative Solar-Pumpensystem garantiert Ihnen jahrelange Freude. Es hat eine Lebensdauer \u00fcber 60.000 Stunden, in denen Sie die sch\u00f6nen Wasserl\u00e4ufe bewundern k\u00f6nnen, ohne an die stetig wachsenden Strompreise denken zu m\u00fcssen.<br \/>Das solarbetriebene System k\u00f6nnen Sie an jeder Stelle im Garten einsetzen und sind nicht an die 230V-Steckdose gebunden. Das l\u00e4stige Verlegen der 230V-Kabel entf\u00e4llt. Sie k\u00f6nnen das Solarsystem optimal platzieren sowie effektvoll und sicher nutzen. Kein \u00c4rger mehr mit den durch Nagetiere besch\u00e4digten Kabeln und dadurch verursachten Stromausf\u00e4llen.<\/p>\n<p style=\"font-size:11px;\"><b>Avviso legale:<\/b> I nostri prodotti sono colorati singolarmente a mano, pertanto non \u00e8 possibile evitare deviazioni di colore. Inoltre, a causa delle condizioni di illuminazione durante la fotografia del prodotto e delle diverse impostazioni dello schermo, il colore del prodotto potrebbe non essere riprodotto in modo autentico e non \u00e8 quindi motivo di reclamo.<\/p>\n<p><p><b>Nota:<\/b> Frost kann zu Sch\u00e4den am Gartenbrunnen und der Pumpe f\u00fchren. Bei Frostgefahr muss der <b>Gartenbrunnen und die Pumpe entleert werden<\/b>, mit klarem Wasser gesp\u00fclt und trocken eingelagert werden. Dann haben Sie sehr lange Freude daran!<\/p>\n<\/div>\n<h3>Molti buoni motivi per acquistare questo prodotto:<\/h3>\n<div class=\"sale_motive\">\n<ul>\n<li>2 Jahre Garantie, Lebensdauer \u00fcber 60.000 Betriebsstunden* (Hinweis weiter unten)\n<\/li>\n<li>Das beruhigende Rauschen des Wassers im <span class=\"high\">Gartenteich<\/span>\n<\/li>\n<li class=\"high\">authentische Bronzenachbildung aus schlagfestem Kunststoff\n<\/li>\n<li class=\"high\">H\u00f6he ca. 50cm\n<\/li>\n<li>max. F\u00f6rdermenge 180l\/h\n<\/li>\n<li>steckfertiges Solarpumpensystem &#8211; sofort einsatzbereit\n<\/li>\n<li>hochwertiges Solarpanel im&nbsp;<span style=\"color: black\"><strong>stabilen bruchfesten ALU-RAHMEN<\/strong><\/span> mit einer Leistung von 1,3 Watt\n<\/li>\n<li>integrierter Filter sch\u00fctzt die Pumpe (l\u00e4sst sich leicht reinigen)\n<\/li>\n<li>einstellbarer Winkel des Solarmoduls und 5 Meter Anschlusskabel machen eine optimale Platzierung des Panels im sonnigen Bereich m\u00f6glich<\/li>\n<\/ul>\n<p>*Garantie gilt nur f\u00fcr Teichpumpe, nicht Solarpanel oder Kabel.<\/p>\n<\/div>","protected":false},"excerpt":{"rendered":"<p>Solarbetriebener Springbrunnen in Bronze-Nachbildung<br \/>\n  1,3W Solarpanel, max. 180l\/h <\/p>\n<p>NEUHEIT! NUR BEI UNS im SHOP!<\/p>","protected":false},"featured_media":39477,"comment_status":"open","ping_status":"closed","template":"","meta":[],"product_cat":[318,278],"product_tag":[],"class_list":{"0":"post-30326","1":"product","2":"type-product","3":"status-publish","4":"has-post-thumbnail","6":"product_cat-gartenbrunnen","7":"product_cat-brunnen-mit-solar-betrieb","9":"first","10":"instock","11":"taxable","12":"shipping-taxable","13":"purchasable","14":"product-type-simple"},"_links":{"self":[{"href":"http:\/\/igel.wovodo.de:8085\/it\/wp-json\/wp\/v2\/product\/30326","targetHints":{"allow":["GET"]}}],"collection":[{"href":"http:\/\/igel.wovodo.de:8085\/it\/wp-json\/wp\/v2\/product"}],"about":[{"href":"http:\/\/igel.wovodo.de:8085\/it\/wp-json\/wp\/v2\/types\/product"}],"replies":[{"embeddable":true,"href":"http:\/\/igel.wovodo.de:8085\/it\/wp-json\/wp\/v2\/comments?post=30326"}],"version-history":[{"count":4,"href":"http:\/\/igel.wovodo.de:8085\/it\/wp-json\/wp\/v2\/product\/30326\/revisions"}],"predecessor-version":[{"id":38688,"href":"http:\/\/igel.wovodo.de:8085\/it\/wp-json\/wp\/v2\/product\/30326\/revisions\/38688"}],"wp:featuredmedia":[{"embeddable":true,"href":"http:\/\/igel.wovodo.de:8085\/it\/wp-json\/wp\/v2\/media\/39477"}],"wp:attachment":[{"href":"http:\/\/igel.wovodo.de:8085\/it\/wp-json\/wp\/v2\/media?parent=30326"}],"wp:term":[{"taxonomy":"product_cat","embeddable":true,"href":"http:\/\/igel.wovodo.de:8085\/it\/wp-json\/wp\/v2\/product_cat?post=30326"},{"taxonomy":"product_tag","embeddable":true,"href":"http:\/\/igel.wovodo.de:8085\/it\/wp-json\/wp\/v2\/product_tag?post=30326"}],"curies":[{"name":"wp","href":"https:\/\/api.w.org\/{rel}","templated":true}]}}