{"id":30295,"date":"2024-10-31T14:08:07","date_gmt":"2024-10-31T13:08:07","guid":{"rendered":"http:\/\/igel.wovodo.de:8085\/product\/kreiselpumpe-inno-tec-1300-mit-zubehoerauswahl\/"},"modified":"2025-01-27T12:29:40","modified_gmt":"2025-01-27T11:29:40","slug":"kreiselpumpe-inno-tec-1300-mit-zubehoerauswahl","status":"publish","type":"product","link":"http:\/\/igel.wovodo.de:8085\/it\/product\/kreiselpumpe-inno-tec-1300-mit-zubehoerauswahl\/","title":{"rendered":"Pompa centrifuga INNO-TEC 1300 con scelta di accessori"},"content":{"rendered":"<div class=\"sale_application\">\n<ul>\n<li>zum Aus- und Umpumpen von Wasserspeichern etc.<\/li>\n<li>zur Regenwassernutzung<\/li>\n<li>zum Bew\u00e4ssern von Rasen und Beeten<\/li>\n<li>zur Nutzung von externen Wasserquellen wie Bach, Fluss und Brunnen<\/li>\n<li>zur Beh\u00e4lter-Umf\u00fcllung<\/li>\n<\/ul>\n<\/div>\n<div class=\"sale_description\">\n<p><b>Die Jetpumpe INNO-TEC 1300 ist eine leistungsstarke, mehrstufige Kreiselpumpe mit 1300 Watt.<\/b><\/p>\n<p>Il <b>INNO-TEC 1300<\/b> ist in ihrer Bauart eine sehr zuverl\u00e4ssige und solide Kreiselpumpe. Sie ist <b>vielseitig einsetzbar<\/b> und ideal f\u00fcr die Nutzung von z.B Regenwasser im Haus bzw. im Garten. Sie versorgt ihre Verbraucher mit ausreichend Druck. Sie ist auch ideal im Garten zur Bew\u00e4sserung von Rasen oder Beeten oder zum Anschluss eines Rasensprinklers einsetzbar.<\/p>\n<p>Sie ist sowohl <b>station\u00e4r<\/b> als auch <b>mobil<\/b> einsetzbar.<\/p>\n<p>Die Inbetriebnahme erfolgt durch das Auff\u00fcllen der Laufradkammern und des Schlauchs. Den Rest macht die Pumpe selbst. Dabei betr\u00e4gt die Ansaugh\u00f6he 8m.<\/p>\n<p>Durch die Konstruktion mit den <b>mechanischen Dichtungen<\/b> bietet die f\u00fcnfstufige Kreiselpumpe eine erh\u00f6hte Lebensdauer gegen\u00fcber herk\u00f6mmlichen Pumpen.<\/p>\n<\/div>\n<h3>Molti buoni motivi per acquistare questo prodotto:<\/h3>\n<div class=\"sale_motive\">\n<ul>\n<li>Solide, leistungsstark &amp;&nbsp;zuverl\u00e4ssig <\/li>\n<li><strong>f\u00fcnfstufige Kreiselpumpe<\/strong> mit 5,6 bar F\u00f6rderdruck und 5400 l\/h F\u00f6rdermenge<\/li>\n<li><strong>enorm leise<\/strong> trotz hoher Leistung <\/li>\n<li>Ansaugh\u00f6he bis&nbsp;8 m<\/li>\n<li>transportabel und schnell einsatzbereit (mit Tragegriff)<\/li>\n<li>Bef\u00fcll- und Ablass-Anschluss werkzeuglos zu \u00f6ffnen <\/li>\n<li><strong>Lunga durata di vita<\/strong> durch mechanische Dichtungen <\/li>\n<li>hochwertiges Edelstahlgeh\u00e4use mit extra breiten Montagefu\u00df und 2 Montagepunkten <\/li>\n<\/ul>\n<\/div>","protected":false},"excerpt":{"rendered":"<p>Horizontale, <strong>f\u00fcnfstufige<\/strong>, leistungsstarke Kreiselpumpe<br \/>mit 1300Watt&nbsp;| 5,6 bar&nbsp;| 5.400l\/h <\/p>\n<p><strong>Laufruhiger Betrieb!<\/strong><\/p>","protected":false},"featured_media":31134,"comment_status":"open","ping_status":"closed","template":"","meta":[],"product_cat":[245,239,247,264,243,202],"product_tag":[],"class_list":{"0":"post-30295","1":"product","2":"type-product","3":"status-publish","4":"has-post-thumbnail","6":"product_cat-kreiselpumpen-kreiselpumpen","7":"product_cat-mehrstufige-kreiselpumpe","8":"product_cat-kreiselpumpen-zisternenpumpen","9":"product_cat-regenwasser-pumpen-regenwassernutzung-regentonne24","10":"product_cat-regenwasser-pumpen","11":"product_cat-kreiselpumpen","13":"first","14":"instock","15":"taxable","16":"shipping-taxable","17":"purchasable","18":"product-type-simple"},"_links":{"self":[{"href":"http:\/\/igel.wovodo.de:8085\/it\/wp-json\/wp\/v2\/product\/30295","targetHints":{"allow":["GET"]}}],"collection":[{"href":"http:\/\/igel.wovodo.de:8085\/it\/wp-json\/wp\/v2\/product"}],"about":[{"href":"http:\/\/igel.wovodo.de:8085\/it\/wp-json\/wp\/v2\/types\/product"}],"replies":[{"embeddable":true,"href":"http:\/\/igel.wovodo.de:8085\/it\/wp-json\/wp\/v2\/comments?post=30295"}],"version-history":[{"count":1,"href":"http:\/\/igel.wovodo.de:8085\/it\/wp-json\/wp\/v2\/product\/30295\/revisions"}],"predecessor-version":[{"id":34911,"href":"http:\/\/igel.wovodo.de:8085\/it\/wp-json\/wp\/v2\/product\/30295\/revisions\/34911"}],"wp:featuredmedia":[{"embeddable":true,"href":"http:\/\/igel.wovodo.de:8085\/it\/wp-json\/wp\/v2\/media\/31134"}],"wp:attachment":[{"href":"http:\/\/igel.wovodo.de:8085\/it\/wp-json\/wp\/v2\/media?parent=30295"}],"wp:term":[{"taxonomy":"product_cat","embeddable":true,"href":"http:\/\/igel.wovodo.de:8085\/it\/wp-json\/wp\/v2\/product_cat?post=30295"},{"taxonomy":"product_tag","embeddable":true,"href":"http:\/\/igel.wovodo.de:8085\/it\/wp-json\/wp\/v2\/product_tag?post=30295"}],"curies":[{"name":"wp","href":"https:\/\/api.w.org\/{rel}","templated":true}]}}