{"id":30238,"date":"2024-10-31T14:07:31","date_gmt":"2024-10-31T13:07:31","guid":{"rendered":"http:\/\/igel.wovodo.de:8085\/product\/230v-gartenbrunnen-rhein-gold-mit-led-licht\/"},"modified":"2025-01-27T12:29:16","modified_gmt":"2025-01-27T11:29:16","slug":"230v-gartenbrunnen-rhein-gold-mit-led-licht","status":"publish","type":"product","link":"http:\/\/igel.wovodo.de:8085\/it\/product\/230v-gartenbrunnen-rhein-gold-mit-led-licht\/","title":{"rendered":"230V - Fontana da giardino RHEIN-GOLD con luce LED"},"content":{"rendered":"<div class=\"sale_application\">\n<ul>\n<li>LED-Gartenbrunnen f\u00fcr den Innen- und Au\u00dfenbereich mit 230\/12V-Netzadapter<\/li>\n<\/ul><\/div>\n<div class=\"sale_description\">\n<div>\n<p><strong>Decorativo e benefico<\/strong><\/p>\n<p>Der Garten- und Zimmerbrunnen <b>&#8220;RHEIN-GOLD &#8221; mit der LED-Beleuchtung<\/b> ist f\u00fcr den Innen- und Au\u00dfenbereich geeignet.<\/p>\n<p>Der Deko-Brunnen sorgt  f\u00fcr eine tolle Atmosph\u00e4re und Entspannung, wertet jede Umgebung und belebt Wohnzimmer, Esszimmer, Flure und Eingangsbereiche, Winterg\u00e4rten oder Balkone, Terrassen und G\u00e4rten im privaten wie gewerblichen Umfeld. Flie\u00dfendes Wasser wirkt sich positiv auf die Stimmung aus und liefert ein angenehmes Mikroklima an hei\u00dfen Sommertagen. Die naturgetreue Optik und die wei\u00dfe LED-Beleuchtung machen den Brunnen Tag und Nacht zum perfekten Blickfang.<\/p>\n<p><strong>Werthaltig, best\u00e4ndig &amp; betriebssicher<\/strong><\/p>\n<p>Der rustikale Zierbrunnen <b>&#8220;RHEIN-GOLD &#8220;<\/b> ist f\u00fcr den 230-Volt-Betrieb vorgesehen. Die Pumpe und die LEDs werden mit sicherer 12V-Niederspannung betrieben (Adapter im Lieferumfang enthalten). Alle Kabelverbindungen sind verpolungssicher und wasserdicht. Der Aufbau geht einfach und schnell.<\/p>\n<p>S\u00e4mtliche Komponenten sind absolut funktionssicher, langlebig und dank praktischer Steckverbindungen jederzeit austauschbar. So k\u00f6nnen Sie den Wasserbrunnen <b>&#8220;RHEIN-GOLD &#8220;<\/b> und das flie\u00dfende Wasser jahrelang genie\u00dfen!<\/p>\n<\/div>\n<p><b>Nota:<\/b> Frost kann zu Sch\u00e4den am Gartenbrunnen und der Pumpe f\u00fchren. Bei Frostgefahr muss der <b>Gartenbrunnen und die Pumpe entleert werden<\/b>, mit klarem Wasser gesp\u00fclt und trocken eingelagert werden. Dann haben Sie sehr lange Freude daran!<\/p>\n<\/p><\/div>\n<h3>Molti buoni motivi per acquistare questo prodotto:<\/h3>\n<div class=\"sale_motive\">\n<ul>\n<li>Steckfertiger, sofort einsatzbereiter Indoor- und Outdoor-Gartenbrunnen<\/li>\n<li>wirkt belebend auf die Sinne &amp; verbessert die Luftqualit\u00e4t<\/li>\n<li>zeitloses Design<\/li>\n<li>Decorativo e utile<\/li>\n<li>optimal auch f\u00fcr kleine Fl\u00e4chen<\/li>\n<li>Tag- und Nachtbetrieb<\/li>\n<li>Con connessione 230V\/12V<\/li>\n<li>Inkl. 2 Watt Pumpe<\/li>\n<li>Inkl. LED-Ring in warmem Wei\u00df<\/li>\n<\/ul>\n<\/div>","protected":false},"excerpt":{"rendered":"<p>Gartenbrunnen RHEIN-GOLD  mit LED-Ring (1&#215;6 warm wei\u00df) und 230\/12V-Netzadapter. F\u00fcr den Innen- und Au\u00dfenbereich.<\/p>","protected":false},"featured_media":39454,"comment_status":"open","ping_status":"closed","template":"","meta":[],"product_cat":[318,254,320,319,408],"product_tag":[],"class_list":{"0":"post-30238","1":"product","2":"type-product","3":"status-publish","4":"has-post-thumbnail","6":"product_cat-gartenbrunnen","7":"product_cat-brunnen-mit-230-v-betrieb","8":"product_cat-moderne-zeitlose-deko","9":"product_cat-zimmerbrunnen","10":"product_cat-zauberhafte-wasserwand","12":"first","13":"instock","14":"sale","15":"taxable","16":"shipping-taxable","17":"purchasable","18":"product-type-simple"},"_links":{"self":[{"href":"http:\/\/igel.wovodo.de:8085\/it\/wp-json\/wp\/v2\/product\/30238","targetHints":{"allow":["GET"]}}],"collection":[{"href":"http:\/\/igel.wovodo.de:8085\/it\/wp-json\/wp\/v2\/product"}],"about":[{"href":"http:\/\/igel.wovodo.de:8085\/it\/wp-json\/wp\/v2\/types\/product"}],"replies":[{"embeddable":true,"href":"http:\/\/igel.wovodo.de:8085\/it\/wp-json\/wp\/v2\/comments?post=30238"}],"version-history":[{"count":2,"href":"http:\/\/igel.wovodo.de:8085\/it\/wp-json\/wp\/v2\/product\/30238\/revisions"}],"predecessor-version":[{"id":38677,"href":"http:\/\/igel.wovodo.de:8085\/it\/wp-json\/wp\/v2\/product\/30238\/revisions\/38677"}],"wp:featuredmedia":[{"embeddable":true,"href":"http:\/\/igel.wovodo.de:8085\/it\/wp-json\/wp\/v2\/media\/39454"}],"wp:attachment":[{"href":"http:\/\/igel.wovodo.de:8085\/it\/wp-json\/wp\/v2\/media?parent=30238"}],"wp:term":[{"taxonomy":"product_cat","embeddable":true,"href":"http:\/\/igel.wovodo.de:8085\/it\/wp-json\/wp\/v2\/product_cat?post=30238"},{"taxonomy":"product_tag","embeddable":true,"href":"http:\/\/igel.wovodo.de:8085\/it\/wp-json\/wp\/v2\/product_tag?post=30238"}],"curies":[{"name":"wp","href":"https:\/\/api.w.org\/{rel}","templated":true}]}}