{"id":30178,"date":"2024-10-31T14:06:54","date_gmt":"2024-10-31T13:06:54","guid":{"rendered":"http:\/\/igel.wovodo.de:8085\/product\/b-ware-4-tiefbrunnenpumpe-screw-star-1100-400v\/"},"modified":"2025-01-27T12:29:03","modified_gmt":"2025-01-27T11:29:03","slug":"b-ware-4-tiefbrunnenpumpe-screw-star-1100-400v","status":"publish","type":"product","link":"http:\/\/igel.wovodo.de:8085\/it\/product\/b-ware-4-tiefbrunnenpumpe-screw-star-1100-400v\/","title":{"rendered":"B-Ware 4&#8243; Tiefbrunnenpumpe SCREW-Star 1100-400V"},"content":{"rendered":"<div class=\"sale_application\">\n<ul>\n<li>4-Zoll Brunnenpumpe mit 1100 Watt f\u00fcr das 400V-Stromnetz<\/li>\n<li>f\u00fcr private und industrielle Anwendungen<\/li>\n<li>zur Hauswasserversorgung<\/li>\n<li>zur Bew\u00e4sserung<\/li>\n<li>zur Beregnung<\/li>\n<li>f\u00fcr Anwendungen im Umweltschutz<\/li>\n<li>f\u00fcr Anwendungen in der Landwirtschaft<\/li>\n<li>bei Grundwasserabsenkung<\/li>\n<li>per il riempimento dei contenitori<\/li>\n<\/ul><\/div>\n<div class=\"sale_description\"> <font color=\"FF0000\"><b>B-Ware:<\/b><\/p>\n<ul>\n<li>leichte optische Fehler (z.B. kleine Kratzer etc.)<\/li>\n<li>voll funktionsf\u00e4higes Produkt<\/li>\n<li>reduzierte gesetzliche Gew\u00e4hrleistung auf max. 1 Jahr<\/li>\n<\/ul>\n<p><\/font><\/p>\n<p>Diese Tiefbrunnenpumpe 4&#8243; SCREW-Star 1100-400V mit \u00f6l-gelagertem Motor und robustem, rostfreien Edelstahl-Geh\u00e4use ist ideal f\u00fcr tiefe Brunnenbohrungen. Auch zur Gartenbew\u00e4sserung\/ Gartenberegnung oder zur Wasserbef\u00f6rderung beim Bef\u00fcllen\/ Umf\u00fcllen von Beh\u00e4ltern eignet sich die sandvertr\u00e4gliche Brunnenpumpe. Die Brunnenpumpe f\u00f6rdert Wasser mit hohem Druck weiter an die Abnahmestelle.<br \/>Durch die besondere Bauweise f\u00f6rdert diese Tiefbrunnenpumpe wesentlich mehr Wasser als andere Pumpen mit vergleichbarem Energie-Verbrauch.<\/p>\n<p><b>Die sandvertr\u00e4gliche B-Ware 4&#8243; Tiefbrunnenpumpe SCREW-Star 1100-400V  ist zur Nutzung mit Dreiphasenwechselstrom bestimmt und kann am 400V-Stromnetz betrieben werden.<\/b><\/p>\n<p>Die maximale <strong>F\u00f6rdermenge<\/strong> dieser sandvertr\u00e4glichen Tiefbrunnenpumpe betr\u00e4gt <strong>2.700L\/h<\/strong>, die maximale <strong>F\u00f6rderh\u00f6he 160m<\/strong> und der maximale <strong>F\u00f6rderdruck <\/strong>liegt bei <strong>16bar<\/strong>. Bitte beachten Sie, dass die F\u00f6rdermenge bei steigender F\u00f6rderh\u00f6he entsprechend abnimmt.<\/p>\n<\/div>\n<h3>Molti buoni motivi per acquistare questo prodotto:<\/h3>\n<div class=\"sale_motive\">\n<ul>\n<li>Tiefbrunnenpumpe f\u00fcr 400V Drehstrom<\/li>\n<li>Material: Edelstahl, Messing, Gu\u00dfeisen<\/li>\n<li>Gekapselter Elektromotor mit \u00d6ldauerschmierung (\u00f6l-gelagerter Motor)<\/li>\n<li>Sandvertr\u00e4gliche Brunnenpumpe<\/li>\n<li>Keine Ansaugung von Bodensediment durch seitliche Ansaugung<\/li>\n<li>Durch wartungs- und leckfreie mechanische Dichtung hat die Pumpe viel h\u00f6here Lebensdauer als herk\u00f6mmliche Pumpen<\/li>\n<li>Solide und zuverl\u00e4ssig<\/li>\n<li>Leistungsstark mit hohem F\u00f6rderdruck von 16bar max.<\/li>\n<\/ul>\n<\/div>","protected":false},"excerpt":{"rendered":"<p>380-400V\/50HZ-Brunnenpumpe | 1100W<br \/>\n  Hmax. 160m | Qmax. 2.700L\/h | Pmax. 16bar<\/p>\n<p><b>Robusto alloggiamento in acciaio inox<\/b><\/p>","protected":false},"featured_media":32031,"comment_status":"open","ping_status":"closed","template":"","meta":[],"product_cat":[214],"product_tag":[],"class_list":{"0":"post-30178","1":"product","2":"type-product","3":"status-publish","4":"has-post-thumbnail","6":"product_cat-b-ware-brunnenpumpen","8":"first","9":"instock","10":"sale","11":"taxable","12":"shipping-taxable","13":"purchasable","14":"product-type-simple"},"_links":{"self":[{"href":"http:\/\/igel.wovodo.de:8085\/it\/wp-json\/wp\/v2\/product\/30178","targetHints":{"allow":["GET"]}}],"collection":[{"href":"http:\/\/igel.wovodo.de:8085\/it\/wp-json\/wp\/v2\/product"}],"about":[{"href":"http:\/\/igel.wovodo.de:8085\/it\/wp-json\/wp\/v2\/types\/product"}],"replies":[{"embeddable":true,"href":"http:\/\/igel.wovodo.de:8085\/it\/wp-json\/wp\/v2\/comments?post=30178"}],"version-history":[{"count":1,"href":"http:\/\/igel.wovodo.de:8085\/it\/wp-json\/wp\/v2\/product\/30178\/revisions"}],"predecessor-version":[{"id":34796,"href":"http:\/\/igel.wovodo.de:8085\/it\/wp-json\/wp\/v2\/product\/30178\/revisions\/34796"}],"wp:featuredmedia":[{"embeddable":true,"href":"http:\/\/igel.wovodo.de:8085\/it\/wp-json\/wp\/v2\/media\/32031"}],"wp:attachment":[{"href":"http:\/\/igel.wovodo.de:8085\/it\/wp-json\/wp\/v2\/media?parent=30178"}],"wp:term":[{"taxonomy":"product_cat","embeddable":true,"href":"http:\/\/igel.wovodo.de:8085\/it\/wp-json\/wp\/v2\/product_cat?post=30178"},{"taxonomy":"product_tag","embeddable":true,"href":"http:\/\/igel.wovodo.de:8085\/it\/wp-json\/wp\/v2\/product_tag?post=30178"}],"curies":[{"name":"wp","href":"https:\/\/api.w.org\/{rel}","templated":true}]}}