{"id":30098,"date":"2024-10-31T14:06:11","date_gmt":"2024-10-31T13:06:11","guid":{"rendered":"http:\/\/igel.wovodo.de:8085\/product\/kochtopf-12l-ohne-deckel-fuer-10in1-multikocher\/"},"modified":"2025-01-27T12:28:40","modified_gmt":"2025-01-27T11:28:40","slug":"kochtopf-12l-ohne-deckel-fuer-10in1-multikocher","status":"publish","type":"product","link":"http:\/\/igel.wovodo.de:8085\/it\/product\/kochtopf-12l-ohne-deckel-fuer-10in1-multikocher\/","title":{"rendered":"Kochtopf 12L ohne Deckel f\u00fcr 10in1-Multikocher"},"content":{"rendered":"<div class=\"sale_application\">\n<ul>\n<li>Transparenter Kochtopf, passend f\u00fcr Gestell &amp; Deckel des 10in1-Multikochers<\/li>\n<\/ul><\/div>\n<div class=\"sale_description\">\n<p>Diese Glasschale ist passgenau f\u00fcr den 10in1-Multikocher ECO AIR-PROFI 1350W H-DC. Das Fassungsverm\u00f6gen betr\u00e4gt 12 Liter. Der Durchmesser der Glasschale betr\u00e4gt ca. 33,5cm.<\/p>\n<\/div>\n<h3>Molti buoni motivi per acquistare questo prodotto:<\/h3>\n<div class=\"sale_motive\">\n<ul>\n<li>Exklusives Ersatzteil<\/li>\n<li>Fassungsverm\u00f6gen 12 Liter<\/li>\n<li>Hitzebest\u00e4ndiges Glas<\/li>\n<\/ul>\n<\/div>","protected":false},"excerpt":{"rendered":"<p>Glasschale f\u00fcr ECO AIR-PROFI 1350W H-DC<br \/>\n  Volumen: 12 Liter<\/p>","protected":false},"featured_media":31749,"comment_status":"open","ping_status":"closed","template":"","meta":[],"product_cat":[289],"product_tag":[],"class_list":{"0":"post-30098","1":"product","2":"type-product","3":"status-publish","4":"has-post-thumbnail","6":"product_cat-zubehoer-haushaltsgeraete","8":"first","9":"instock","10":"taxable","11":"shipping-taxable","12":"purchasable","13":"product-type-simple"},"_links":{"self":[{"href":"http:\/\/igel.wovodo.de:8085\/it\/wp-json\/wp\/v2\/product\/30098","targetHints":{"allow":["GET"]}}],"collection":[{"href":"http:\/\/igel.wovodo.de:8085\/it\/wp-json\/wp\/v2\/product"}],"about":[{"href":"http:\/\/igel.wovodo.de:8085\/it\/wp-json\/wp\/v2\/types\/product"}],"replies":[{"embeddable":true,"href":"http:\/\/igel.wovodo.de:8085\/it\/wp-json\/wp\/v2\/comments?post=30098"}],"version-history":[{"count":1,"href":"http:\/\/igel.wovodo.de:8085\/it\/wp-json\/wp\/v2\/product\/30098\/revisions"}],"predecessor-version":[{"id":34716,"href":"http:\/\/igel.wovodo.de:8085\/it\/wp-json\/wp\/v2\/product\/30098\/revisions\/34716"}],"wp:featuredmedia":[{"embeddable":true,"href":"http:\/\/igel.wovodo.de:8085\/it\/wp-json\/wp\/v2\/media\/31749"}],"wp:attachment":[{"href":"http:\/\/igel.wovodo.de:8085\/it\/wp-json\/wp\/v2\/media?parent=30098"}],"wp:term":[{"taxonomy":"product_cat","embeddable":true,"href":"http:\/\/igel.wovodo.de:8085\/it\/wp-json\/wp\/v2\/product_cat?post=30098"},{"taxonomy":"product_tag","embeddable":true,"href":"http:\/\/igel.wovodo.de:8085\/it\/wp-json\/wp\/v2\/product_tag?post=30098"}],"curies":[{"name":"wp","href":"https:\/\/api.w.org\/{rel}","templated":true}]}}