{"id":30049,"date":"2024-10-31T14:05:36","date_gmt":"2024-10-31T13:05:36","guid":{"rendered":"http:\/\/igel.wovodo.de:8085\/product\/b-ware-gartenbrunnen-wasserspiel-granitschalen-kaskade-3-mit-led-licht\/"},"modified":"2025-01-27T12:28:24","modified_gmt":"2025-01-27T11:28:24","slug":"b-ware-gartenbrunnen-wasserspiel-granitschalen-kaskade-3-mit-led-licht","status":"publish","type":"product","link":"http:\/\/igel.wovodo.de:8085\/it\/product\/b-ware-gartenbrunnen-wasserspiel-granitschalen-kaskade-3-mit-led-licht\/","title":{"rendered":"B-Ware Gartenbrunnen &amp; Wasserspiel &#8220;GRANITSCHALEN-KASKADE-3&#8221; mit LED-Licht"},"content":{"rendered":"<div class=\"sale_application\">\n<ul>\n<li>LED-Gartenbrunnen f\u00fcr den Innen- und Au\u00dfenbereich mit 230\/12V-Netzadapter<\/li>\n<\/ul><\/div>\n<div class=\"sale_description\"> <font color=\"FF0000\"><b>B-Ware:<\/b><\/p>\n<ul>\n<li>leichte optische Fehler (z.B. kleine Kratzer etc.)<\/li>\n<li>voll funktionsf\u00e4higes Produkt<\/li>\n<li>reduzierte gesetzliche Gew\u00e4hrleistung auf max. 1 Jahr<\/li>\n<\/ul>\n<p><\/font><\/p>\n<p><b>Decorativo e benefico<\/b><\/p>\n<p>Der klassische <b>B-Ware Gartenbrunnen &amp; Wasserspiel &#8220;GRANITSCHALEN-KASKADE-3&#8221; mit LED-Licht<\/b> ist f\u00fcr den Innen- und Au\u00dfenbereich geeignet. Betrieben wird der Garten- und Zimmerbrunnen mit einem 230\/12-Volt Netzadapter. Mit dem zeitlosen, klassischen Design zaubert der &#8220;GRANITSCHALEN-KASKADE-3&#8221; immer eine tolle Atmosph\u00e4re. Das Lebenselixier Wasser belebt Wohnzimmer, Esszimmer, Flure und Eingangsbereiche, Winterg\u00e4rten oder Balkone, Terrassen und G\u00e4rten im privaten wie gewerblichen Umfeld.<\/p>\n<p><b>Perfekter Blickfang<\/b><\/p>\n<p>Der Gartenbrunnen ist sowohl bei Tag als auch bei Nacht der perfekte Blickfang. Die mitgelieferte LED-Beleuchtung sorgt f\u00fcr die perfekte Illumination. <\/p>\n<p><b>Steckfertiges Komplett-Set<\/b><\/p>\n<p>Der Zimmer- und Gartenbrunnen kommt als Komplett-Set und l\u00e4sst sich leicht instandsetzen.<\/p>\n<p><b>Werthaltig, best\u00e4ndig &amp; betriebssicher<\/b><\/p>\n<p>Der rustikale Zierbrunnen &#8220;GRANITSCHALEN-KASKADE-4&#8221; ist f\u00fcr den 230-Volt-Betrieb vorgesehen. Die Pumpe und die LEDs werden mit sicherer 12V-Niederspannung betrieben (Adapter im Lieferumfang enthalten). Alle Kabelverbindungen sind verpolungssicher, wasserdicht, absolut funktionssicher. Dank praktischer Steckverbindungen sind alle Komponenten jederzeit austauschbar. So k\u00f6nnen Sie den Wasserbrunnen &#8220;GRANITSCHALEN-KASKADE-4&#8221; und das flie\u00dfende Wasser jahrelang genie\u00dfen!<\/p>\n<p style=\"font-size:11px;\"><b>Avviso legale:<\/b> I nostri prodotti sono colorati singolarmente a mano, pertanto non \u00e8 possibile evitare deviazioni di colore. Inoltre, a causa delle condizioni di illuminazione durante la fotografia del prodotto e delle diverse impostazioni dello schermo, il colore del prodotto potrebbe non essere riprodotto in modo autentico e non \u00e8 quindi motivo di reclamo.<\/p>\n<\/p>\n<p><b>Nota:<\/b> Frost kann zu Sch\u00e4den am Gartenbrunnen und der Pumpe f\u00fchren. Bei Frostgefahr muss der <b>Gartenbrunnen und die Pumpe entleert werden<\/b>, mit klarem Wasser gesp\u00fclt und trocken eingelagert werden. Dann haben Sie sehr lange Freude daran!<\/p>\n<\/p><\/div>\n<h3>Molti buoni motivi per acquistare questo prodotto:<\/h3>\n<div class=\"sale_motive\">\n<ul>\n<li>steckfertiger, sofort einsatzbereiter Gartenbrunnen &#8220;GRANITSCHALEN-KASKADE-3&#8221;<\/li>\n<li>Zeitloser Klassiker &#8211; passt immer und \u00fcberall<\/li>\n<li>ha un effetto rinvigorente sui sensi<\/li>\n<li>migliora la qualit\u00e0 dell'aria<\/li>\n<li>Decorativo e utile<\/li>\n<li>Fontane da giardino per interni e per esterni<\/li>\n<li>Con connessione 230V\/12V<\/li>\n<li>Komplett-Set inkl. Pumpe und LED-Beleuchtung<\/li>\n<\/ul>\n<\/div>","protected":false},"excerpt":{"rendered":"<p>Gartenbrunnen mit LED-Licht<br \/>Pumpenleistung: 5Watt; F\u00f6rdermenge: 450L\/h<\/p>","protected":false},"featured_media":39452,"comment_status":"open","ping_status":"closed","template":"","meta":[],"product_cat":[183,177,179,180],"product_tag":[],"class_list":{"0":"post-30049","1":"product","2":"type-product","3":"status-publish","4":"has-post-thumbnail","6":"product_cat-230v","7":"product_cat-b-ware-gartenbrunnen","8":"product_cat-b-ware-garten-u-zimmer-brunnen","9":"product_cat-winter-angebote","11":"first","12":"instock","13":"sale","14":"taxable","15":"shipping-taxable","16":"purchasable","17":"product-type-simple"},"_links":{"self":[{"href":"http:\/\/igel.wovodo.de:8085\/it\/wp-json\/wp\/v2\/product\/30049","targetHints":{"allow":["GET"]}}],"collection":[{"href":"http:\/\/igel.wovodo.de:8085\/it\/wp-json\/wp\/v2\/product"}],"about":[{"href":"http:\/\/igel.wovodo.de:8085\/it\/wp-json\/wp\/v2\/types\/product"}],"replies":[{"embeddable":true,"href":"http:\/\/igel.wovodo.de:8085\/it\/wp-json\/wp\/v2\/comments?post=30049"}],"version-history":[{"count":2,"href":"http:\/\/igel.wovodo.de:8085\/it\/wp-json\/wp\/v2\/product\/30049\/revisions"}],"predecessor-version":[{"id":38650,"href":"http:\/\/igel.wovodo.de:8085\/it\/wp-json\/wp\/v2\/product\/30049\/revisions\/38650"}],"wp:featuredmedia":[{"embeddable":true,"href":"http:\/\/igel.wovodo.de:8085\/it\/wp-json\/wp\/v2\/media\/39452"}],"wp:attachment":[{"href":"http:\/\/igel.wovodo.de:8085\/it\/wp-json\/wp\/v2\/media?parent=30049"}],"wp:term":[{"taxonomy":"product_cat","embeddable":true,"href":"http:\/\/igel.wovodo.de:8085\/it\/wp-json\/wp\/v2\/product_cat?post=30049"},{"taxonomy":"product_tag","embeddable":true,"href":"http:\/\/igel.wovodo.de:8085\/it\/wp-json\/wp\/v2\/product_tag?post=30049"}],"curies":[{"name":"wp","href":"https:\/\/api.w.org\/{rel}","templated":true}]}}