{"id":30019,"date":"2024-10-31T14:05:16","date_gmt":"2024-10-31T13:05:16","guid":{"rendered":"http:\/\/igel.wovodo.de:8085\/product\/4-rotor-und-stator-set-fuer-pumpe-screw-star-1100-4-230-400v\/"},"modified":"2025-01-27T12:28:16","modified_gmt":"2025-01-27T11:28:16","slug":"4-rotor-und-stator-set-fuer-pumpe-screw-star-1100-4-230-400v","status":"publish","type":"product","link":"http:\/\/igel.wovodo.de:8085\/it\/product\/4-rotor-und-stator-set-fuer-pumpe-screw-star-1100-4-230-400v\/","title":{"rendered":"4&#8243; ROTOR und STATOR-Set f\u00fcr Pumpe SCREW-STAR 1100-4-230\/400V"},"content":{"rendered":"<div class=\"sale_application\">\n<ul>\n<li>    das Ersatzteil-Set als Verschlei\u00dfteil 4&#8243; ROTOR und STATOR-Set f\u00fcr Pumpe SCREW-STAR 1100-4<\/li>\n<\/ul><\/div>\n<div class=\"sale_description\">\n<p><strong>Rotor und Stator sind Verschlei\u00dfteile, deren Lebensdauer von der tats\u00e4chlichen Nutzung der Pumpe abh\u00e4ngt.<\/strong> Je h\u00f6her der Sandanteil jedoch ist, umso h\u00f6her ist die Abnutzung der F\u00f6rderschnecke und der Kupplung. Deswegen empfehlen wir bei Sandanteil, das Ersatzteil-Set zur Pumpe <strong>4&#8243; ROTOR und STATOR-Set f\u00fcr Pumpe SCREW-STAR 1100-4-230\/400V<\/strong> stets mitzubestellen. Zu diesem Zweck kann das Pumpengeh\u00e4use ge\u00f6ffnet und die F\u00f6rderschnecke aus Edelstahl und die Hartgummi-Kupplung problemlos getauscht werden.<\/p>\n<p>Auf Verschlei\u00dfteile gilt eine gesetzliche Gew\u00e4hrleistung in der Form, da\u00df wir bei der Lieferung ein neues intaktes Set an Sie \u00fcbergeben. Insbesondere k\u00f6nnen wir keine Funktion auf die Dauer von 24 Monaten gew\u00e4hrleisten. Diese richtet sich ausschlie\u00dflich nach Ihrer tats\u00e4chlichen Nutzung.<\/p>\n<p><b><font color =\"#FF0000\">Bitte beachten:<\/font> Die Rotor-Stator-Sets sind nur f\u00fcr Brunnenpumpen-Modelle ab dem Jahr 2020 geeignet.<\/b><\/p>\n<\/div>\n<h3>Molti buoni motivi per acquistare questo prodotto:<\/h3>\n<div class=\"sale_motive\">\n<ul>\n<li>  n\u00fctzliches, sinnvolles Zubeh\u00f6r-Set<\/li>\n<li>  einfach auszutauschen<\/li>\n<li> Nutzungsdauer der Brunnenpumpe verl\u00e4ngern<\/li>\n<li>  auf Verschlei\u00dferscheinungen der Brunnenpumpe vorbereitet sein<\/li>\n<\/ul>\n<\/div>","protected":false},"excerpt":{"rendered":"<p>das Ersatzteil-Set als Verschlei\u00dfteil 4&#8243; ROTOR und STATOR-Set f\u00fcr Pumpe SCREW-STAR 1100-4 Rotor und Stator sind Verschlei\u00dfteile, deren Lebensdauer von<\/p>","protected":false},"featured_media":31270,"comment_status":"open","ping_status":"closed","template":"","meta":[],"product_cat":[205],"product_tag":[],"class_list":{"0":"post-30019","1":"product","2":"type-product","3":"status-publish","4":"has-post-thumbnail","6":"product_cat-zubehoer-brunnenpumpe","8":"first","9":"instock","10":"taxable","11":"shipping-taxable","12":"purchasable","13":"product-type-simple"},"_links":{"self":[{"href":"http:\/\/igel.wovodo.de:8085\/it\/wp-json\/wp\/v2\/product\/30019","targetHints":{"allow":["GET"]}}],"collection":[{"href":"http:\/\/igel.wovodo.de:8085\/it\/wp-json\/wp\/v2\/product"}],"about":[{"href":"http:\/\/igel.wovodo.de:8085\/it\/wp-json\/wp\/v2\/types\/product"}],"replies":[{"embeddable":true,"href":"http:\/\/igel.wovodo.de:8085\/it\/wp-json\/wp\/v2\/comments?post=30019"}],"version-history":[{"count":1,"href":"http:\/\/igel.wovodo.de:8085\/it\/wp-json\/wp\/v2\/product\/30019\/revisions"}],"predecessor-version":[{"id":34639,"href":"http:\/\/igel.wovodo.de:8085\/it\/wp-json\/wp\/v2\/product\/30019\/revisions\/34639"}],"wp:featuredmedia":[{"embeddable":true,"href":"http:\/\/igel.wovodo.de:8085\/it\/wp-json\/wp\/v2\/media\/31270"}],"wp:attachment":[{"href":"http:\/\/igel.wovodo.de:8085\/it\/wp-json\/wp\/v2\/media?parent=30019"}],"wp:term":[{"taxonomy":"product_cat","embeddable":true,"href":"http:\/\/igel.wovodo.de:8085\/it\/wp-json\/wp\/v2\/product_cat?post=30019"},{"taxonomy":"product_tag","embeddable":true,"href":"http:\/\/igel.wovodo.de:8085\/it\/wp-json\/wp\/v2\/product_tag?post=30019"}],"curies":[{"name":"wp","href":"https:\/\/api.w.org\/{rel}","templated":true}]}}