{"id":30002,"date":"2024-10-31T14:05:06","date_gmt":"2024-10-31T13:05:06","guid":{"rendered":"http:\/\/igel.wovodo.de:8085\/product\/universal-star-accu-160-4-2-stainless-steel-24v\/"},"modified":"2025-01-27T12:28:13","modified_gmt":"2025-01-27T11:28:13","slug":"universal-star-accu-160-4-2-stainless-steel-24v","status":"publish","type":"product","link":"http:\/\/igel.wovodo.de:8085\/it\/product\/universal-star-accu-160-4-2-stainless-steel-24v\/","title":{"rendered":"Universal-Star ACCU 160-4.2 - Acciaio inox 24 V"},"content":{"rendered":"<div class=\"sale_application\">\n<ul>\n<li>Bef\u00fcllen, Umpumpen, Umf\u00fcllen, Entleeren von f\u00e4ssern und tanks<\/li>\n<\/ul>\n<\/div>\n<div class=\"sale_description\">\n<p>Die Universal-Star ACCU 160-4.2 ist eine <b>batteriebetriebene 24-Volt<\/b> Universal Pumpe. Die saugstarke Edelstahl-Universalpumpe kann einfach fast alles! Sie kann f\u00fcr sehr viele Medien mobil eingesetzt werden: Wasser, Regenwasser, Diesel, Heiz\u00f6l, Biodiesel, ADBLUE, Saft, Wein, Milch und vieles mehr. Die kleine leichte Universal-Pumpe ist im &#8220;Handumdrehen&#8221; f\u00fcr fast ALLES \u00fcberall einsatzbereit! So macht das Wasserf\u00f6rdern, Bef\u00fcllen, Umtanken Spa\u00df und bleibt eine saubere Sache!<\/p>\n<div class=\"embed-responsive embed-responsive-16by9\">\n<iframe src=\"https:\/\/www.youtube-nocookie.com\/embed\/KyN22W_mNXo?rel=0\" title=\"Lettore video di YouTube\" allow=\"accelerometer; autoplay; clipboard-write; encrypted-media; gyroscope; picture-in-picture\" allowfullscreen=\"\" width=\"560\" height=\"315\" frameborder=\"0\"><\/iframe>\n<\/div>\n<p>Der kr\u00e4ftige Motor wird durch einen 24-Volt LiIon-Akku angetrieben. LiIon-Akkus zeichen sich durch \u00e4u\u00dferst geringe Selbstentladung und fast keinen &#8220;Memory-Effekt&#8221; aus. Dadurch bleibt die volle Akku-Leistung auch nach Jahren vorhanden und die Pumpe ist stets schnell einsatzbereit.<br \/>\nIl <b>24 Volt ACCU<\/b> Universal-Pumpe ist selbstansaugend nach erster Bef\u00fcllung\/Entl\u00fcftung. Die maximale F\u00f6rderleistung betr\u00e4gt 2700 l\/h, die maximale F\u00f6rderh\u00f6he 10m. Der leistungsstarke AKKU hat 2000 mAh. Die Pumpe hat angeformte Stutzen f\u00fcr 25mm-Schlauch. Das hat den Vorteil, da\u00df einerseits die Inbetriebnahme wirklich schnell erfolgen kann und andererseits, da\u00df wirklich alle Verbindungen in Edelstahl erfolgen k\u00f6nnen.\n<\/p>\n<p>Bitte beachten: Die F\u00f6rderleistung nimmt bei steigender F\u00f6rderh\u00f6he entsprechend ab.<\/p>\n<p>Alle Pumpen sind EINZELST\u00dcCK-gepr\u00fcft auf Ihre Funktion. Daher k\u00f6nnen Reste der Pr\u00fcffl\u00fcssigkeit in der Pumpe \/ Verpackung vorhanden sein.<\/p>\n<p>Die Pumpen und die Saugleitung sind bei der Inbetriebnahme blasenfrei mit dem genutzten Medium zu bef\u00fcllen. Das R\u00fcckschlagventil <b>(NICHT im Lieferumfang enthalten)<\/b> muss unbedingt am Ende der Saugleitung montiert und dicht sein.<\/p>\n<p>Bei diesem Angebot k\u00f6nnen Sie das passende Zubeh\u00f6r zur Diesel- und Universalpumpen mitbestellen und so Frachtkosten sparen!<\/p>\n<\/div>\n<h3>Molti buoni motivi per acquistare questo prodotto:<\/h3>\n<div class=\"sale_motive\">\n<ul>\n<li>Aspirazione potente, autoadescante e conveniente<\/li>\n<li><b>2000 mAh ACCU f\u00fcr den mobilen Einsatz<\/b><\/li>\n<li>Bew\u00e4hrte Qualit\u00e4t mit Edelstahl<\/li>\n<li>F\u00f6rdermenge max. 2.700l\/h<\/li>\n<li>Geeignet f\u00fcr: Wasser, Regenwasser, Diesel, Heiz\u00f6l, Biodiesel, ADBLUE, Saft, Wein, Milch und vieles mehr<\/li>\n<\/ul>\n<\/div>","protected":false},"excerpt":{"rendered":"<p>Batteriebetriebene 24-Volt Universal Pumpe, Edelstahl, mit AKKU-Ladeger\u00e4t.<\/p>","protected":false},"featured_media":37588,"comment_status":"open","ping_status":"closed","template":"","meta":[],"product_cat":[287],"product_tag":[],"class_list":{"0":"post-30002","1":"product","2":"type-product","3":"status-publish","4":"has-post-thumbnail","6":"product_cat-diesel-pumpen","8":"first","9":"instock","10":"taxable","11":"shipping-taxable","12":"purchasable","13":"product-type-simple"},"_links":{"self":[{"href":"http:\/\/igel.wovodo.de:8085\/it\/wp-json\/wp\/v2\/product\/30002","targetHints":{"allow":["GET"]}}],"collection":[{"href":"http:\/\/igel.wovodo.de:8085\/it\/wp-json\/wp\/v2\/product"}],"about":[{"href":"http:\/\/igel.wovodo.de:8085\/it\/wp-json\/wp\/v2\/types\/product"}],"replies":[{"embeddable":true,"href":"http:\/\/igel.wovodo.de:8085\/it\/wp-json\/wp\/v2\/comments?post=30002"}],"version-history":[{"count":2,"href":"http:\/\/igel.wovodo.de:8085\/it\/wp-json\/wp\/v2\/product\/30002\/revisions"}],"predecessor-version":[{"id":38338,"href":"http:\/\/igel.wovodo.de:8085\/it\/wp-json\/wp\/v2\/product\/30002\/revisions\/38338"}],"wp:featuredmedia":[{"embeddable":true,"href":"http:\/\/igel.wovodo.de:8085\/it\/wp-json\/wp\/v2\/media\/37588"}],"wp:attachment":[{"href":"http:\/\/igel.wovodo.de:8085\/it\/wp-json\/wp\/v2\/media?parent=30002"}],"wp:term":[{"taxonomy":"product_cat","embeddable":true,"href":"http:\/\/igel.wovodo.de:8085\/it\/wp-json\/wp\/v2\/product_cat?post=30002"},{"taxonomy":"product_tag","embeddable":true,"href":"http:\/\/igel.wovodo.de:8085\/it\/wp-json\/wp\/v2\/product_tag?post=30002"}],"curies":[{"name":"wp","href":"https:\/\/api.w.org\/{rel}","templated":true}]}}