{"id":29995,"date":"2024-10-31T14:04:57","date_gmt":"2024-10-31T13:04:57","guid":{"rendered":"http:\/\/igel.wovodo.de:8085\/product\/kreiselpumpe-inno-tec-1200-1-mit-zubehoerauswahl\/"},"modified":"2025-01-27T12:28:10","modified_gmt":"2025-01-27T11:28:10","slug":"kreiselpumpe-inno-tec-1200-1-mit-zubehoerauswahl","status":"publish","type":"product","link":"http:\/\/igel.wovodo.de:8085\/it\/product\/kreiselpumpe-inno-tec-1200-1-mit-zubehoerauswahl\/","title":{"rendered":"Kreiselpumpe INNO-TEC 1200-1 mit Zubeh\u00f6rauswahl"},"content":{"rendered":"<div class=\"sale_description\">\n<b>Die Jetpumpe&nbsp; INNO-TEC 1200-1 ist eine leistungsstarke, einstufige Jetpumpe mit 1200W.<\/b> <\/p>\n<p>Der Einsatzbereich der Pumpe ist sehr vielseitig: Entweder als einfache Gartenpumpe oder als ausgereiftes Hauswasserwerk \/ Hauswasserautomat. <\/p>\n<p>Ihr geringes Gewicht und der Tragegriff erm\u00f6glichen den schnellen Standortwechsel. Die Pumpe ist somit sowohl station\u00e4r als Hauswasserwerk als auch mobil als Gartenpumpe einsetzbar. Die Inbetriebnahme erfolgt durch Bef\u00fcllen der Pumpe (Bef\u00fcllstutzen) mit Wasser.<\/p>\n<p><b>Vor dem Anschlie\u00dfen des Saugschlauchs bef\u00fcllen Sie bitte auch diesen mit Wasser.<\/b> Achten Sie bitte auf die zur Pumpe stetig steigende F\u00fchrung der Saugleitung (keine Luftsack-Bildung!). Besonders auf der Saugseite m\u00fcssen die Anschl\u00fcsse 100% dicht sein. Den Rest macht die Pumpe dann selbst. Die max. Ansaugh\u00f6he betr\u00e4gt bei 1&#8243; Saugleitungsdurchmesser 7m. Setzen Sie bitte hierbei nur unterdruckstabile Saugschl\u00e4uche ein. Wir empfehlen Ihnen hierf\u00fcr den schwarzen Saug- und Druckschlauch aus unserem Lieferprogramm.<\/p>\n<p><p><b>Il nostro consiglio:<\/b><\/p>\n<p>Wir empfehlen, diese Pumpe mit der intelligenten Pumpensteuerung <b>Inverter-Pumpensteuerung 3-2,2KW<\/b> aus unserem Programm, als automatisches Hauswasserwerk zu betreiben. Die Pumpensteuerung INVERTER-Pumpensteuerung 3-2,2KW ist ein variabler Frequenz-Controller f\u00fcr eine einphasige 230-Volt-Pumpe , basierend auf der innovativen Inverter-Technologie. Dieser Inverter ist auf den Betrieb von Kreisel- und Tauchpumpen bis max. 2200 Watt Nenn-Leistung optimiert.<\/p>\n<p>Neueste Erkenntnisse der Pumpentechnik und Elektronik f\u00fchrten zu einem Ger\u00e4t, welches die zeitgem\u00e4\u00dfe Anforderungen an sparsamen Energieverbrauch und optimalen Pumpenbetrieb. hervorragend erf\u00fcllt. Damit k\u00f6nnen die Pumpen bedarfsgerecht ein- und ausgeschaltet werden. Der vom Bediener eingestellte Druck wird unter allen Umst\u00e4nden im Regelberech des Inverters eingehalten. Entsprechend dem eingestellten Druck wird die Drehzahl der Pumpe durch den INVERTER-Pumpensteuerung 2-1,1 hoch- oder runter geregelt. Wird wenig Wasser entnommen, &#8220;dreht&#8221; die Pumpe langsam. Mit steigendem Durchflu\u00df dreht sich der Pumpenmotor immer schneller. Die Pumpe nimmt immer nur soviel Energie aus dem Netz auf, wie gerade ben\u00f6tigt wird, um den eingestellten Druck zu halten. Dies f\u00fchrt zu einer enormen Energie-Einsparung.<\/p>\n<p>Dar\u00fcber hinaus sind vielf\u00e4ltige Pumpen-\u00dcberwachungsfunktionen integriert: <b>System-Leckkontrolle, Trockenlaufschutz, \u00dcber &#8211; und Unterspannnung-Schutz, Maximal-Strombegrenzung<\/b> und viele andere Funktionen. Die gesamte Elektronik dieses Inverters ist wasserdicht versiegelt, was einen wesentlich verbesserten Kondeswasserschutz bedeutet.<\/p>\n<ul>\n<li>\n    Automatisches bedarfsorientiertes Ein- und Ausschalten der Pumpe<\/li>\n<li> ENERGIESPARENDER Pumpen-Betrieb: Bis zu 85% Energieeinsparung bei Pumpen-Betrieb mit wechselnder Belastung<\/li>\n<li> Sorgt f\u00fcr konstanten Wasserdruck in den Leitungen<\/li>\n<li>Druckminderer-Funktion: reduziert den maximalen Pumpendruck auf den eingestellten Druck im Leitungssystem<\/li>\n<li>Wassergek\u00fchlter Inverter: kann auch bei eingeschr\u00e4nkter Luftk\u00fchlung eingesetzt werden<\/li>\n<li>Minimiert die durchschnittliche Ger\u00e4uschentwicklung<\/li>\n<li>Vermeidet gef\u00e4hrliche Druckschl\u00e4ge in den Wasserleitungen<\/li>\n<li>Erh\u00f6ht wesentlich die Pumpenlebensdauer<\/li>\n<li>integrierter Trockenlaufschutz mit einstellbarem Auto-Start<\/li>\n<li>eingebautes R\u00fcckschlagventil<\/li>\n<li>intelligente Selbst-\u00dcberwachungsfunktionen<\/li>\n<li>leicht zu Bedienen durch voreingestellte Standard-Werte<\/li>\n<\/ul>\n<p><b>Bitte beachten:<\/b> Beim Einsatz der INVERTER-Pumpensteuerung 3-2,2KW MUSS ein Ausdehnungsgef\u00e4\u00df installiert werden. F\u00fcr eine richtige Funktion muss ein Druckausdehnungsgef\u00e4\u00df mit einem Mindestvolumen von 2L in der Druckleitung in unmittelbarer N\u00e4he der Steuerung vorhanden sein. Bei unserer Zubeh\u00f6r-Auswahl k\u00f6nnen Sie sich f\u00fcr einen kleinen Aufpreis einen hochwertigen Drucktank mitbestellen.<\/p>\n<p>Wir empfehlen au\u00dferdem die Installation eines Vorfilters.<\/p>\n<\/div>\n<h3>Molti buoni motivi per acquistare questo prodotto:<\/h3>\n<div class=\"sale_motive\">\n<ul>\n<li>solide und zuverl\u00e4ssige Jetpumpe mit 4,8 bar und<br \/>\nF\u00f6rdermenge von 3500l\/h bei einer Leistungsaufnahme von<br \/>\n1200W<\/li>\n<li>Ansaugh\u00f6he bis 8m (selbstansaugend nach 1. Bef\u00fcllung)<\/li>\n<li><b>sehr hochwertige, mechanische Dichtung<\/b>\n<\/li>\n<li>2,54cm (1 Zoll) Anschluss auf Saug- und Druckseite aus<br \/>\nMessing<\/li>\n<li>transportabel und schnell einsatzbereit (mit<br \/>\nTragegriff)<\/li>\n<li>kompakte Bauform<\/li>\n<li>Bef\u00fcll- und Ablass-Anschluss werkzeuglos zu \u00f6ffnen<\/li>\n<li>Lunga durata di vita<\/li>\n<li>hochwertiges Kunststoffgeh\u00e4use mit extra breitem Montagefu\u00df<br \/>\nund 4 Montagepunkten<\/li>\n<\/p>\n<\/p>\n<\/ul>\n<\/div>","protected":false},"excerpt":{"rendered":"<p>Die Jetpumpe&nbsp; INNO-TEC 1200-1 ist eine leistungsstarke, einstufige Jetpumpe mit 1200W. Der Einsatzbereich der Pumpe ist sehr vielseitig: Entweder als<\/p>","protected":false},"featured_media":36730,"comment_status":"open","ping_status":"closed","template":"","meta":[],"product_cat":[277],"product_tag":[],"class_list":{"0":"post-29995","1":"product","2":"type-product","3":"status-publish","4":"has-post-thumbnail","6":"product_cat-jetpumpen-einstufig","8":"first","9":"instock","10":"taxable","11":"shipping-taxable","12":"purchasable","13":"product-type-simple"},"_links":{"self":[{"href":"http:\/\/igel.wovodo.de:8085\/it\/wp-json\/wp\/v2\/product\/29995","targetHints":{"allow":["GET"]}}],"collection":[{"href":"http:\/\/igel.wovodo.de:8085\/it\/wp-json\/wp\/v2\/product"}],"about":[{"href":"http:\/\/igel.wovodo.de:8085\/it\/wp-json\/wp\/v2\/types\/product"}],"replies":[{"embeddable":true,"href":"http:\/\/igel.wovodo.de:8085\/it\/wp-json\/wp\/v2\/comments?post=29995"}],"version-history":[{"count":1,"href":"http:\/\/igel.wovodo.de:8085\/it\/wp-json\/wp\/v2\/product\/29995\/revisions"}],"predecessor-version":[{"id":34617,"href":"http:\/\/igel.wovodo.de:8085\/it\/wp-json\/wp\/v2\/product\/29995\/revisions\/34617"}],"wp:featuredmedia":[{"embeddable":true,"href":"http:\/\/igel.wovodo.de:8085\/it\/wp-json\/wp\/v2\/media\/36730"}],"wp:attachment":[{"href":"http:\/\/igel.wovodo.de:8085\/it\/wp-json\/wp\/v2\/media?parent=29995"}],"wp:term":[{"taxonomy":"product_cat","embeddable":true,"href":"http:\/\/igel.wovodo.de:8085\/it\/wp-json\/wp\/v2\/product_cat?post=29995"},{"taxonomy":"product_tag","embeddable":true,"href":"http:\/\/igel.wovodo.de:8085\/it\/wp-json\/wp\/v2\/product_tag?post=29995"}],"curies":[{"name":"wp","href":"https:\/\/api.w.org\/{rel}","templated":true}]}}