{"id":29986,"date":"2024-10-31T14:04:52","date_gmt":"2024-10-31T13:04:52","guid":{"rendered":"http:\/\/igel.wovodo.de:8085\/product\/b-ware-3-tiefbrunnenpumpe-screw-star-370-4-230v\/"},"modified":"2025-01-27T12:28:08","modified_gmt":"2025-01-27T11:28:08","slug":"b-ware-3-tiefbrunnenpumpe-screw-star-370-4-230v","status":"publish","type":"product","link":"http:\/\/igel.wovodo.de:8085\/it\/product\/b-ware-3-tiefbrunnenpumpe-screw-star-370-4-230v\/","title":{"rendered":"B-Ware 3&#8243; Tiefbrunnenpumpe SCREW-STAR 370-4-230V"},"content":{"rendered":"<div class=\"sale_application\">\n<ul>\n<li>per tutti i pozzi profondi<\/li>\n<li>Per volumi di sabbia medio-leggeri<\/li>\n<li>per l'irrigazione del giardino o l'aspersione<\/li>\n<li>per l'abbassamento delle acque sotterranee<\/li>\n<li>per il riempimento dei contenitori<\/li>\n<\/ul><\/div>\n<div class=\"sale_description\"> <font color=\"FF0000\"><b>B-Ware:<\/b><\/p>\n<ul>\n<li>leichte optische Fehler (z.B. kleine Kratzer etc.)<\/li>\n<li>voll funktionsf\u00e4higes Produkt<\/li>\n<li>reduzierte gesetzliche Gew\u00e4hrleistung auf max. 1 Jahr<\/li>\n<\/ul>\n<p><\/font><\/p>\n<p>Pompa a vite per pozzi profondi robusta, stabile e resistente alla sabbia, realizzata in acciaio inossidabile per pozzi estremamente profondi. Con questa robusta pompa per pozzi profondi, il pompaggio dell'acqua da trivellazioni, pozzi o serbatoi d'acqua estremamente profondi non \u00e8 un problema. Questa pompa per pozzi eroga l'acqua ad alta pressione fino al punto di utilizzo. \u00c8 ideale per tutti i pozzi con diametro minimo di 90 mm.<\/p>\n<p>La portata massima \u00e8 di 1.600 litri all'ora, la prevalenza massima \u00e8 di 64 metri e la pressione massima \u00e8 di 6,4 bar. Si noti che la portata diminuisce di conseguenza all'aumentare della prevalenza.<\/p>\n<p>Questa pompa per pozzi \u00e8 una delle poche pompe autentiche per pozzi profondi in grado di gestire anche quantit\u00e0 di sabbia per le quali le normali pompe a girante falliscono dopo poco tempo! Tuttavia, maggiore \u00e8 il contenuto di sabbia, maggiore \u00e8 l'usura della coclea e del giunto. Per questo motivo, in presenza di sabbia, si consiglia di ordinare sempre il set di ricambi come parte soggetta a usura. A tal fine, \u00e8 possibile aprire l'alloggiamento della pompa e sostituire facilmente la coclea in acciaio inox e il giunto in gomma dura.<\/p>\n<p>Come si determina la quantit\u00e0 di sabbia presente nell'acqua? \u00c8 sufficiente versare 500-1000 litri d'acqua in un contenitore alto, in modo che l'acqua scorra oltre il bordo ma la sabbia possa depositarsi. Misurare la quantit\u00e0 d'acqua e poi il peso della sabbia depositata. Quindi calcolare il rapporto di quantit\u00e0.<\/p>\n<p>Nonostante il basso consumo di energia elettrica (solo 370 W), si ottiene un'elevata potenza idraulica.<\/p>\n<p><strong>Questa pompa per pozzi vi far\u00e0 risparmiare a lungo termine!<\/strong><\/p>\n<\/p><\/div>\n<h3>Molti buoni motivi per acquistare questo prodotto:<\/h3>\n<div class=\"sale_motive\">\n<ul>\n<li>Pompe per pozzi profondi solide e poco costose<\/li>\n<li>risparmio energetico<\/li>\n<li>per la perforazione di pozzi estremamente profondi (fino a 55 m)<\/li>\n<li>compatibile con la sabbia<\/li>\n<li>Affidabile, potente<\/li>\n<li>Lunga durata di vita<\/li>\n<li>Motore a cuscinetti d'olio<\/li>\n<li>Alloggiamento in acciaio inossidabile con parti in ottone e ghisa grigia<\/li>\n<\/ul>\n<\/div>","protected":false},"excerpt":{"rendered":"<p>Pompa per pozzo 230V\/50HZ | 370W<br \/>\n  Hmax. 64m | Qmax. 1.600L\/h | Pmax. 6,4bar<\/p>\n<p><b>Robusto alloggiamento in acciaio inox<\/b><\/p>","protected":false},"featured_media":31142,"comment_status":"open","ping_status":"closed","template":"","meta":[],"product_cat":[268,214],"product_tag":[],"class_list":{"0":"post-29986","1":"product","2":"type-product","3":"status-publish","4":"has-post-thumbnail","6":"product_cat-b-ware-sandvertraeglich","7":"product_cat-b-ware-brunnenpumpen","9":"first","10":"instock","11":"sale","12":"taxable","13":"shipping-taxable","14":"purchasable","15":"product-type-simple"},"_links":{"self":[{"href":"http:\/\/igel.wovodo.de:8085\/it\/wp-json\/wp\/v2\/product\/29986","targetHints":{"allow":["GET"]}}],"collection":[{"href":"http:\/\/igel.wovodo.de:8085\/it\/wp-json\/wp\/v2\/product"}],"about":[{"href":"http:\/\/igel.wovodo.de:8085\/it\/wp-json\/wp\/v2\/types\/product"}],"replies":[{"embeddable":true,"href":"http:\/\/igel.wovodo.de:8085\/it\/wp-json\/wp\/v2\/comments?post=29986"}],"version-history":[{"count":1,"href":"http:\/\/igel.wovodo.de:8085\/it\/wp-json\/wp\/v2\/product\/29986\/revisions"}],"predecessor-version":[{"id":34608,"href":"http:\/\/igel.wovodo.de:8085\/it\/wp-json\/wp\/v2\/product\/29986\/revisions\/34608"}],"wp:featuredmedia":[{"embeddable":true,"href":"http:\/\/igel.wovodo.de:8085\/it\/wp-json\/wp\/v2\/media\/31142"}],"wp:attachment":[{"href":"http:\/\/igel.wovodo.de:8085\/it\/wp-json\/wp\/v2\/media?parent=29986"}],"wp:term":[{"taxonomy":"product_cat","embeddable":true,"href":"http:\/\/igel.wovodo.de:8085\/it\/wp-json\/wp\/v2\/product_cat?post=29986"},{"taxonomy":"product_tag","embeddable":true,"href":"http:\/\/igel.wovodo.de:8085\/it\/wp-json\/wp\/v2\/product_tag?post=29986"}],"curies":[{"name":"wp","href":"https:\/\/api.w.org\/{rel}","templated":true}]}}