{"id":36635,"date":"2024-12-03T18:14:28","date_gmt":"2024-12-03T17:14:28","guid":{"rendered":"http:\/\/igel.wovodo.de:8085\/product\/diesel-star-160-4-2-automatic-230v-mit-zubehoer-paket-1\/"},"modified":"2025-01-27T12:32:32","modified_gmt":"2025-01-27T11:32:32","slug":"diesel-star-160-4-2-automatic-230v-mit-zubehoer-paket-1","status":"publish","type":"product","link":"http:\/\/igel.wovodo.de:8085\/fr\/product\/diesel-star-160-4-2-automatic-230v-mit-zubehoer-paket-1\/","title":{"rendered":"Diesel Star 160-4.2 &#8211; Automatic 230V mit Zubeh\u00f6r Paket 1"},"content":{"rendered":"<div class=\"sale_application\">\n<ul>\n<li>Remplir, pomper, transvaser, vider les citernes de diesel et de mazout<\/li>\n<\/ul>\n<\/div>\n<div class=\"sale_description\">\n<p>Die DIESEL STAR 160-4.2 &#8211; Automatic ist eine selbstansaugende elektrische 230-Volt-Dieselpumpe.<\/p>\n<p>Die 230 Volt Dieselpumpe <b>avec START\/STOP automatique<\/b> ist <b>selbstansaugend<\/b> nach erster Bef\u00fcllung\/Entl\u00fcftung. Die maximale F\u00f6rderleistung der 230V-Dieselpumpe betr\u00e4gt 2700 l\/ h, die maximale F\u00f6rderh\u00f6he 10 m.<\/p>\n<p>Die Automatik-Pumpe <b>mit R\u00fcckschlagventil<\/b> schaltet sich beim Bet\u00e4tigen der Zapfpistole selbst\u00e4ndig an und schaltet sich ab, wenn die Zapfpistole geschlossen wird. Das ist nicht nur bequem, sondern sch\u00fctzt die Pumpe vor unn\u00f6tigem Verschlei\u00df.<\/p>\n<p>Bitte beachten: Die F\u00f6rderleistung nimmt bei steigender F\u00f6rderh\u00f6he entsprechend ab.<\/p>\n<p>Das isolierende Kunststoffgeh\u00e4use der 230-Volt-Dieselpumpe sorgt f\u00fcr eine sichere Handhabung. Der Ein- und Ausschalter hat eine Sicherheitsvorrichtung.<\/p>\n<p>  <iframe width=\"560\" height=\"315\" src=\"https:\/\/www.youtube-nocookie.com\/embed\/4a2UMi1KyzQ?si=zdr4XyR7Phjm5wa0&#038;rel=0\" title=\"Lecteur vid\u00e9o YouTube\" frameborder=\"0\" allow=\"accelerometer; autoplay; clipboard-write; encrypted-media; gyroscope; picture-in-picture; web-share\" allowfullscreen=\"\"><\/iframe><\/p>\n<p>Alle Pumpen sind EINZELST\u00dcCK-gepr\u00fcft auf Ihre Funktion. Daher k\u00f6nnen Reste der Pr\u00fcffl\u00fcssigkeit in der Pumpe \/ Verpackung vorhanden sein.<\/p>\n<p>Die Pumpen und die Saugleitung sind bei der Inbetriebnahme blasenfrei mit Diesel zu bef\u00fcllen. Das R\u00fcckschlagventil muss unbedingt am Ende der Saugleitung montiert und dicht sein.<\/p>\n<\/p>\n<h3>Inklusive Zubeh\u00f6r Paket 1<\/h3>\n<p>Bew\u00e4hrte Qualit\u00e4t: Zubeh\u00f6r-Set f\u00fcr Dieselpumpen und Wasserpumpen! Diesel-Zapfpistole mit Schlauch, R\u00fcckschlagventil sowie Anschlusszubeh\u00f6r.<\/p>\n<p>Die Zapfpistole ist aus Aluminium gefertigt und kann sowohl bei Dieselpumpen, als auch Wasserpumpen zum Einsatz gebracht werden. Das R\u00fcckschlagventil besteht in Teilen aus hochwertigem Messing. Der PVC-Schlauch hat einen Durchmesser von 1 Zoll und eine L\u00e4nge von 6 Metern. Dieser kann problemlos selbst auf die gew\u00fcnschte L\u00e4nge zugeschnitten werden.<\/p>\n<p>Zum Dieselpumpen-Set erhalten Sie neben Zapfpistole, Schlauch und R\u00fcckschlagventil au\u00dferdem 2 Messing-T\u00fcllen (2 x 1 Zoll) und 2 Stahl-Schlauchschellen!<\/p>\n<p>Diese Aluminium-Zapfpistole mit Durchfluss-Verrastung sowie das mitgelieferte Zubeh\u00f6r sind sowohl f\u00fcr den Einsatz mit Dieselpumpen\/ Heiz\u00f6lpumpen\/ Kraftstoffpumpen, als auch f\u00fcr den Einsatz mit Wasserpumpen aller Art geeignet.<\/p>\n<\/p>\n<\/div>\n<h3>De nombreuses bonnes raisons d'acheter ce produit :<\/h3>\n<div class=\"sale_motive\">\n<ul>\n<li><b><font color=\"#ff0000\">Avec syst\u00e8me automatique START\/STOP pour une manipulation optimale et une protection de la pompe<\/font><\/b><\/li>\n<li>Puissant, auto-amor\u00e7ant et confortable<\/li>\n<li>Bew\u00e4hrte Qualit\u00e4t<\/li>\n<li>F\u00f6rdermenge max. 2.700l\/h<\/li>\n<li>Sichere Handhabung durch isolierendes Kunststoff-Geh\u00e4use<\/li>\n<li>Interrupteur \"marche\" et \"arr\u00eat\" avec dispositif de s\u00e9curit\u00e9<\/li>\n<\/ul>\n<ul>\n<li>mit zus\u00e4tzlichem Zubeh\u00f6r Paket 1, inkl. Schlauch, R\u00fcckschlagventil und Zapfpistole&#8230;<\/li>\n<\/ul>\n<\/div>","protected":false},"excerpt":{"rendered":"<p>230-Volt-Diesel-Pumpe mit Start\/Stop Automatik mit Zubeh\u00f6r Paket 1<br \/>\nF\u00f6rdermenge max. 2700 l\/h<br \/>\nselbstansaugend | kraftvoll | robust<\/p>","protected":false},"featured_media":36634,"comment_status":"open","ping_status":"closed","template":"","meta":[],"product_cat":[228,229,436],"product_tag":[],"class_list":{"0":"post-36635","1":"product","2":"type-product","3":"status-publish","4":"has-post-thumbnail","6":"product_cat-diesel-pumpen-sets","7":"product_cat-230v-pumpen","8":"product_cat-automatic-pumpen","10":"first","11":"instock","12":"taxable","13":"shipping-taxable","14":"purchasable","15":"product-type-simple"},"_links":{"self":[{"href":"http:\/\/igel.wovodo.de:8085\/fr\/wp-json\/wp\/v2\/product\/36635","targetHints":{"allow":["GET"]}}],"collection":[{"href":"http:\/\/igel.wovodo.de:8085\/fr\/wp-json\/wp\/v2\/product"}],"about":[{"href":"http:\/\/igel.wovodo.de:8085\/fr\/wp-json\/wp\/v2\/types\/product"}],"replies":[{"embeddable":true,"href":"http:\/\/igel.wovodo.de:8085\/fr\/wp-json\/wp\/v2\/comments?post=36635"}],"version-history":[{"count":3,"href":"http:\/\/igel.wovodo.de:8085\/fr\/wp-json\/wp\/v2\/product\/36635\/revisions"}],"predecessor-version":[{"id":38488,"href":"http:\/\/igel.wovodo.de:8085\/fr\/wp-json\/wp\/v2\/product\/36635\/revisions\/38488"}],"wp:featuredmedia":[{"embeddable":true,"href":"http:\/\/igel.wovodo.de:8085\/fr\/wp-json\/wp\/v2\/media\/36634"}],"wp:attachment":[{"href":"http:\/\/igel.wovodo.de:8085\/fr\/wp-json\/wp\/v2\/media?parent=36635"}],"wp:term":[{"taxonomy":"product_cat","embeddable":true,"href":"http:\/\/igel.wovodo.de:8085\/fr\/wp-json\/wp\/v2\/product_cat?post=36635"},{"taxonomy":"product_tag","embeddable":true,"href":"http:\/\/igel.wovodo.de:8085\/fr\/wp-json\/wp\/v2\/product_tag?post=36635"}],"curies":[{"name":"wp","href":"https:\/\/api.w.org\/{rel}","templated":true}]}}