{"id":36252,"date":"2024-12-03T18:08:40","date_gmt":"2024-12-03T17:08:40","guid":{"rendered":"http:\/\/igel.wovodo.de:8085\/product\/solar-brunnen-wasserspiel-granit-saeule-led-licht-neu\/"},"modified":"2025-01-27T12:28:39","modified_gmt":"2025-01-27T11:28:39","slug":"solar-brunnen-wasserspiel-granit-saeule-led-licht-neu","status":"publish","type":"product","link":"http:\/\/igel.wovodo.de:8085\/fr\/product\/solar-brunnen-wasserspiel-granit-saeule-led-licht-neu\/","title":{"rendered":"Solar &#8211; Brunnen Wasserspiel &#8220;GRANIT-S\u00c4ULE &#038; SCHALEN-3&#8221; mit Li-Ion-Akku &amp; LED-Licht (Neu)"},"content":{"rendered":"<div class=\"sale_application\">\n<ul>\n<li>Solarbetriebener Garten-Brunnen mit 5W Solarpanel und LiIon-Akku<\/li>\n<\/ul><\/div>\n<div class=\"sale_description\">\n<p>Le site <span class=\"high\">Solar-Brunnen &#8220;<strong>GRANIT-S\u00c4ULE &amp; SCHALEN-3<\/strong>&#8220;<\/span> setzt die Kraft der Sonne in flie\u00dfendes Wasser um. Hochwertige Komponenten bringen das Wasser in Bewegung, sobald das Sonnenlicht die Solarfl\u00e4che erreicht. Je st\u00e4rker die Sonne, umso intensiver wird das Wasserspiel! Das beruhigende Rauschen des Wassers gibt jedem Balkon und jeder Terasse eine besondere Note und das im Sonnenlicht funkelnde Wasser ist stets der perfekte Blickfang. Flie\u00dfendes Wasser sorgt f\u00fcr noch mehr Wohlgef\u00fchl in Ihrem Garten und sorgt f\u00fcr ein angenehmes Mikroklima an hei\u00dfen Sommertagen. <\/p>\n<p><iframe width=\"560\" height=\"315\" src=\"https:\/\/www.youtube-nocookie.com\/embed\/ZbQ5-yViEWo?si=G9tYyuAAiM0KrfIf&#038;rel=0\" title=\"Lecteur vid\u00e9o YouTube\" frameborder=\"0\" allow=\"accelerometer; autoplay; clipboard-write; encrypted-media; gyroscope; picture-in-picture; web-share\" referrerpolicy=\"strict-origin-when-cross-origin\" allowfullscreen><\/iframe><\/p>\n<p class=\"high\">Solar &#8211; Brunnen GRANIT-S\u00c4ULE &amp; SCHALEN-3 &#8211; Das Lebensgef\u00fchl f\u00fcr Ihre Sonnen-Oase! <\/p>\n<p>Das innovative Solar-Pumpensystem garantiert Ihnen jahrelange Freude. Es hat eine Lebensdauer \u00fcber 60.000 Stunden, in denen Sie die sch\u00f6nen Font\u00e4nen bewundern k\u00f6nnen, ohne an die stetig wachsenden Strompreise denken zu m\u00fcssen.\n<\/p>\n<p><strong>Produkt-Info zum Li-Ion-Akku:<\/strong><\/p>\n<p>Die innovativen Li-Ion-Akkus haben keinen Memory-Effekt. Das ist besonders bei h\u00e4ufigen Auf- und Entladevorg\u00e4ngen wie bei Solarteichpumpen enorm wichtig, um langfristig die <strong>optimale Akku-Kapazit\u00e4t<\/strong> zu erreichen. Die Li-Ion-Akkus sind wesentlich besser bez\u00fcglich Temperaturschwankungen als herk\u00f6mmliche Akkus. Es erwartet Sie ein l\u00e4nger andauerndes und lebendigeres Wasserspiel. Die Funktion des Solar-Brunnens startet bereits bei minimaler Aufladung &#8211; automatisch! Als <strong>Schutz vor Tiefentladung<\/strong> erfolgt eine automatische Abschaltung bei Erreichen des Mindest-Endladezustands. <strong>Kein Akku-Wechsel erforderlich!<\/strong> <b><font color=\"#048610\">Insgesamt haben die Li-Ion-Akkus im Vergleich zu herk\u00f6mmlichen Akkus eine 3 mal l\u00e4ngere Laufzeit und eine bis zu 10-FACHE Lebensdauer beim Betrieb mit Solarteichpumpen!<br \/><\/font><\/b><\/p>\n<p><b>Akku im Solarpanel nicht gen\u00fcgend aufgeladen ist, da dieses bei Auslieferung nur bis zu 30% Kapazit\u00e4t hat.<br \/>\nBitte lassen Sie das Solarpanel erst einmal 2 Tage aufladen, bevor Sie es benutzen.<\/b><\/p>\n<p style=\"font-size:11px;\"><b>Avis juridique :<\/b> Nos produits sont color\u00e9s individuellement \u00e0 la main, des diff\u00e9rences de couleur ne peuvent donc pas \u00eatre \u00e9vit\u00e9es. En outre, en raison des conditions d'\u00e9clairage lors de la photographie du produit et des diff\u00e9rents r\u00e9glages de l'\u00e9cran, il peut arriver que la couleur du produit ne soit pas reproduite de mani\u00e8re authentique et ne constitue donc pas un motif de r\u00e9clamation.<\/p>\n<p><p><b>Remarque :<\/b> Le gel peut endommager la fontaine de jardin et la pompe. En cas de risque de gel, il faut <b>la fontaine de jardin et la pompe doivent \u00eatre vid\u00e9es<\/b>Rinc\u00e9s \u00e0 l'eau claire, ils doivent \u00eatre stock\u00e9s au sec. Vous en profiterez alors tr\u00e8s longtemps !<\/p>\n<\/p>\n<\/div>\n<h3>De nombreuses bonnes raisons d'acheter ce produit :<\/h3>\n<div class=\"sale_motive\">\n<ul>\n<li>2 Jahre Garantie, Lebensdauer \u00fcber 60.000 Betriebsstunden*(Hinweis weiter unten)\n<\/li>\n<li>Das beruhigende Rauschen des Wassers im <span class=\"high\">Garten<\/span>, auf dem <span class=\"high\">Balkon<\/span> oder der <span class=\"high\">Terrasse<\/span>\n<\/li>\n<li class=\"high\">Tag- und Nachtbetrieb m\u00f6glich\n  <\/li>\n<li>innovative Lithium-Akku-Technologie\n<\/li>\n<li>steckfertiges Solarpumpensystem &#8211; sofort einsatzbereit\n<\/li>\n<li>hochwertiges Solarpanel im&nbsp;<span style=\"color: rgb(255,0,0)\"><strong><span style=\"color: black\"><strong>stabilen, bruchfesten ALU-RAHMEN<\/strong><\/span><\/strong><\/span> mit einer Leistung von 5 Watt\n<\/li>\n<li>integrierter Filter sch\u00fctzt die Pumpe (l\u00e4sst sich leicht reinigen)\n<\/li>\n<li>einstellbarer Winkel des Solarmoduls und 5 Meter Anschlusskabel machen eine optimale Platzierung des Panels im sonnigen Bereich m\u00f6glich<\/li>\n<\/ul>\n<p>*Garantie gilt nur f\u00fcr Teichpumpe, nicht Solarpanel, Figure oder Kabel.<\/p>\n<\/div>","protected":false},"excerpt":{"rendered":"<p>Solarbrunnen f\u00fcr Ihren Garten, Balkon oder Terrasse<br \/>\n  mit 5W Solarpanel, F\u00f6rderh\u00f6he max. 250l\/h<\/p>\n<p><b>Mit Li-Ion-Akku<\/b><\/p>","protected":false},"featured_media":39467,"comment_status":"open","ping_status":"closed","template":"","meta":[],"product_cat":[318,334,278,178,244],"product_tag":[],"class_list":{"0":"post-36252","1":"product","2":"type-product","3":"status-publish","4":"has-post-thumbnail","6":"product_cat-gartenbrunnen","7":"product_cat-startseite-oeko","8":"product_cat-brunnen-mit-solar-betrieb","9":"product_cat-garten-u-zimmer-brunnen","10":"product_cat-startseite-pumpe","12":"first","13":"instock","14":"taxable","15":"shipping-taxable","16":"purchasable","17":"product-type-simple"},"_links":{"self":[{"href":"http:\/\/igel.wovodo.de:8085\/fr\/wp-json\/wp\/v2\/product\/36252","targetHints":{"allow":["GET"]}}],"collection":[{"href":"http:\/\/igel.wovodo.de:8085\/fr\/wp-json\/wp\/v2\/product"}],"about":[{"href":"http:\/\/igel.wovodo.de:8085\/fr\/wp-json\/wp\/v2\/types\/product"}],"replies":[{"embeddable":true,"href":"http:\/\/igel.wovodo.de:8085\/fr\/wp-json\/wp\/v2\/comments?post=36252"}],"version-history":[{"count":6,"href":"http:\/\/igel.wovodo.de:8085\/fr\/wp-json\/wp\/v2\/product\/36252\/revisions"}],"predecessor-version":[{"id":39468,"href":"http:\/\/igel.wovodo.de:8085\/fr\/wp-json\/wp\/v2\/product\/36252\/revisions\/39468"}],"wp:featuredmedia":[{"embeddable":true,"href":"http:\/\/igel.wovodo.de:8085\/fr\/wp-json\/wp\/v2\/media\/39467"}],"wp:attachment":[{"href":"http:\/\/igel.wovodo.de:8085\/fr\/wp-json\/wp\/v2\/media?parent=36252"}],"wp:term":[{"taxonomy":"product_cat","embeddable":true,"href":"http:\/\/igel.wovodo.de:8085\/fr\/wp-json\/wp\/v2\/product_cat?post=36252"},{"taxonomy":"product_tag","embeddable":true,"href":"http:\/\/igel.wovodo.de:8085\/fr\/wp-json\/wp\/v2\/product_tag?post=36252"}],"curies":[{"name":"wp","href":"https:\/\/api.w.org\/{rel}","templated":true}]}}