{"id":30849,"date":"2024-10-31T14:13:46","date_gmt":"2024-10-31T13:13:46","guid":{"rendered":"http:\/\/igel.wovodo.de:8085\/product\/solar-gartenbrunnen-granit-black-2-schwarzgrau-mit-led-licht-und-li-ion-akku\/"},"modified":"2025-01-27T12:32:35","modified_gmt":"2025-01-27T11:32:35","slug":"solar-gartenbrunnen-granit-black-2-schwarzgrau-mit-led-licht-und-li-ion-akku","status":"publish","type":"product","link":"http:\/\/igel.wovodo.de:8085\/fr\/product\/solar-gartenbrunnen-granit-black-2-schwarzgrau-mit-led-licht-und-li-ion-akku\/","title":{"rendered":"Solar Gartenbrunnen GRANIT-BLACK-2 (schwarzgrau)  mit LED-Licht und Li-Ion-Akku"},"content":{"rendered":"<div class=\"sale_application\">\n<p>Solarbetriebener Garten-Brunnen mit Li-Ion Akku und LED-Lichter<\/p>\n<\/p><\/div>\n<div class=\"sale_description\">\n<p>Le site <b><br \/>\nSolar Gartenbrunnen GRANIT-BLACK-2 (schwarzgrau) <\/b> setzt die Kraft der Sonne in flie\u00dfendes Wasser um. Hochwertige Komponenten bringen das Wasser in Bewegung, sobald das Sonnenlicht die Solarfl\u00e4che erreicht. Je st\u00e4rker die Sonne, umso intensiver wird das Wasserspiel! Das beruhigende Rauschen des Wassers gibt jedem Garten eine besondere Note und das im Sonnenlicht funkelnde Wasser ist stets der perfekte Blickfang. Flie\u00dfendes Wasser sorgt f\u00fcr noch mehr Wohlgef\u00fchl. An hei\u00dfen Sommertagen unterst\u00fctzt der Gartenbrunnen ein angenehmes Mikroklima.<\/p>\n<p><strong>Tag- und Nachtbetrieb<\/strong><\/p>\n<p>Die im Brunnen verbaute Solarpumpe ist nicht nur f\u00fcr den Betrieb bei Sonneneinstrahlung ausgelegt, wie herk\u00f6mmliche Solarbrunnen. Dieser Solar Gartenbrunnen GRANIT-BLACK-2 hat einen Akku. Die maximale F\u00f6rderleistung wird bei optimalen Bedingungen erreicht. Im Solarpanel ist ein Akku verbaut, der die Pumpe bei Sonneneinstrahlung aufl\u00e4dt, um den Betrieb des Solar-Wasserspiels auch nach Sonnenuntergang oder bei ung\u00fcnstigen Lichtverh\u00e4ltnissen aufrecht zu erhalten. Die Pumpe schaltet sich am n\u00e4chsten Tag automatisch in den Solarmodus, wenn die Sonne scheint. Die Akku-Funktion kann aber auch ausgeschaltet werden.<\/p>\n<p><strong>Individuelle Platzierung<\/strong><\/p>\n<p>Das solarbetriebene System k\u00f6nnen Sie an jeder Stelle in Ihrem Garten platzieren. Sie sind an keine Steckdose gebunden und das l\u00e4stige Verlegen des 230V-Kabels entf\u00e4llt. Au\u00dferdem k\u00f6nnen Sie das Solarsystem nach Ihrem Geschmack effektvoll Positionieren. Eine sichere Nutzung ist durch den Anschluss an das Solarpanel gegeben (gegen\u00fcber der 230V Steckdose). Kein \u00c4rger mehr mit den durch Nagetiere besch\u00e4digten Kabeln und dadurch verursachten Stromausf\u00e4llen. Bitte bedenken Sie, dass das Solarpanel stets im vollen Sonnenlicht zu platzieren und auszurichten ist, da sonst keine Pumpenfunktion garantiert werden kann.<\/p>\n<p><strong>Produkt-Info zum Li-Ion-Akku:<\/strong><\/p>\n<p>Die innovativen Li-Ion-Akkus haben keinen Memory-Effekt. Das ist besonders bei h\u00e4ufigen Auf- und Entladevorg\u00e4ngen wie bei Solarteichpumpen enorm wichtig, um langfristig die <strong>optimale Akku-Kapazit\u00e4t<\/strong> zu erreichen. Die Li-Ion-Akkus sind wesentlich besser bez\u00fcglich Temperaturschwankungen als herk\u00f6mmliche Akkus. Es erwartet Sie ein l\u00e4nger andauerndes und lebendigeres Wasserspiel. Die Funktion des Solar-Brunnens startet bereits bei minimaler Aufladung &#8211; automatisch! Als <strong>Schutz vor Tiefentladung<\/strong> erfolgt eine automatische Abschaltung bei Erreichen des Mindest-Endladezustands. <strong>Kein Akku-Wechsel erforderlich!<\/strong> <b><font color=\"#048610\">Insgesamt haben die Li-Ion-Akkus im Vergleich zu herk\u00f6mmlichen Akkus eine 3 mal l\u00e4ngere Laufzeit und eine bis zu 10-FACHE Lebensdauer beim Betrieb mit Solarteichpumpen!<br \/><\/font><\/b><\/p>\n<p><b>Akku im Solarpanel nicht gen\u00fcgend aufgeladen ist, da dieses bei Auslieferung nur bis zu 30% Kapazit\u00e4t hat.<br \/>\nBitte lassen Sie das Solarpanel erst einmal 2 Tage aufladen, bevor Sie es benutzen.<\/b><\/p>\n<p style=\"font-size:11px;\"><b>Avis juridique :<\/b> Nos produits sont color\u00e9s individuellement \u00e0 la main, des diff\u00e9rences de couleur ne peuvent donc pas \u00eatre \u00e9vit\u00e9es. En outre, en raison des conditions d'\u00e9clairage lors de la photographie du produit et des diff\u00e9rents r\u00e9glages de l'\u00e9cran, il peut arriver que la couleur du produit ne soit pas reproduite de mani\u00e8re authentique et ne constitue donc pas un motif de r\u00e9clamation.<\/p>\n<p><p><b>Remarque :<\/b> Le gel peut endommager la fontaine de jardin et la pompe. En cas de risque de gel, il faut <b>la fontaine de jardin et la pompe doivent \u00eatre vid\u00e9es<\/b>Rinc\u00e9s \u00e0 l'eau claire, ils doivent \u00eatre stock\u00e9s au sec. Vous en profiterez alors tr\u00e8s longtemps !<\/p>\n<\/p>\n<\/div>\n<h3>De nombreuses bonnes raisons d'acheter ce produit :<\/h3>\n<div class=\"sale_motive\">\n<ul>\n<li>Steckfertiges Solarpumpensystem &#8211; <strong>sofort einsatzbereit<\/strong><\/li>\n<li><strong>Tag- und Nachtbetrieb<\/strong> durch Solar- und Akku-Betrieb<\/li>\n<li>Mit LED-Licht f\u00fcr den Nachtbetrieb<\/li>\n<li>F\u00fcr <strong>Garten<\/strong>, dem <strong>Balkon<\/strong> oder die <strong>Terrasse<\/strong><\/li>\n<li>Hochwertiges Solarpanel im <strong>stabilen bruchfesten ALU-RAHMEN<\/strong> mit einer Leistung von 2 Watt<\/li>\n<li>Es wird kein zus\u00e4tzlicher Strom verbraucht &#8211; Betrieb ohne Folgekosten<\/li>\n<li>Das Verlegen von 230V-Kabeln im Garten entf\u00e4llt<\/li>\n<li>Integrierter Filter sch\u00fctzt die Pumpe (l\u00e4sst sich leicht reinigen)<\/li>\n<li><strong>Sch\u00f6nes Design &#8211; der perfekte Blickfang!<\/strong><\/li>\n<li>Einstellbarer Winkel des Solarmoduls und 5 Meter Anschlusskabel machen eine optimale Platzierung des Panels im sonnigen Bereich m\u00f6glich<\/li>\n<\/ul>\n<p>*Garantie gilt nur f\u00fcr die Teichpumpe, nicht f\u00fcr das Solarpanel, Figure oder die Kabel.<\/p>\n<\/div>","protected":false},"excerpt":{"rendered":"<p>Hochwertiges, solarbetriebenes Pumpensystem f\u00fcr den Au\u00dfenbereich &#8211; mit LED-Beleuchtung.<br \/>\nDer perfekte Blickfang im Garten!<br \/>\nTag- und Nachtbetrieb!<\/p>","protected":false},"featured_media":37761,"comment_status":"open","ping_status":"closed","template":"","meta":[],"product_cat":[318,278],"product_tag":[],"class_list":{"0":"post-30849","1":"product","2":"type-product","3":"status-publish","4":"has-post-thumbnail","6":"product_cat-gartenbrunnen","7":"product_cat-brunnen-mit-solar-betrieb","9":"first","10":"instock","11":"sale","12":"taxable","13":"shipping-taxable","14":"purchasable","15":"product-type-simple"},"_links":{"self":[{"href":"http:\/\/igel.wovodo.de:8085\/fr\/wp-json\/wp\/v2\/product\/30849","targetHints":{"allow":["GET"]}}],"collection":[{"href":"http:\/\/igel.wovodo.de:8085\/fr\/wp-json\/wp\/v2\/product"}],"about":[{"href":"http:\/\/igel.wovodo.de:8085\/fr\/wp-json\/wp\/v2\/types\/product"}],"replies":[{"embeddable":true,"href":"http:\/\/igel.wovodo.de:8085\/fr\/wp-json\/wp\/v2\/comments?post=30849"}],"version-history":[{"count":2,"href":"http:\/\/igel.wovodo.de:8085\/fr\/wp-json\/wp\/v2\/product\/30849\/revisions"}],"predecessor-version":[{"id":38810,"href":"http:\/\/igel.wovodo.de:8085\/fr\/wp-json\/wp\/v2\/product\/30849\/revisions\/38810"}],"wp:featuredmedia":[{"embeddable":true,"href":"http:\/\/igel.wovodo.de:8085\/fr\/wp-json\/wp\/v2\/media\/37761"}],"wp:attachment":[{"href":"http:\/\/igel.wovodo.de:8085\/fr\/wp-json\/wp\/v2\/media?parent=30849"}],"wp:term":[{"taxonomy":"product_cat","embeddable":true,"href":"http:\/\/igel.wovodo.de:8085\/fr\/wp-json\/wp\/v2\/product_cat?post=30849"},{"taxonomy":"product_tag","embeddable":true,"href":"http:\/\/igel.wovodo.de:8085\/fr\/wp-json\/wp\/v2\/product_tag?post=30849"}],"curies":[{"name":"wp","href":"https:\/\/api.w.org\/{rel}","templated":true}]}}