{"id":30733,"date":"2024-10-31T14:12:33","date_gmt":"2024-10-31T13:12:33","guid":{"rendered":"http:\/\/igel.wovodo.de:8085\/product\/bachlauf-quellbach-ii-dunkel-grau-grosse-erweiterungs-schale\/"},"modified":"2025-01-27T12:31:52","modified_gmt":"2025-01-27T11:31:52","slug":"bachlauf-quellbach-ii-dunkel-grau-grosse-erweiterungs-schale","status":"publish","type":"product","link":"http:\/\/igel.wovodo.de:8085\/fr\/product\/bachlauf-quellbach-ii-dunkel-grau-grosse-erweiterungs-schale\/","title":{"rendered":"Bachlauf QUELLBACH II dunkel-grau &#8211; gro\u00dfe Erweiterungs-Schale"},"content":{"rendered":"<div class=\"sale_application\">\n<ul>\n<li>Erweiterungs-Schale f\u00fcr das Produkt &#8220;Bachlauf QUELLBACH II&#8221;<\/li>\n<\/ul><\/div>\n<div class=\"sale_description\">\n<p><strong>D\u00e9coratif &amp; bienfaisant<\/strong><br \/>\nEin naturgetreuer Bachlauf in Naturstein-Optik wertet jeden Garten auf und sorgt f\u00fcr eine tolle Atmosph\u00e4re und Entspannung. Flie\u00dfendes Wasser wirkt sich positiv auf die Stimmung aus und liefert ein angenehmes Mikroklima an hei\u00dfen Sommertagen. Bei diesem Angebot k\u00f6nnen Sie eine <b>Erweiterungsschale<\/b> f\u00fcr den Artikel <b>&#8220;Bachlauf QUELLBACH II&#8221;<\/b> erwerben. Die gro\u00dfe Erweiterungsschale kommt in der Farbe <b>dunkel-grau<\/b>.<\/p>\n<p><\/p>\n<p><strong>Individuelle Bachlauf-Gestaltung<\/strong>\n  <\/p>\n<p>Mit der Erweiterungsschale k\u00f6nnen Sie den 3-teiligen Gartenbrunnen Bachlauf QUELLBACH II erweitern und beliebig zusammensetzen. Ihr Bachlauf kann so den vorhandenen Platzverh\u00e4ltnissen optimal angepasst und individuell gestaltet werden. Die massive Schale ist robust, schwer, frostsicher sowie wind- und wetterfest.<\/p>\n<p>Das Komplett-Set Quellbach II mit Erweiterungsschale kann sogar als Garten- oder Zimmerbrunnen ohne Zugang zu einem Teich oder Bach eingesetzt werden. Hier ist einfach ein weiterer Beh\u00e4lter notwendig, um einen geschlossenen Wasserkreislauf zu gew\u00e4hrleisten.<\/p>\n<p><\/p>\n<p><strong>Werthaltig &amp; best\u00e4ndig<\/strong><br \/>\n  S\u00e4mtliche Komponenten des Komplett-Sets sind absolut funktionssicher, langlebig und dank praktischer Steckverbindungen jederzeit austauschbar. Alle Einzelschalen des Quellbachs &#8211; die obere Schale mit Pumpenanschluss sowie die gro\u00dfe Erg\u00e4nzungsschale aus diesem Angebot k\u00f6nnen ersetzt werden. So k\u00f6nnen Sie den Bachlauf und das flie\u00dfende Wasser jahrelang genie\u00dfen!<\/p>\n<p><b>Remarque :<\/b> Le gel peut endommager la fontaine de jardin et la pompe. En cas de risque de gel, il faut <b>la fontaine de jardin et la pompe doivent \u00eatre vid\u00e9es<\/b>Rinc\u00e9s \u00e0 l'eau claire, ils doivent \u00eatre stock\u00e9s au sec. Vous en profiterez alors tr\u00e8s longtemps !<\/p>\n<\/div>\n<h3>De nombreuses bonnes raisons d'acheter ce produit :<\/h3>\n<div class=\"sale_motive\">\n<ul>\n<li>Erg&auml;nzungs- und Erweiterungsschale f&uuml;r den Gartenbrunnen Bachlauf Quellbach II<\/li>\n<li>f&uuml;r eine individuelle Anordnung der Schalen<\/li>\n<li>f&uuml;r eine Erweiterung bei viel Platz<\/li>\n<li>stabil, bruchfest &amp; langlebig<\/li>\n<li>einfach zu montieren<\/li>\n<\/ul>\n<\/div>","protected":false},"excerpt":{"rendered":"<p>Bachlauf QUELLBACH II dunkel-grau<br \/>\n  gro\u00dfe Erweiterungs-Schale f\u00fcr das Produkt &#8220;Bachlauf QUELLBACH II&#8221;<\/p>","protected":false},"featured_media":36956,"comment_status":"open","ping_status":"closed","template":"","meta":[],"product_cat":[357],"product_tag":[],"class_list":{"0":"post-30733","1":"product","2":"type-product","3":"status-publish","4":"has-post-thumbnail","6":"product_cat-bachlauf","8":"first","9":"instock","10":"taxable","11":"shipping-taxable","12":"purchasable","13":"product-type-simple"},"_links":{"self":[{"href":"http:\/\/igel.wovodo.de:8085\/fr\/wp-json\/wp\/v2\/product\/30733","targetHints":{"allow":["GET"]}}],"collection":[{"href":"http:\/\/igel.wovodo.de:8085\/fr\/wp-json\/wp\/v2\/product"}],"about":[{"href":"http:\/\/igel.wovodo.de:8085\/fr\/wp-json\/wp\/v2\/types\/product"}],"replies":[{"embeddable":true,"href":"http:\/\/igel.wovodo.de:8085\/fr\/wp-json\/wp\/v2\/comments?post=30733"}],"version-history":[{"count":2,"href":"http:\/\/igel.wovodo.de:8085\/fr\/wp-json\/wp\/v2\/product\/30733\/revisions"}],"predecessor-version":[{"id":38782,"href":"http:\/\/igel.wovodo.de:8085\/fr\/wp-json\/wp\/v2\/product\/30733\/revisions\/38782"}],"wp:featuredmedia":[{"embeddable":true,"href":"http:\/\/igel.wovodo.de:8085\/fr\/wp-json\/wp\/v2\/media\/36956"}],"wp:attachment":[{"href":"http:\/\/igel.wovodo.de:8085\/fr\/wp-json\/wp\/v2\/media?parent=30733"}],"wp:term":[{"taxonomy":"product_cat","embeddable":true,"href":"http:\/\/igel.wovodo.de:8085\/fr\/wp-json\/wp\/v2\/product_cat?post=30733"},{"taxonomy":"product_tag","embeddable":true,"href":"http:\/\/igel.wovodo.de:8085\/fr\/wp-json\/wp\/v2\/product_tag?post=30733"}],"curies":[{"name":"wp","href":"https:\/\/api.w.org\/{rel}","templated":true}]}}