{"id":30710,"date":"2024-10-31T14:12:20","date_gmt":"2024-10-31T13:12:20","guid":{"rendered":"http:\/\/igel.wovodo.de:8085\/product\/tauchpumpe-regen-star-automatic-600-10-mit-schwimmender-entnahme\/"},"modified":"2025-01-27T12:31:46","modified_gmt":"2025-01-27T11:31:46","slug":"tauchpumpe-regen-star-automatic-600-10-mit-schwimmender-entnahme","status":"publish","type":"product","link":"http:\/\/igel.wovodo.de:8085\/fr\/product\/tauchpumpe-regen-star-automatic-600-10-mit-schwimmender-entnahme\/","title":{"rendered":"Tauchpumpe REGEN-STAR-AUTOMATIC 600-10 mit Schwimmender Entnahme"},"content":{"rendered":"<div class=\"sale_application\">\n<ul>\n<li>zur Hauswasserversorgung\n<\/li>\n<li>zur Bew\u00e4sserung\n<\/li>\n<li>zur Beregnung\n<\/li>\n<li>f\u00fcr Anwendungen im Umweltschutz\n<\/li>\n<li>zur Regenwassernutzung\n<\/li>\n<li>zum Bef\u00fcllen bzw. Entleeren von Beh\u00e4ltern <\/li>\n<li>f\u00fcr Druckerh\u00f6hungsanlage<\/li>\n<\/ul><\/div>\n<div class=\"sale_description\">\n<p>Die hochwertige mehrstufige Tauchdruckpumpe <b>Tauchpumpe REGEN-STAR-AUTOMATIC 600-10 mit Schwimmender Entnahme<\/b> ist optimal geeignet f\u00fcr die F\u00f6rderung von klarem Wasser aus Beh\u00e4ltern oder zum Einsatz mit einer Druckerh\u00f6hungsanlage. Die Tauchpumpe Tauchpumpe REGEN-STAR-AUTOMATIC 600-10 mit Schwimmender Entnahme  f\u00f6rdert das Wasser mit einem Druck von 4,5bar  (\u00fcblicher Leitungsdruck) an die Abnahmestellen im Haus oder Garten. Sie kann sowohl waagrecht als auch senkrecht betrieben werden. Die Tauchpumpe kann an eine schwimmende Entnahme angeschlossen werden, sodass Wasser von der Oberfl\u00e4che entnommen wird. Dadurch wird einer Ansaugung von Bodensediment vorgebeugt, was ein gro\u00dfer Vorteil ist. Die Tauchpumpe zeichnet sich durch ausgesprochene Laufruhe und ger\u00e4uscharmen Betrieb aus.<\/p>\n<p>Die Tauchdruckpumpe ist speziell geeignet f\u00fcr Regenwassernutzung, Bew\u00e4sserung, Druckanlangen, allgemeine industrielle und zivile Zwecke. Die Pumpe ist f\u00fcr Dauerbetrieb bestens geeignet. Aufgrund der Verwendung hochwertiger rostfreier Werkstoffe, europ\u00e4ischer Fertigung und sorgf\u00e4ltiger Qualit\u00e4tskontrolle mit strengen elektrischen und hydraulischen Pr\u00fcfungen, arbeitet die Pumpe wartungsfrei.<\/p>\n<p>Bei Einsatz in der Regenwassernutzung mu\u00df das Wasser ausreichend, bis auf mind. 0,2mm vorgefiltert und frei von Fremdpartikeln sein. Durch den horizontalen Betrieb kann, im Gegensatz zu vertikalen Pumpen, wesentlich mehr Wasser aus dem Wasserspeicher entnommen werden. Dadurch erh\u00f6ht sich das Nutzvolumen des Wasserbeh\u00e4lters um bis zu 50% (etwa bei Flachtanks). Bei Verwendung als Zisternenpumpe empfehlen wir, das optional erh\u00e4ltliche Ansaug-Set, bestehend aus 0,5m Schlauch, Filterkorb und Schwimmer-Kugel (Sonderzubeh\u00f6r) dazu zu erwerben. Dieses wird an der Saugseite der Pumpe angeschlossen und sorgt f\u00fcr die Entnahme von sauberem Wasser knapp unterhalb der Wasseroberfl\u00e4che, was die Pumpenlebensdauer und die Funktionsf\u00e4higket wesentlich erh\u00f6ht.<\/p>\n<\/div>\n<h3>De nombreuses bonnes raisons d'acheter ce produit :<\/h3>\n<div class=\"sale_motive\">\n<ul>\n<li>Solide Qualit\u00e4ts-Tauchdruckpumpe mit max <span class=\"high\">4,5bar <\/span> und max <span class=\"high\">5700L\/h<\/span>\n  <\/li>\n<li>leistungsstark\n<\/li>\n<li>besonders zuverl\u00e4ssig\n<\/li>\n<li>horizontaler und vertikaler Betrieb m\u00f6glich\n<\/li>\n<li>hochwertiges Edelstahlgeh\u00e4use\n<\/li>\n<li>longue dur\u00e9e de vie\n  <\/li>\n<li>wartungsfrei\n<\/li>\n<li>Anschluss f\u00fcr schwimmende Entnahme &#8211; optimal f\u00fcr Regenwassernutzung<\/li>\n<\/ul>\n<\/div>","protected":false},"excerpt":{"rendered":"<p>zur Hauswasserversorgung zur Bew\u00e4sserung zur Beregnung f\u00fcr Anwendungen im Umweltschutz zur Regenwassernutzung zum Bef\u00fcllen bzw. Entleeren von Beh\u00e4ltern f\u00fcr Druckerh\u00f6hungsanlage<\/p>","protected":false},"featured_media":33745,"comment_status":"open","ping_status":"closed","template":"","meta":[],"product_cat":[280,281,366,243],"product_tag":[],"class_list":{"0":"post-30710","1":"product","2":"type-product","3":"status-publish","4":"has-post-thumbnail","6":"product_cat-hochdruckpumpe","7":"product_cat-tauchdruck-pumpen","8":"product_cat-eu-produktion-tauchpumpen","9":"product_cat-regenwasser-pumpen","11":"first","12":"instock","13":"taxable","14":"shipping-taxable","15":"purchasable","16":"product-type-simple"},"_links":{"self":[{"href":"http:\/\/igel.wovodo.de:8085\/fr\/wp-json\/wp\/v2\/product\/30710","targetHints":{"allow":["GET"]}}],"collection":[{"href":"http:\/\/igel.wovodo.de:8085\/fr\/wp-json\/wp\/v2\/product"}],"about":[{"href":"http:\/\/igel.wovodo.de:8085\/fr\/wp-json\/wp\/v2\/types\/product"}],"replies":[{"embeddable":true,"href":"http:\/\/igel.wovodo.de:8085\/fr\/wp-json\/wp\/v2\/comments?post=30710"}],"version-history":[{"count":1,"href":"http:\/\/igel.wovodo.de:8085\/fr\/wp-json\/wp\/v2\/product\/30710\/revisions"}],"predecessor-version":[{"id":35320,"href":"http:\/\/igel.wovodo.de:8085\/fr\/wp-json\/wp\/v2\/product\/30710\/revisions\/35320"}],"wp:featuredmedia":[{"embeddable":true,"href":"http:\/\/igel.wovodo.de:8085\/fr\/wp-json\/wp\/v2\/media\/33745"}],"wp:attachment":[{"href":"http:\/\/igel.wovodo.de:8085\/fr\/wp-json\/wp\/v2\/media?parent=30710"}],"wp:term":[{"taxonomy":"product_cat","embeddable":true,"href":"http:\/\/igel.wovodo.de:8085\/fr\/wp-json\/wp\/v2\/product_cat?post=30710"},{"taxonomy":"product_tag","embeddable":true,"href":"http:\/\/igel.wovodo.de:8085\/fr\/wp-json\/wp\/v2\/product_tag?post=30710"}],"curies":[{"name":"wp","href":"https:\/\/api.w.org\/{rel}","templated":true}]}}